{"id":628662,"date":"2025-08-07T20:27:26","date_gmt":"2025-08-07T18:27:26","guid":{"rendered":"https:\/\/lucacastelli.com\/prodotto\/cles-mixtes-milwaukee-max-bite-15\/"},"modified":"2025-08-07T20:27:26","modified_gmt":"2025-08-07T18:27:26","slug":"cles-mixtes-milwaukee-max-bite-15","status":"publish","type":"product","link":"https:\/\/lucacastelli.com\/fr\/produit\/cles-mixtes-milwaukee-max-bite-15\/","title":{"rendered":"Cl\u00e9s mixtes Milwaukee MAX BITE\u2122"},"content":{"rendered":"<p>CL\u00c9 COMBIN\u00c9E 17mm Maxbite Series 1pcs<br \/>\nL&#8217;ouverture MAX BITE\u2122 r\u00e9duit la flexion et l&#8217;\u00e9caillage;Confort maximal gr\u00e2ce au design arrondi;S\u00e9rigraphie laser avec encre pour une meilleure visibilit\u00e9;Inclinaison de 15\u00b0 pour un meilleur acc\u00e8s lors de l&#8217;application;Finition chrom\u00e9e<\/p>\n<p>4932471525<br \/>\n4058546294243.<\/p>\n","protected":false},"excerpt":{"rendered":"<p>Cl\u00e9 combin\u00e9e 17mm Maxbite Series 1 pc<\/p>\n","protected":false},"featured_media":536844,"template":"","meta":{"_seopress_robots_primary_cat":"","_seopress_titles_title":"","_seopress_titles_desc":"","_seopress_robots_index":""},"product_brand":[3407],"product_cat":[5416,33],"product_tag":[3270],"class_list":{"0":"post-628662","1":"product","2":"type-product","3":"status-publish","4":"has-post-thumbnail","6":"product_brand-milwaukee","7":"product_cat-utensili-per-officina","8":"product_cat-attrezzature","9":"product_tag-import-milwau","10":"sws-conto-ricavi-merci-rivendita-macchinari-fr","11":"sws-gruppo-iva-iva81-fr","13":"first","14":"onbackorder","15":"sale","16":"shipping-taxable","17":"purchasable","18":"product-type-simple"},"_links":{"self":[{"href":"https:\/\/lucacastelli.com\/fr\/wp-json\/wp\/v2\/product\/628662","targetHints":{"allow":["GET"]}}],"collection":[{"href":"https:\/\/lucacastelli.com\/fr\/wp-json\/wp\/v2\/product"}],"about":[{"href":"https:\/\/lucacastelli.com\/fr\/wp-json\/wp\/v2\/types\/product"}],"wp:featuredmedia":[{"embeddable":true,"href":"https:\/\/lucacastelli.com\/fr\/wp-json\/wp\/v2\/media\/536844"}],"wp:attachment":[{"href":"https:\/\/lucacastelli.com\/fr\/wp-json\/wp\/v2\/media?parent=628662"}],"wp:term":[{"taxonomy":"product_brand","embeddable":true,"href":"https:\/\/lucacastelli.com\/fr\/wp-json\/wp\/v2\/product_brand?post=628662"},{"taxonomy":"product_cat","embeddable":true,"href":"https:\/\/lucacastelli.com\/fr\/wp-json\/wp\/v2\/product_cat?post=628662"},{"taxonomy":"product_tag","embeddable":true,"href":"https:\/\/lucacastelli.com\/fr\/wp-json\/wp\/v2\/product_tag?post=628662"}],"curies":[{"name":"wp","href":"https:\/\/api.w.org\/{rel}","templated":true}]}}