{"id":628606,"date":"2025-08-07T20:14:21","date_gmt":"2025-08-07T18:14:21","guid":{"rendered":"https:\/\/lucacastelli.com\/prodotto\/milwaukee-mesh-papier-abrasif-pour-orbitales-et-roto-orbitales-%e2%8c%80125-150-mm-16\/"},"modified":"2026-04-16T02:39:34","modified_gmt":"2026-04-16T00:39:34","slug":"milwaukee-mesh-papier-abrasif-pour-orbitales-et-roto-orbitales-%e2%8c%80125-150-mm-16-2","status":"publish","type":"product","link":"https:\/\/lucacastelli.com\/fr\/produit\/milwaukee-mesh-papier-abrasif-pour-orbitales-et-roto-orbitales-%e2%8c%80125-150-mm-16-2\/","title":{"rendered":"MILWAUKEE Papier abrasif POWERGRID MESH pour orbitales et roto-orbitales \u2300125 &amp; 150 mm"},"content":{"rendered":"<p>DISQUE ABR PG MESH 150MMG.120-50pcs<br \/>\nSupport en filet plastique avec grain en oxyde d&#8217;aluminium pour les meilleures performances d&#8217;enl\u00e8vement de mati\u00e8re de finition;La structure en filet garantit un pon\u00e7age sans poussi\u00e8re \u00e0 99% et aucun colmatage. Absence de colmatage et absence de poussi\u00e8re sur la surface de travail garantissent une dur\u00e9e de vie sup\u00e9rieure et une meilleure finition;Alignement rapide des trous pour l&#8217;extraction des poussi\u00e8res et compatibilit\u00e9 universelle avec tous les plateaux de la concurrence;Facile \u00e0 nettoyer et r\u00e9utiliser (laver ou nettoyer);Dur\u00e9e de vie 3 fois sup\u00e9rieure au papier standard;Adapt\u00e9 \u00e0 tous les types de m\u00e9tal, bois, peinture, pl\u00e2tre et enduit;Il est recommand\u00e9 d&#8217;utiliser le prot\u00e8ge-plateau <\/p>\n<p>4932492239<br \/>\n4058546416065<\/p>\n","protected":false},"excerpt":{"rendered":"<p>DISC ABR PG MESH 150MMG.120-50pcs<\/p>\n","protected":false},"featured_media":555505,"template":"","meta":{"_seopress_robots_primary_cat":"","_seopress_titles_title":"","_seopress_titles_desc":"","_seopress_robots_index":""},"product_brand":[3407],"product_cat":[5416,33],"product_tag":[3270],"class_list":{"0":"post-628606","1":"product","2":"type-product","3":"status-publish","4":"has-post-thumbnail","6":"product_brand-milwaukee","7":"product_cat-utensili-per-officina","8":"product_cat-attrezzature","9":"product_tag-import-milwau","10":"sws-conto-ricavi-merci-rivendita-macchinari-fr","11":"sws-gruppo-iva-iva81-fr","13":"first","14":"onbackorder","15":"sale","16":"shipping-taxable","17":"purchasable","18":"product-type-simple"},"_links":{"self":[{"href":"https:\/\/lucacastelli.com\/fr\/wp-json\/wp\/v2\/product\/628606","targetHints":{"allow":["GET"]}}],"collection":[{"href":"https:\/\/lucacastelli.com\/fr\/wp-json\/wp\/v2\/product"}],"about":[{"href":"https:\/\/lucacastelli.com\/fr\/wp-json\/wp\/v2\/types\/product"}],"wp:featuredmedia":[{"embeddable":true,"href":"https:\/\/lucacastelli.com\/fr\/wp-json\/wp\/v2\/media\/555505"}],"wp:attachment":[{"href":"https:\/\/lucacastelli.com\/fr\/wp-json\/wp\/v2\/media?parent=628606"}],"wp:term":[{"taxonomy":"product_brand","embeddable":true,"href":"https:\/\/lucacastelli.com\/fr\/wp-json\/wp\/v2\/product_brand?post=628606"},{"taxonomy":"product_cat","embeddable":true,"href":"https:\/\/lucacastelli.com\/fr\/wp-json\/wp\/v2\/product_cat?post=628606"},{"taxonomy":"product_tag","embeddable":true,"href":"https:\/\/lucacastelli.com\/fr\/wp-json\/wp\/v2\/product_tag?post=628606"}],"curies":[{"name":"wp","href":"https:\/\/api.w.org\/{rel}","templated":true}]}}