{"id":628584,"date":"2025-08-07T20:14:10","date_gmt":"2025-08-07T18:14:10","guid":{"rendered":"https:\/\/lucacastelli.com\/prodotto\/milwaukee-mesh-papier-abrasif-pour-orbitales-et-roto-orbitales-%e2%8c%80125-150-mm-12\/"},"modified":"2026-04-16T02:41:57","modified_gmt":"2026-04-16T00:41:57","slug":"milwaukee-mesh-papier-abrasif-pour-orbitales-et-roto-orbitales-%e2%8c%80125-150-mm-12","status":"publish","type":"product","link":"https:\/\/lucacastelli.com\/fr\/produit\/milwaukee-mesh-papier-abrasif-pour-orbitales-et-roto-orbitales-%e2%8c%80125-150-mm-12\/","title":{"rendered":"MILWAUKEE Papier abrasif POWERGRID MESH pour ponceuses orbitales et excentriques \u2300125 &amp; 150 mm"},"content":{"rendered":"<p>DISQUE ABR PG MESH 125MM G.120-50pcs<br \/>\nSupport en maille plastique avec grain en oxyde d\u2019aluminium pour les meilleures performances d\u2019enl\u00e8vement de mati\u00e8re de finition ; La structure en maille garantit un pon\u00e7age sans poussi\u00e8re \u00e0 99 % et aucun encrassement. L\u2019absence d\u2019encrassement et de poussi\u00e8re sur la surface de travail garantit une dur\u00e9e de vie accrue et une meilleure finition ; Alignement rapide des trous pour l\u2019extraction des poussi\u00e8res et compatibilit\u00e9 universelle avec tous les plateaux de la concurrence ; Facile \u00e0 nettoyer et \u00e0 r\u00e9utiliser (laver ou nettoyer) ; Dur\u00e9e de vie 3 fois sup\u00e9rieure par rapport au papier standard ; Convient \u00e0 tous les types de m\u00e9taux, bois, peinture, pl\u00e2tre et mastic ; Il est conseill\u00e9 d\u2019utiliser un protecteur de plateau <\/p>\n<p>4932492204<br \/>\n4058546415716<\/p>\n","protected":false},"excerpt":{"rendered":"<p>DISC ABR PG MESH 125MMG.120-50pcs<\/p>\n","protected":false},"featured_media":555338,"template":"","meta":{"_seopress_robots_primary_cat":"","_seopress_titles_title":"","_seopress_titles_desc":"","_seopress_robots_index":""},"product_brand":[3407],"product_cat":[5416,33],"product_tag":[3270],"class_list":{"0":"post-628584","1":"product","2":"type-product","3":"status-publish","4":"has-post-thumbnail","6":"product_brand-milwaukee","7":"product_cat-utensili-per-officina","8":"product_cat-attrezzature","9":"product_tag-import-milwau","10":"sws-conto-ricavi-merci-rivendita-macchinari-fr","11":"sws-gruppo-iva-iva81-fr","13":"first","14":"onbackorder","15":"sale","16":"shipping-taxable","17":"purchasable","18":"product-type-simple"},"_links":{"self":[{"href":"https:\/\/lucacastelli.com\/fr\/wp-json\/wp\/v2\/product\/628584","targetHints":{"allow":["GET"]}}],"collection":[{"href":"https:\/\/lucacastelli.com\/fr\/wp-json\/wp\/v2\/product"}],"about":[{"href":"https:\/\/lucacastelli.com\/fr\/wp-json\/wp\/v2\/types\/product"}],"wp:featuredmedia":[{"embeddable":true,"href":"https:\/\/lucacastelli.com\/fr\/wp-json\/wp\/v2\/media\/555338"}],"wp:attachment":[{"href":"https:\/\/lucacastelli.com\/fr\/wp-json\/wp\/v2\/media?parent=628584"}],"wp:term":[{"taxonomy":"product_brand","embeddable":true,"href":"https:\/\/lucacastelli.com\/fr\/wp-json\/wp\/v2\/product_brand?post=628584"},{"taxonomy":"product_cat","embeddable":true,"href":"https:\/\/lucacastelli.com\/fr\/wp-json\/wp\/v2\/product_cat?post=628584"},{"taxonomy":"product_tag","embeddable":true,"href":"https:\/\/lucacastelli.com\/fr\/wp-json\/wp\/v2\/product_tag?post=628584"}],"curies":[{"name":"wp","href":"https:\/\/api.w.org\/{rel}","templated":true}]}}