{"id":628580,"date":"2025-08-07T20:14:32","date_gmt":"2025-08-07T18:14:32","guid":{"rendered":"https:\/\/lucacastelli.com\/prodotto\/milwaukee-ciseaux-a-double-levier-lames-inclinees-droit\/"},"modified":"2025-08-07T20:14:32","modified_gmt":"2025-08-07T18:14:32","slug":"milwaukee-ciseaux-a-double-levier-lames-inclinees-droit","status":"publish","type":"product","link":"https:\/\/lucacastelli.com\/fr\/produit\/milwaukee-ciseaux-a-double-levier-lames-inclinees-droit\/","title":{"rendered":"Milwaukee Ciseaux \u00e0 double levier lames inclin\u00e9es &#8211; DROIT"},"content":{"rendered":"<p>Ciseaux \u00e0 double levier lames inclin\u00e9es &#8211; DIRITTE<br \/>\nDOUBLE LEVER BLADES INCL. &#8211; DROIT<br \/>\nLames avec dentelures microscopiques pour la meilleure prise possible sur la pi\u00e8ce;Poign\u00e9e ergonomique pour un grand confort d&#8217;utilisation et un travail moins fatigant;Ressort de torsion ouvrant automatiquement les lames dans la coupe, pour acc\u00e9l\u00e9rer la progression du travail et r\u00e9duire la fatigue;Rapport de levier optimal pour une progression facile du travail dans les mat\u00e9riaux \u00e9pais;M\u00e9canisme de verrouillage \u00e0 une main pour une productivit\u00e9 accrue;Conception compacte pour une progression facile du travail sans d\u00e9salignement;Cisaille pour t\u00f4le courb\u00e9e : pour des coupes longues, continues et droites sans coupes courbes. L&#8217;angle de 45 degr\u00e9s \u00e9loigne l&#8217;utilisateur du mat\u00e9riau \u00e0 couper;Identification facile du sens de coupe sur l&#8217;extr\u00e9mit\u00e9 et la poign\u00e9e ainsi qu&#8217;un code couleur;Poign\u00e9e ergonomique avec rev\u00eatement softgrip durable pour un grand confort d&#8217;utilisation.  <\/p>\n<p>4932499019<br \/>\n4058546528881<\/p>\n","protected":false},"excerpt":{"rendered":"<p>LAMES DE CISAILLES \u00c0 DOUBLE LEVIER INCL. &#8211; DROIT <\/p>\n","protected":false},"featured_media":592303,"template":"","meta":{"_seopress_robots_primary_cat":"","_seopress_titles_title":"","_seopress_titles_desc":"","_seopress_robots_index":""},"product_brand":[3407],"product_cat":[5416,33],"product_tag":[3270],"class_list":{"0":"post-628580","1":"product","2":"type-product","3":"status-publish","4":"has-post-thumbnail","6":"product_brand-milwaukee","7":"product_cat-utensili-per-officina","8":"product_cat-attrezzature","9":"product_tag-import-milwau","10":"sws-conto-ricavi-merci-rivendita-macchinari-fr","11":"sws-gruppo-iva-iva81-fr","13":"first","14":"onbackorder","15":"sale","16":"shipping-taxable","17":"purchasable","18":"product-type-simple"},"_links":{"self":[{"href":"https:\/\/lucacastelli.com\/fr\/wp-json\/wp\/v2\/product\/628580","targetHints":{"allow":["GET"]}}],"collection":[{"href":"https:\/\/lucacastelli.com\/fr\/wp-json\/wp\/v2\/product"}],"about":[{"href":"https:\/\/lucacastelli.com\/fr\/wp-json\/wp\/v2\/types\/product"}],"wp:featuredmedia":[{"embeddable":true,"href":"https:\/\/lucacastelli.com\/fr\/wp-json\/wp\/v2\/media\/592303"}],"wp:attachment":[{"href":"https:\/\/lucacastelli.com\/fr\/wp-json\/wp\/v2\/media?parent=628580"}],"wp:term":[{"taxonomy":"product_brand","embeddable":true,"href":"https:\/\/lucacastelli.com\/fr\/wp-json\/wp\/v2\/product_brand?post=628580"},{"taxonomy":"product_cat","embeddable":true,"href":"https:\/\/lucacastelli.com\/fr\/wp-json\/wp\/v2\/product_cat?post=628580"},{"taxonomy":"product_tag","embeddable":true,"href":"https:\/\/lucacastelli.com\/fr\/wp-json\/wp\/v2\/product_tag?post=628580"}],"curies":[{"name":"wp","href":"https:\/\/api.w.org\/{rel}","templated":true}]}}