{"id":628557,"date":"2025-08-07T20:14:26","date_gmt":"2025-08-07T18:14:26","guid":{"rendered":"https:\/\/lucacastelli.com\/prodotto\/milwaukee-mesh-papier-abrasif-pour-orbitales-et-roto-orbitales-%e2%8c%80125-150-mm-5\/"},"modified":"2025-08-07T20:14:26","modified_gmt":"2025-08-07T18:14:26","slug":"milwaukee-mesh-papier-abrasif-pour-orbitales-et-roto-orbitales-%e2%8c%80125-150-mm-5","status":"publish","type":"product","link":"https:\/\/lucacastelli.com\/fr\/produit\/milwaukee-mesh-papier-abrasif-pour-orbitales-et-roto-orbitales-%e2%8c%80125-150-mm-5\/","title":{"rendered":"Milwaukee MESH papier abrasif pour orbitales et roto-orbitales \u2300125 &amp; 150 mm."},"content":{"rendered":"<p>DISQUE ABR PG MESH 76MM G.120- 10pcs<br \/>\nSupport \u00e0 mailles en plastique avec des grains d&#8217;oxyde d&#8217;aluminium pour une meilleure performance d&#8217;enl\u00e8vement de mati\u00e8re;La structure \u00e0 mailles garantit un pon\u00e7age sans poussi\u00e8re \u00e0 99% et sans colmatage. L&#8217;absence de colmatage et de poussi\u00e8re sur la surface de travail garantit une dur\u00e9e de vie plus longue et une meilleure finition;Alignement rapide des trous pour l&#8217;extraction de la poussi\u00e8re et compatibilit\u00e9 universelle avec tous les tampons supports concurrents;Facile \u00e0 nettoyer et \u00e0 r\u00e9utiliser (lavage ou essuyage);Dur\u00e9e de vie 3 fois plus longue par rapport au papier standard;Convient \u00e0 tous les types de m\u00e9tal, bois, peinture, pl\u00e2tre et mastic;Recommandation d&#8217;utiliser l&#8217;\u00e9conomiseur de tampons supports. <\/p>\n<p>4932499369<br \/>\n4058546565336<\/p>\n","protected":false},"excerpt":{"rendered":"<p>DISQUE ABR PG MESH 76MM G.120- 10pcs<\/p>\n","protected":false},"featured_media":568036,"template":"","meta":{"_seopress_robots_primary_cat":"","_seopress_titles_title":"","_seopress_titles_desc":"","_seopress_robots_index":""},"product_brand":[3407],"product_cat":[5416,33],"product_tag":[3270],"class_list":{"0":"post-628557","1":"product","2":"type-product","3":"status-publish","4":"has-post-thumbnail","6":"product_brand-milwaukee","7":"product_cat-utensili-per-officina","8":"product_cat-attrezzature","9":"product_tag-import-milwau","10":"sws-conto-ricavi-merci-rivendita-macchinari-fr","11":"sws-gruppo-iva-iva81-fr","13":"first","14":"onbackorder","15":"sale","16":"shipping-taxable","17":"purchasable","18":"product-type-simple"},"_links":{"self":[{"href":"https:\/\/lucacastelli.com\/fr\/wp-json\/wp\/v2\/product\/628557","targetHints":{"allow":["GET"]}}],"collection":[{"href":"https:\/\/lucacastelli.com\/fr\/wp-json\/wp\/v2\/product"}],"about":[{"href":"https:\/\/lucacastelli.com\/fr\/wp-json\/wp\/v2\/types\/product"}],"wp:featuredmedia":[{"embeddable":true,"href":"https:\/\/lucacastelli.com\/fr\/wp-json\/wp\/v2\/media\/568036"}],"wp:attachment":[{"href":"https:\/\/lucacastelli.com\/fr\/wp-json\/wp\/v2\/media?parent=628557"}],"wp:term":[{"taxonomy":"product_brand","embeddable":true,"href":"https:\/\/lucacastelli.com\/fr\/wp-json\/wp\/v2\/product_brand?post=628557"},{"taxonomy":"product_cat","embeddable":true,"href":"https:\/\/lucacastelli.com\/fr\/wp-json\/wp\/v2\/product_cat?post=628557"},{"taxonomy":"product_tag","embeddable":true,"href":"https:\/\/lucacastelli.com\/fr\/wp-json\/wp\/v2\/product_tag?post=628557"}],"curies":[{"name":"wp","href":"https:\/\/api.w.org\/{rel}","templated":true}]}}