{"id":628539,"date":"2025-08-07T20:15:20","date_gmt":"2025-08-07T18:15:20","guid":{"rendered":"https:\/\/lucacastelli.com\/prodotto\/commode-a-6-tiroirs-milwaukee\/"},"modified":"2025-08-07T20:15:20","modified_gmt":"2025-08-07T18:15:20","slug":"commode-a-6-tiroirs-milwaukee","status":"publish","type":"product","link":"https:\/\/lucacastelli.com\/fr\/produit\/commode-a-6-tiroirs-milwaukee\/","title":{"rendered":"Commode \u00e0 6 tiroirs Milwaukee"},"content":{"rendered":"<p>TOOLGUARD 46in Steel Top Chest EU<br \/>\nTiroirs de 45kg avec m\u00e9canisme de fermeture lente;Chaque tiroir est \u00e9quip\u00e9 d&#8217;un tapis antid\u00e9rapant;Tiroir sup\u00e9rieur avec tablette pour ordinateur portable;Tiroir de s\u00e9curit\u00e9 avec serrure autonome pour ranger les objets de valeur en toute s\u00e9curit\u00e9 ;Les butoirs en caoutchouc aux extr\u00e9mit\u00e9s des coins \u00e9vitent les dommages lors du d\u00e9placement du chariot;La multiprise magn\u00e9tique permet de recharger les batteries directement sur le tiroir;Panneau perfor\u00e9 pour fixer les outils principaux<\/p>\n<p>4932478854<br \/>\n4058546361365<\/p>\n","protected":false},"excerpt":{"rendered":"<p>TOOLGUARD 46in Steel Top Chest EU<\/p>\n","protected":false},"featured_media":542092,"template":"","meta":{"_seopress_robots_primary_cat":"","_seopress_titles_title":"","_seopress_titles_desc":"","_seopress_robots_index":""},"product_brand":[3407],"product_cat":[5416,33],"product_tag":[3270],"class_list":{"0":"post-628539","1":"product","2":"type-product","3":"status-publish","4":"has-post-thumbnail","6":"product_brand-milwaukee","7":"product_cat-utensili-per-officina","8":"product_cat-attrezzature","9":"product_tag-import-milwau","10":"sws-conto-ricavi-merci-rivendita-macchinari-fr","11":"sws-gruppo-iva-iva81-fr","13":"first","14":"onbackorder","15":"sale","16":"shipping-taxable","17":"purchasable","18":"product-type-simple"},"_links":{"self":[{"href":"https:\/\/lucacastelli.com\/fr\/wp-json\/wp\/v2\/product\/628539","targetHints":{"allow":["GET"]}}],"collection":[{"href":"https:\/\/lucacastelli.com\/fr\/wp-json\/wp\/v2\/product"}],"about":[{"href":"https:\/\/lucacastelli.com\/fr\/wp-json\/wp\/v2\/types\/product"}],"wp:featuredmedia":[{"embeddable":true,"href":"https:\/\/lucacastelli.com\/fr\/wp-json\/wp\/v2\/media\/542092"}],"wp:attachment":[{"href":"https:\/\/lucacastelli.com\/fr\/wp-json\/wp\/v2\/media?parent=628539"}],"wp:term":[{"taxonomy":"product_brand","embeddable":true,"href":"https:\/\/lucacastelli.com\/fr\/wp-json\/wp\/v2\/product_brand?post=628539"},{"taxonomy":"product_cat","embeddable":true,"href":"https:\/\/lucacastelli.com\/fr\/wp-json\/wp\/v2\/product_cat?post=628539"},{"taxonomy":"product_tag","embeddable":true,"href":"https:\/\/lucacastelli.com\/fr\/wp-json\/wp\/v2\/product_tag?post=628539"}],"curies":[{"name":"wp","href":"https:\/\/api.w.org\/{rel}","templated":true}]}}