{"id":628538,"date":"2025-08-07T20:15:19","date_gmt":"2025-08-07T18:15:19","guid":{"rendered":"https:\/\/lucacastelli.com\/prodotto\/commode-a-4-tiroirs-milwaukee\/"},"modified":"2025-08-07T20:15:19","modified_gmt":"2025-08-07T18:15:19","slug":"commode-a-4-tiroirs-milwaukee","status":"publish","type":"product","link":"https:\/\/lucacastelli.com\/fr\/produit\/commode-a-4-tiroirs-milwaukee\/","title":{"rendered":"Commode \u00e0 4 tiroirs Milwaukee"},"content":{"rendered":"<p>TOOLGUARD 30in Steel Top Chest<br \/>\nTiroirs de 45 kg \u00e0 fermeture lente;Le syst\u00e8me anti-basculement permet d&#8217;ouvrir un seul tiroir \u00e0 la fois;Chaque tiroir est \u00e9quip\u00e9 d&#8217;un tapis antid\u00e9rapant;Les butoirs en ABS \u00e9vitent les dommages lorsque le chariot est d\u00e9plac\u00e9;Support lat\u00e9ral pour les bouteilles et les bo\u00eetes de conserve<\/p>\n<p>4932478850<br \/>\n4058546361327<\/p>\n","protected":false},"excerpt":{"rendered":"<p>Coffre en acier TOOLGUARD 30in<\/p>\n","protected":false},"featured_media":542062,"template":"","meta":{"_seopress_robots_primary_cat":"","_seopress_titles_title":"","_seopress_titles_desc":"","_seopress_robots_index":""},"product_brand":[3407],"product_cat":[5416,33],"product_tag":[3270],"class_list":{"0":"post-628538","1":"product","2":"type-product","3":"status-publish","4":"has-post-thumbnail","6":"product_brand-milwaukee","7":"product_cat-utensili-per-officina","8":"product_cat-attrezzature","9":"product_tag-import-milwau","10":"sws-conto-ricavi-merci-rivendita-macchinari-fr","11":"sws-gruppo-iva-iva81-fr","13":"first","14":"onbackorder","15":"sale","16":"shipping-taxable","17":"purchasable","18":"product-type-simple"},"_links":{"self":[{"href":"https:\/\/lucacastelli.com\/fr\/wp-json\/wp\/v2\/product\/628538","targetHints":{"allow":["GET"]}}],"collection":[{"href":"https:\/\/lucacastelli.com\/fr\/wp-json\/wp\/v2\/product"}],"about":[{"href":"https:\/\/lucacastelli.com\/fr\/wp-json\/wp\/v2\/types\/product"}],"wp:featuredmedia":[{"embeddable":true,"href":"https:\/\/lucacastelli.com\/fr\/wp-json\/wp\/v2\/media\/542062"}],"wp:attachment":[{"href":"https:\/\/lucacastelli.com\/fr\/wp-json\/wp\/v2\/media?parent=628538"}],"wp:term":[{"taxonomy":"product_brand","embeddable":true,"href":"https:\/\/lucacastelli.com\/fr\/wp-json\/wp\/v2\/product_brand?post=628538"},{"taxonomy":"product_cat","embeddable":true,"href":"https:\/\/lucacastelli.com\/fr\/wp-json\/wp\/v2\/product_cat?post=628538"},{"taxonomy":"product_tag","embeddable":true,"href":"https:\/\/lucacastelli.com\/fr\/wp-json\/wp\/v2\/product_tag?post=628538"}],"curies":[{"name":"wp","href":"https:\/\/api.w.org\/{rel}","templated":true}]}}