{"id":628532,"date":"2025-08-07T20:26:21","date_gmt":"2025-08-07T18:26:21","guid":{"rendered":"https:\/\/lucacastelli.com\/prodotto\/cles-a-cliquet-combinees-milwaukee-max-bite-9\/"},"modified":"2025-08-07T20:26:21","modified_gmt":"2025-08-07T18:26:21","slug":"cles-a-cliquet-combinees-milwaukee-max-bite-9","status":"publish","type":"product","link":"https:\/\/lucacastelli.com\/fr\/produit\/cles-a-cliquet-combinees-milwaukee-max-bite-9\/","title":{"rendered":"Cl\u00e9s \u00e0 cliquet combin\u00e9es Milwaukee MAX BITE\u2122"},"content":{"rendered":"<p>Cl\u00e9 COMBI CRIC 10mm SeriesMaxbite 1pcs<br \/>\n144 dents de cliquet avec 2.5\u00b0 d&#8217;inclinaison pour travailler dans les espaces les plus \u00e9troits;Double cliquet pour un m\u00e9canisme durable et p\u00e9renne;L&#8217;ouverture MAX BITE\u2122 r\u00e9duit les arrondis et les \u00e9br\u00e9chures;Poign\u00e9e arrondie en I pour une prise en main confortable;S\u00e9rigraphie laser \u00e0 l&#8217;encre pour une meilleure visibilit\u00e9;Finition chrom\u00e9e<\/p>\n<p>4932471503<br \/>\n4058546294021.<\/p>\n","protected":false},"excerpt":{"rendered":"<p>COMBI CRIC WRENCH 10mm SeriesMaxbite 1 pc<\/p>\n","protected":false},"featured_media":536734,"template":"","meta":{"_seopress_robots_primary_cat":"","_seopress_titles_title":"","_seopress_titles_desc":"","_seopress_robots_index":""},"product_brand":[3658],"product_cat":[144,5417],"product_tag":[3273],"class_list":{"0":"post-628532","1":"product","2":"type-product","3":"status-publish","4":"has-post-thumbnail","6":"product_brand-milwaukee-fr","7":"product_cat-equipement","8":"product_cat-outils-pour-atelier","9":"product_tag-import-milwau-fr","10":"sws-conto-ricavi-merci-rivendita-macchinari-fr","11":"sws-gruppo-iva-iva81-fr","13":"first","14":"onbackorder","15":"sale","16":"shipping-taxable","17":"purchasable","18":"product-type-simple"},"_links":{"self":[{"href":"https:\/\/lucacastelli.com\/fr\/wp-json\/wp\/v2\/product\/628532","targetHints":{"allow":["GET"]}}],"collection":[{"href":"https:\/\/lucacastelli.com\/fr\/wp-json\/wp\/v2\/product"}],"about":[{"href":"https:\/\/lucacastelli.com\/fr\/wp-json\/wp\/v2\/types\/product"}],"wp:featuredmedia":[{"embeddable":true,"href":"https:\/\/lucacastelli.com\/fr\/wp-json\/wp\/v2\/media\/536734"}],"wp:attachment":[{"href":"https:\/\/lucacastelli.com\/fr\/wp-json\/wp\/v2\/media?parent=628532"}],"wp:term":[{"taxonomy":"product_brand","embeddable":true,"href":"https:\/\/lucacastelli.com\/fr\/wp-json\/wp\/v2\/product_brand?post=628532"},{"taxonomy":"product_cat","embeddable":true,"href":"https:\/\/lucacastelli.com\/fr\/wp-json\/wp\/v2\/product_cat?post=628532"},{"taxonomy":"product_tag","embeddable":true,"href":"https:\/\/lucacastelli.com\/fr\/wp-json\/wp\/v2\/product_tag?post=628532"}],"curies":[{"name":"wp","href":"https:\/\/api.w.org\/{rel}","templated":true}]}}