{"id":628507,"date":"2025-08-07T20:28:01","date_gmt":"2025-08-07T18:28:01","guid":{"rendered":"https:\/\/lucacastelli.com\/prodotto\/milwaukee-cles-doubles-pour-raccords-4\/"},"modified":"2025-08-07T20:28:01","modified_gmt":"2025-08-07T18:28:01","slug":"milwaukee-cles-doubles-pour-raccords-4","status":"publish","type":"product","link":"https:\/\/lucacastelli.com\/fr\/produit\/milwaukee-cles-doubles-pour-raccords-4\/","title":{"rendered":"Milwaukee Cl\u00e9s doubles pour raccords"},"content":{"rendered":"<p>CL\u00c9 DOUBLE POUR RACCORDS 8x10mm<br \/>\nG\u00e9om\u00e9trie optimis\u00e9e de la t\u00eate pour une prise s\u00fbre des fixations et pour r\u00e9duire le d\u00e9collement des \u00e9crous;Poign\u00e9e arrondie pour un plus grand confort lors de l&#8217;application;Mesures imprim\u00e9es \u00e0 l&#8217;encre pour une reconnaissance rapide;T\u00eate inclin\u00e9e de 15\u00b0 pour une meilleure accessibilit\u00e9<\/p>\n<p>4932480626<br \/>\n4058546409111<\/p>\n","protected":false},"excerpt":{"rendered":"<p>Cl\u00e9 double pour raccords 8x10mm<\/p>\n","protected":false},"featured_media":552932,"template":"","meta":{"_seopress_robots_primary_cat":"","_seopress_titles_title":"","_seopress_titles_desc":"","_seopress_robots_index":""},"product_brand":[3407],"product_cat":[5416,33],"product_tag":[3270],"class_list":{"0":"post-628507","1":"product","2":"type-product","3":"status-publish","4":"has-post-thumbnail","6":"product_brand-milwaukee","7":"product_cat-utensili-per-officina","8":"product_cat-attrezzature","9":"product_tag-import-milwau","10":"sws-conto-ricavi-merci-rivendita-macchinari-fr","11":"sws-gruppo-iva-iva81-fr","13":"first","14":"onbackorder","15":"sale","16":"shipping-taxable","17":"purchasable","18":"product-type-simple"},"_links":{"self":[{"href":"https:\/\/lucacastelli.com\/fr\/wp-json\/wp\/v2\/product\/628507","targetHints":{"allow":["GET"]}}],"collection":[{"href":"https:\/\/lucacastelli.com\/fr\/wp-json\/wp\/v2\/product"}],"about":[{"href":"https:\/\/lucacastelli.com\/fr\/wp-json\/wp\/v2\/types\/product"}],"wp:featuredmedia":[{"embeddable":true,"href":"https:\/\/lucacastelli.com\/fr\/wp-json\/wp\/v2\/media\/552932"}],"wp:attachment":[{"href":"https:\/\/lucacastelli.com\/fr\/wp-json\/wp\/v2\/media?parent=628507"}],"wp:term":[{"taxonomy":"product_brand","embeddable":true,"href":"https:\/\/lucacastelli.com\/fr\/wp-json\/wp\/v2\/product_brand?post=628507"},{"taxonomy":"product_cat","embeddable":true,"href":"https:\/\/lucacastelli.com\/fr\/wp-json\/wp\/v2\/product_cat?post=628507"},{"taxonomy":"product_tag","embeddable":true,"href":"https:\/\/lucacastelli.com\/fr\/wp-json\/wp\/v2\/product_tag?post=628507"}],"curies":[{"name":"wp","href":"https:\/\/api.w.org\/{rel}","templated":true}]}}