{"id":628498,"date":"2025-08-07T20:27:06","date_gmt":"2025-08-07T18:27:06","guid":{"rendered":"https:\/\/lucacastelli.com\/prodotto\/cles-a-cliquet-combinees-milwaukee-max-bite-3\/"},"modified":"2025-08-07T20:27:06","modified_gmt":"2025-08-07T18:27:06","slug":"cles-a-cliquet-combinees-milwaukee-max-bite-3","status":"publish","type":"product","link":"https:\/\/lucacastelli.com\/fr\/produit\/cles-a-cliquet-combinees-milwaukee-max-bite-3\/","title":{"rendered":"Cl\u00e9s \u00e0 cliquet combin\u00e9es Milwaukee MAX BITE\u2122"},"content":{"rendered":"<p>CL\u00c9 \u00c0 CLIQUET COMBI. SNOD 14mm &#8211; Maxbite<br \/>\nT\u00eate articul\u00e9e qui pivote jusqu&#8217;\u00e0 180\u00b0 pour un acc\u00e8s maximal aux espaces restreints;L&#8217;ouverture MAX BITE\u2122 r\u00e9duit la flexion et l&#8217;\u00e9caillage;144 dents de cliquet avec 2,5\u00b0 d&#8217;inclinaison pour travailler dans les espaces les plus restreints;Double cliquet pour un m\u00e9canisme durable et p\u00e9renne;Poign\u00e9e arrondie en I pour une prise en main confortable;S\u00e9rigraphie encr\u00e9e au laser pour une meilleure visibilit\u00e9;Finition chrom\u00e9e. <\/p>\n<p>4932480187<br \/>\n4058546404727<\/p>\n","protected":false},"excerpt":{"rendered":"<p>CL\u00c9 \u00c0 V\u00c9RIN COMBIN\u00c9E SNOD 14mm &#8211; Maxbite <\/p>\n","protected":false},"featured_media":541097,"template":"","meta":{"_seopress_robots_primary_cat":"","_seopress_titles_title":"","_seopress_titles_desc":"","_seopress_robots_index":""},"product_brand":[3407],"product_cat":[5416,33],"product_tag":[3270],"class_list":{"0":"post-628498","1":"product","2":"type-product","3":"status-publish","4":"has-post-thumbnail","6":"product_brand-milwaukee","7":"product_cat-utensili-per-officina","8":"product_cat-attrezzature","9":"product_tag-import-milwau","10":"sws-conto-ricavi-merci-rivendita-macchinari-fr","11":"sws-gruppo-iva-iva81-fr","13":"first","14":"onbackorder","15":"sale","16":"shipping-taxable","17":"purchasable","18":"product-type-simple"},"_links":{"self":[{"href":"https:\/\/lucacastelli.com\/fr\/wp-json\/wp\/v2\/product\/628498","targetHints":{"allow":["GET"]}}],"collection":[{"href":"https:\/\/lucacastelli.com\/fr\/wp-json\/wp\/v2\/product"}],"about":[{"href":"https:\/\/lucacastelli.com\/fr\/wp-json\/wp\/v2\/types\/product"}],"wp:featuredmedia":[{"embeddable":true,"href":"https:\/\/lucacastelli.com\/fr\/wp-json\/wp\/v2\/media\/541097"}],"wp:attachment":[{"href":"https:\/\/lucacastelli.com\/fr\/wp-json\/wp\/v2\/media?parent=628498"}],"wp:term":[{"taxonomy":"product_brand","embeddable":true,"href":"https:\/\/lucacastelli.com\/fr\/wp-json\/wp\/v2\/product_brand?post=628498"},{"taxonomy":"product_cat","embeddable":true,"href":"https:\/\/lucacastelli.com\/fr\/wp-json\/wp\/v2\/product_cat?post=628498"},{"taxonomy":"product_tag","embeddable":true,"href":"https:\/\/lucacastelli.com\/fr\/wp-json\/wp\/v2\/product_tag?post=628498"}],"curies":[{"name":"wp","href":"https:\/\/api.w.org\/{rel}","templated":true}]}}