{"id":628407,"date":"2025-08-06T13:56:57","date_gmt":"2025-08-06T11:56:57","guid":{"rendered":"https:\/\/lucacastelli.com\/prodotto\/milwaukee-scies-a-trous-hole-dozer-dents-en-carbure-17\/"},"modified":"2025-09-03T11:44:59","modified_gmt":"2025-09-03T09:44:59","slug":"milwaukee-scies-a-trous-hole-dozer-dents-en-carbure-17","status":"publish","type":"product","link":"https:\/\/lucacastelli.com\/fr\/produit\/milwaukee-scies-a-trous-hole-dozer-dents-en-carbure-17\/","title":{"rendered":"MILWAUKEE Scies-cloches Hole Dozer dents en carbure"},"content":{"rendered":"<p>Scie-cloche TCT HOLE DOZER 140mm-1pc<br \/>\nJusqu&#8217;\u00e0 10 fois plus durables, haute r\u00e9sistance \u00e0 la chaleur et \u00e0 l&#8217;usure vs scies-cloches bi-m\u00e9talliques ;G\u00e9om\u00e9trie de dent agressive avec larges gorges pour une meilleure extraction du mat\u00e9riau ;Dents d\u00e9cal\u00e9es pour un moindre frottement ;PLUG JACK\u2122 large zone d&#8217;acc\u00e8s lat\u00e9ral pour un retrait rapide et facile du mat\u00e9riau, profond pour les mat\u00e9riaux plus \u00e9pais et haut pour les mat\u00e9riaux de faible \u00e9paisseur ;Domaines d&#8217;application : installations hydrauliques (carreaux en c\u00e9ramique &#8211; tendre, fonte), usinage des m\u00e9taux (acier inoxydable, aluminium) et composites (plastique, mat\u00e9riau sandwich, rev\u00eatement de sol, fibre de verre, panneaux en bois rev\u00eatu de plastique, bois plaqu\u00e9)<\/p>\n<p>49560848<br \/>\n0045242594856<\/p>\n","protected":false},"excerpt":{"rendered":"<p>Scie-cloche TCT HOLE DOZER 140mm-1pc<\/p>\n","protected":false},"featured_media":588406,"template":"","meta":{"_seopress_robots_primary_cat":"","_seopress_titles_title":"","_seopress_titles_desc":"","_seopress_robots_index":""},"product_brand":[3407],"product_cat":[29,514,549,550],"product_tag":[3270],"class_list":{"0":"post-628407","1":"product","2":"type-product","3":"status-publish","4":"has-post-thumbnail","6":"product_brand-milwaukee","7":"product_cat-macchinari","8":"product_cat-altri-dispositivi","9":"product_cat-trapani-e-avvitatori","10":"product_cat-accessori-per-trapani-ed-avvitatori","11":"product_tag-import-milwau","12":"sws-conto-ricavi-merci-rivendita-macchinari-fr","13":"sws-gruppo-iva-iva81-fr","15":"first","16":"onbackorder","17":"sale","18":"shipping-taxable","19":"purchasable","20":"product-type-simple"},"_links":{"self":[{"href":"https:\/\/lucacastelli.com\/fr\/wp-json\/wp\/v2\/product\/628407","targetHints":{"allow":["GET"]}}],"collection":[{"href":"https:\/\/lucacastelli.com\/fr\/wp-json\/wp\/v2\/product"}],"about":[{"href":"https:\/\/lucacastelli.com\/fr\/wp-json\/wp\/v2\/types\/product"}],"wp:featuredmedia":[{"embeddable":true,"href":"https:\/\/lucacastelli.com\/fr\/wp-json\/wp\/v2\/media\/588406"}],"wp:attachment":[{"href":"https:\/\/lucacastelli.com\/fr\/wp-json\/wp\/v2\/media?parent=628407"}],"wp:term":[{"taxonomy":"product_brand","embeddable":true,"href":"https:\/\/lucacastelli.com\/fr\/wp-json\/wp\/v2\/product_brand?post=628407"},{"taxonomy":"product_cat","embeddable":true,"href":"https:\/\/lucacastelli.com\/fr\/wp-json\/wp\/v2\/product_cat?post=628407"},{"taxonomy":"product_tag","embeddable":true,"href":"https:\/\/lucacastelli.com\/fr\/wp-json\/wp\/v2\/product_tag?post=628407"}],"curies":[{"name":"wp","href":"https:\/\/api.w.org\/{rel}","templated":true}]}}