{"id":628391,"date":"2025-08-28T10:57:30","date_gmt":"2025-08-28T08:57:30","guid":{"rendered":"https:\/\/lucacastelli.com\/prodotto\/helly-hansen-jr-versalite-jacket\/"},"modified":"2026-04-01T01:51:32","modified_gmt":"2026-03-31T23:51:32","slug":"helly-hansen-jr-versalite-jacket","status":"publish","type":"product","link":"https:\/\/lucacastelli.com\/fr\/produit\/helly-hansen-jr-versalite-jacket\/","title":{"rendered":"HELLY HANSEN JR VERSALITE JACKET"},"content":{"rendered":"<div class=\"productDetailsSection_productDescriptionSection__FDg0y\">\n<div class=\"productDescription_productDescription__sJIE6\" data-mt-type=\"product-description\">\n<div class=\"richtext_wrapper__Apw4P productDescription_productDescriptionContent__0A3VB\">Nous avons con\u00e7u notre veste Versalite pour gar\u00e7ons pour la randonn\u00e9e, le ski ou simplement pour jouer dehors. Le motif innovant en grille de la polaire retient la chaleur corporelle, \u00e9vacue l&#8217;humidit\u00e9 et assure chaleur et respirabilit\u00e9. Le tissu est extensible et \u00e0 s\u00e9chage rapide, et la veste est \u00e9quip\u00e9e de poches zipp\u00e9es pour les mains. Id\u00e9ale comme couche ext\u00e9rieure par temps frais ou comme couche interm\u00e9diaire quand il fait froid, cette veste deviendra s\u00fbrement l&#8217;une des pr\u00e9f\u00e9r\u00e9es de vos gar\u00e7ons.   <\/div>\n<\/div>\n<\/div>\n<div class=\"productCollapseSection_productCollapseSection__6fb5x\">\n<div class=\"productCollapseSection_productCollapseSectionTitle__1Vh_4\">\n<h2 class=\"heading_default__uXoxn heading_style--h3__iT44T\">D\u00e9tails<\/h2>\n<\/div>\n<div class=\"productCollapseSection_productCollapseSectionContent__VJCb7\">\n<div class=\"productDetails_productDetails__g_C4N\">\n<p>Composition des fibres :<\/p>\n<div class=\"richtext_wrapper__Apw4P blocks_root__vE_15\">Coquille : 94% Polyester (recycl\u00e9), 6% Elasthanne<\/div>\n<p>Instructions d&#8217;entretien :<\/p>\n<div class=\"richtext_wrapper__Apw4P blocks_root__vE_15\">Ferme les fermetures \u00e9clair avant de les laver. Ne pas faire tremper. Ne pas utiliser d&#8217;assouplissant.   Laver les couleurs fonc\u00e9es s\u00e9par\u00e9ment. Laver \u00e0 l&#8217;envers. <\/div>\n<div class=\"productDetails_productDetailsCols__K1qqI\">\n<div class=\"productDetails_productDetailsRow__bHp5_\">\n<div class=\"blocks_mobileInlineWrapper__N_Soc\">Poids : 225 g<\/div>\n<\/div>\n<\/div>\n<\/div>\n<\/div>\n<\/div>\n<div class=\"productCollapseSection_productCollapseSection__6fb5x productFeatures_root__BqPE9 productFeatures_twoColumnsList__vArq2\">\n<div class=\"productCollapseSection_productCollapseSectionTitle__1Vh_4\">\n<h2 class=\"heading_default__uXoxn heading_style--h3__iT44T\">Fonctionnalit\u00e9s<\/h2>\n<\/div>\n<div class=\"productCollapseSection_productCollapseSectionContent__VJCb7\">\n<ul>\n<li>Polaire grillag\u00e9e<\/li>\n<li>Protection menton<\/li>\n<li>Poches mains avec fermeture \u00e9clair s\u00e9curis\u00e9e<\/li>\n<li>Poches pour les mains avec tissu mesh respirant<\/li>\n<li>Logo Helly Hansen (HH) brod\u00e9<\/li>\n<li>produit bluesign\u00ae<\/li>\n<li>Ce produit contient au moins 50 % de fibres certifi\u00e9es Recycled Claim Standard, certifi\u00e9 par IDFL (TE-99972454).<\/li>\n<\/ul>\n<\/div>\n<\/div>\n","protected":false},"excerpt":{"rendered":"<p>Nous avons con\u00e7u notre veste Versalite pour gar\u00e7ons pour la randonn\u00e9e, le ski ou simplement pour jouer dehors. Le motif<\/p>\n","protected":false},"featured_media":626621,"template":"","meta":{"_seopress_robots_primary_cat":"none","_seopress_titles_title":"","_seopress_titles_desc":"","_seopress_robots_index":""},"product_brand":[3646],"product_cat":[81,981,1384],"product_tag":[],"class_list":{"0":"post-628391","1":"product","2":"type-product","3":"status-publish","4":"has-post-thumbnail","6":"product_brand-helly-hansen-fr","7":"product_cat-vetements","8":"product_cat-vetements-de-loisirs","9":"product_cat-vetements-pour-enfants","10":"sws-gruppo-abb-libero-fr","11":"sws-conto-ricavi-merci-rivendita-abbigliamento-fr","12":"sws-gruppo-iva-iva81-fr","14":"first","15":"instock","16":"shipping-taxable","17":"purchasable","18":"product-type-variable","19":"has-default-attributes"},"_links":{"self":[{"href":"https:\/\/lucacastelli.com\/fr\/wp-json\/wp\/v2\/product\/628391","targetHints":{"allow":["GET"]}}],"collection":[{"href":"https:\/\/lucacastelli.com\/fr\/wp-json\/wp\/v2\/product"}],"about":[{"href":"https:\/\/lucacastelli.com\/fr\/wp-json\/wp\/v2\/types\/product"}],"wp:featuredmedia":[{"embeddable":true,"href":"https:\/\/lucacastelli.com\/fr\/wp-json\/wp\/v2\/media\/626621"}],"wp:attachment":[{"href":"https:\/\/lucacastelli.com\/fr\/wp-json\/wp\/v2\/media?parent=628391"}],"wp:term":[{"taxonomy":"product_brand","embeddable":true,"href":"https:\/\/lucacastelli.com\/fr\/wp-json\/wp\/v2\/product_brand?post=628391"},{"taxonomy":"product_cat","embeddable":true,"href":"https:\/\/lucacastelli.com\/fr\/wp-json\/wp\/v2\/product_cat?post=628391"},{"taxonomy":"product_tag","embeddable":true,"href":"https:\/\/lucacastelli.com\/fr\/wp-json\/wp\/v2\/product_tag?post=628391"}],"curies":[{"name":"wp","href":"https:\/\/api.w.org\/{rel}","templated":true}]}}