{"id":628366,"date":"2023-09-21T13:43:58","date_gmt":"2023-09-21T11:43:58","guid":{"rendered":"https:\/\/lucacastelli.com\/prodotto\/klar-pour-bolt200-helm-bolt-compact-komplettvisier\/"},"modified":"2023-09-21T13:43:58","modified_gmt":"2023-09-21T11:43:58","slug":"klar-pour-bolt200-helm-bolt-compact-komplettvisier","status":"publish","type":"product","link":"https:\/\/lucacastelli.com\/fr\/produit\/klar-pour-bolt200-helm-bolt-compact-komplettvisier\/","title":{"rendered":"klar, pour BOLT200 Helm BOLT Compact Komplettvisier"},"content":{"rendered":"<p>Compatible avec la lampe frontale rechargeable BOLT\u2122 : la visi\u00e8re peut \u00eatre repli\u00e9e sur la lampe frontale.<br \/>\nFixation et retrait tr\u00e8s faciles et intuitifs.<br \/>\nVisi\u00e8re en polycarbonate.<br \/>\nLa visi\u00e8re est r\u00e9sistante aux rayures selon la norme EN166 niveau K.<br \/>\nLa visi\u00e8re est antibu\u00e9e de niveau N selon la norme EN166.<br \/>\nVisi\u00e8re compl\u00e8te disponible en 2 couleurs : claire et grise.<br \/>\nLa version Compact offre un design fin et compact et n&#8217;est compatible qu&#8217;avec le mod\u00e8le BOLT\u2122 200. La version universelle peut \u00eatre utilis\u00e9e avec les deux mod\u00e8les.<br \/>\nLa version universelle peut \u00eatre utilis\u00e9e avec les deux variantes de casques &#8211; BOLT\u2122 100 et BOLT\u2122 200.<br \/>\nVisi\u00e8re en maille certifi\u00e9e selon la norme EN 166. Visi\u00e8re en maille certifi\u00e9e selon la norme EN 1731.<br \/>\nLa visi\u00e8re en maille offre une transmission \u00e9lev\u00e9e de la lumi\u00e8re, &gt; 60 %.<br \/>\nVisi\u00e8re compl\u00e8te avec un large champ de vision.<br \/>\nSyst\u00e8me BOLT\u2122 &#8211; assure la compatibilit\u00e9 d&#8217;une large gamme d&#8217;accessoires gr\u00e2ce \u00e0 un syst\u00e8me de fixation simple et intuitif.  <\/p>\n","protected":false},"excerpt":{"rendered":"<p>Compatible avec la lampe frontale rechargeable BOLT\u2122 : la visi\u00e8re peut \u00eatre repli\u00e9e sur la lampe frontale. Fixation et retrait<\/p>\n","protected":false},"featured_media":94636,"template":"","meta":{"_seopress_robots_primary_cat":"","_seopress_titles_title":"","_seopress_titles_desc":"","_seopress_robots_index":""},"product_brand":[3658],"product_cat":[144,1397,1402],"product_tag":[],"class_list":{"0":"post-628366","1":"product","2":"type-product","3":"status-publish","4":"has-post-thumbnail","6":"product_brand-milwaukee-fr","7":"product_cat-equipement","8":"product_cat-equipement-de-travail","9":"product_cat-harnais-et-equipements-de-securite","11":"first","12":"onbackorder","13":"shipping-taxable","14":"purchasable","15":"product-type-simple"},"_links":{"self":[{"href":"https:\/\/lucacastelli.com\/fr\/wp-json\/wp\/v2\/product\/628366","targetHints":{"allow":["GET"]}}],"collection":[{"href":"https:\/\/lucacastelli.com\/fr\/wp-json\/wp\/v2\/product"}],"about":[{"href":"https:\/\/lucacastelli.com\/fr\/wp-json\/wp\/v2\/types\/product"}],"wp:featuredmedia":[{"embeddable":true,"href":"https:\/\/lucacastelli.com\/fr\/wp-json\/wp\/v2\/media\/94636"}],"wp:attachment":[{"href":"https:\/\/lucacastelli.com\/fr\/wp-json\/wp\/v2\/media?parent=628366"}],"wp:term":[{"taxonomy":"product_brand","embeddable":true,"href":"https:\/\/lucacastelli.com\/fr\/wp-json\/wp\/v2\/product_brand?post=628366"},{"taxonomy":"product_cat","embeddable":true,"href":"https:\/\/lucacastelli.com\/fr\/wp-json\/wp\/v2\/product_cat?post=628366"},{"taxonomy":"product_tag","embeddable":true,"href":"https:\/\/lucacastelli.com\/fr\/wp-json\/wp\/v2\/product_tag?post=628366"}],"curies":[{"name":"wp","href":"https:\/\/api.w.org\/{rel}","templated":true}]}}