{"id":628358,"date":"2023-07-17T18:47:50","date_gmt":"2023-07-17T16:47:50","guid":{"rendered":"https:\/\/lucacastelli.com\/prodotto\/supports-dalimentation-akku-m18bdd-402x\/"},"modified":"2023-07-17T18:47:50","modified_gmt":"2023-07-17T16:47:50","slug":"supports-dalimentation-akku-m18bdd-402x","status":"publish","type":"product","link":"https:\/\/lucacastelli.com\/fr\/produit\/supports-dalimentation-akku-m18bdd-402x\/","title":{"rendered":"Supports d&#8217;alimentation Akku M18BDD-402X"},"content":{"rendered":"<p>Tournevis compact 18 volts l\u00e9ger et maniable<br \/>\nExtr\u00eamement maniable : seulement 185 mm de long<br \/>\nMoteur \u00e0 4 p\u00f4les pour une puissance maximale dans un design compact<br \/>\n\u00c9lectronique REDLINK\u2122 &#8211; protection contre les surcharges pour une longue dur\u00e9e de vie de la batterie, moteur et r\u00e9ducteur<br \/>\n\u00c9lectronique de contr\u00f4le de la vitesse en continu<br \/>\nR\u00e9glage du couple en 17 \u00e9tapes + \u00e9tape de per\u00e7age<br \/>\nRotation droite\/gauche<br \/>\nBroche FIXTEC m\u00e9tallique de 13 mm \u00e0 action rapide avec verrouillage de la broche<br \/>\nBo\u00eetier m\u00e9tallique robuste du r\u00e9ducteur<br \/>\nPoign\u00e9e souple<br \/>\n\u00c9clairage LED<br \/>\nIndicateur de charge de la batterie.<\/p>\n<p>Caract\u00e9ristiques techniques :<br \/>\nTension \/ capacit\u00e9 de la batterie 18 V \/ 4,0 Ah<br \/>\nVitesse \u00e0 vide 1\u00e8re \/ 2\u00e8me vitesse 0 &#8211; 450 \/ 0 &#8211; 1,800 min-1<br \/>\nCouple max. 60 Nm<br \/>\nVitesse max. \u00d8 de per\u00e7age acier \/ bois 13 \/ 38 mm<br \/>\nVis \u00e0 bois jusqu&#8217;\u00e0 8 mm<br \/>\nPlage de serrage de la broche 1,5 &#8211; 13 mm<br \/>\nPoids avec batterie 2,0 kg <\/p>\n<p>Contenu de la livraison :<br \/>\n2 batteries rechargeables au lithium-ion rouge 18 V \/ 4,0 Ah<br \/>\nChargeur M12-18C<br \/>\nClip de ceinture, porte-embout, embout<br \/>\nBo\u00eete HD<\/p>\n","protected":false},"excerpt":{"rendered":"<p>Tournevis compact 18 volts l\u00e9ger et maniable Extr\u00eamement maniable : seulement 185 mm de long Moteur \u00e0 4 p\u00f4les pour<\/p>\n","protected":false},"featured_media":57131,"template":"","meta":{"_seopress_robots_primary_cat":"","_seopress_titles_title":"","_seopress_titles_desc":"","_seopress_robots_index":""},"product_brand":[3658],"product_cat":[1453,167,1552],"product_tag":[],"class_list":{"0":"post-628358","1":"product","2":"type-product","3":"status-publish","4":"has-post-thumbnail","6":"product_brand-milwaukee-fr","7":"product_cat-autres-appareils","8":"product_cat-machines","9":"product_cat-perceuses-et-tournevis","11":"first","12":"onbackorder","13":"shipping-taxable","14":"purchasable","15":"product-type-simple"},"_links":{"self":[{"href":"https:\/\/lucacastelli.com\/fr\/wp-json\/wp\/v2\/product\/628358","targetHints":{"allow":["GET"]}}],"collection":[{"href":"https:\/\/lucacastelli.com\/fr\/wp-json\/wp\/v2\/product"}],"about":[{"href":"https:\/\/lucacastelli.com\/fr\/wp-json\/wp\/v2\/types\/product"}],"wp:featuredmedia":[{"embeddable":true,"href":"https:\/\/lucacastelli.com\/fr\/wp-json\/wp\/v2\/media\/57131"}],"wp:attachment":[{"href":"https:\/\/lucacastelli.com\/fr\/wp-json\/wp\/v2\/media?parent=628358"}],"wp:term":[{"taxonomy":"product_brand","embeddable":true,"href":"https:\/\/lucacastelli.com\/fr\/wp-json\/wp\/v2\/product_brand?post=628358"},{"taxonomy":"product_cat","embeddable":true,"href":"https:\/\/lucacastelli.com\/fr\/wp-json\/wp\/v2\/product_cat?post=628358"},{"taxonomy":"product_tag","embeddable":true,"href":"https:\/\/lucacastelli.com\/fr\/wp-json\/wp\/v2\/product_tag?post=628358"}],"curies":[{"name":"wp","href":"https:\/\/api.w.org\/{rel}","templated":true}]}}