{"id":628357,"date":"2023-08-25T11:03:11","date_gmt":"2023-08-25T09:03:11","guid":{"rendered":"https:\/\/lucacastelli.com\/prodotto\/3-x-k80-3-x-k120-3-x-k180-1-x-zwischenplatte-schleifblatter-netzstruktur-fur-exzenterschleifer-125-mm\/"},"modified":"2023-08-25T11:03:11","modified_gmt":"2023-08-25T09:03:11","slug":"3-x-k80-3-x-k120-3-x-k180-1-x-zwischenplatte-schleifblatter-netzstruktur-fur-exzenterschleifer-125-mm","status":"publish","type":"product","link":"https:\/\/lucacastelli.com\/fr\/produit\/3-x-k80-3-x-k120-3-x-k180-1-x-zwischenplatte-schleifblatter-netzstruktur-fur-exzenterschleifer-125-mm\/","title":{"rendered":"3 x K80, 3 x K120, 3 x K180, 1 x Zwischenplatte Schleifbl\u00e4tter Netzstruktur f\u00fcr Exzenterschleifer 125 mm"},"content":{"rendered":"<p>Description du produit<br \/>\nPG Mesh sand disc : 3 x grit 80 \/ 3 x grit 120 \/ 3 x grit 180, 1 x Pad Saver<\/p>\n<p>Support en maille plastique avec grain d&#8217;oxyde d&#8217;aluminium ouvert pour une meilleure performance d&#8217;enl\u00e8vement de mati\u00e8re et une finition fine.<\/p>\n<p>La structure en treillis garantit un pon\u00e7age sans poussi\u00e8re et sans colmatage \u00e0 99 %. La r\u00e9duction du colmatage et de l&#8217;accumulation de poussi\u00e8re sur la surface de travail assure une plus grande long\u00e9vit\u00e9 et une meilleure finition. <\/p>\n<p>Pas de trous d\u00e9sign\u00e9s pour un alignement rapide des trous \u00e0 poussi\u00e8re et une compatibilit\u00e9 avec tous les tampons d&#8217;appui de la concurrence.<\/p>\n<p>Facile \u00e0 nettoyer et \u00e0 r\u00e9utiliser (lavage ou soufflage).<\/p>\n<p>Dure 3 fois plus longtemps que le papier de verre standard.<\/p>\n<p>Convient \u00e0 tous les types de m\u00e9tal, de bois, de peinture, de pl\u00e2tre, de stuc et de laque.<\/p>\n<p>L&#8217;utilisation d&#8217;un \u00e9conomiseur de tampon est recommand\u00e9e.<\/p>\n<p>Les feuilles abrasives Power Grid Mesh 125 mm conviennent aux M18BOS125 et ROS 125 E.<\/p>\n","protected":false},"excerpt":{"rendered":"<p>Description du produit PG Mesh sand disc : 3 x grit 80 \/ 3 x grit 120 \/ 3 x<\/p>\n","protected":false},"featured_media":57195,"template":"","meta":{"_seopress_robots_primary_cat":"","_seopress_titles_title":"","_seopress_titles_desc":"","_seopress_robots_index":""},"product_brand":[3407],"product_cat":[29,514,554],"product_tag":[],"class_list":{"0":"post-628357","1":"product","2":"type-product","3":"status-publish","4":"has-post-thumbnail","6":"product_brand-milwaukee","7":"product_cat-macchinari","8":"product_cat-altri-dispositivi","9":"product_cat-spazzole","11":"first","12":"onbackorder","13":"shipping-taxable","14":"purchasable","15":"product-type-simple"},"_links":{"self":[{"href":"https:\/\/lucacastelli.com\/fr\/wp-json\/wp\/v2\/product\/628357","targetHints":{"allow":["GET"]}}],"collection":[{"href":"https:\/\/lucacastelli.com\/fr\/wp-json\/wp\/v2\/product"}],"about":[{"href":"https:\/\/lucacastelli.com\/fr\/wp-json\/wp\/v2\/types\/product"}],"wp:featuredmedia":[{"embeddable":true,"href":"https:\/\/lucacastelli.com\/fr\/wp-json\/wp\/v2\/media\/57195"}],"wp:attachment":[{"href":"https:\/\/lucacastelli.com\/fr\/wp-json\/wp\/v2\/media?parent=628357"}],"wp:term":[{"taxonomy":"product_brand","embeddable":true,"href":"https:\/\/lucacastelli.com\/fr\/wp-json\/wp\/v2\/product_brand?post=628357"},{"taxonomy":"product_cat","embeddable":true,"href":"https:\/\/lucacastelli.com\/fr\/wp-json\/wp\/v2\/product_cat?post=628357"},{"taxonomy":"product_tag","embeddable":true,"href":"https:\/\/lucacastelli.com\/fr\/wp-json\/wp\/v2\/product_tag?post=628357"}],"curies":[{"name":"wp","href":"https:\/\/api.w.org\/{rel}","templated":true}]}}