{"id":628348,"date":"2023-07-02T15:25:47","date_gmt":"2023-07-02T13:25:47","guid":{"rendered":"https:\/\/lucacastelli.com\/prodotto\/polisseuse-akku-mini-m12bps-421x\/"},"modified":"2023-07-02T15:25:47","modified_gmt":"2023-07-02T13:25:47","slug":"polisseuse-akku-mini-m12bps-421x","status":"publish","type":"product","link":"https:\/\/lucacastelli.com\/fr\/produit\/polisseuse-akku-mini-m12bps-421x\/","title":{"rendered":"Polisseuse Akku-Mini M12BPS-421X"},"content":{"rendered":"<p>Extr\u00eamement maniable : seulement 130 mm de long<br \/>\nR\u00e9ducteur \u00e0 2 vitesses avec \u00e9lectronique de vitesse pour des travaux de polissage et de meulage pr\u00e9cis<br \/>\n\u00c9lectronique REDLINK\u2122 &#8211; protection contre les surcharges pour une longue dur\u00e9e de vie de la batterie, moteur et r\u00e9ducteur<br \/>\nTampon de polissage de 76 mm et tampon de pon\u00e7age de 51 mm pour un avancement rapide des travaux<br \/>\nVerrouillage de la broche pour un changement rapide et sans outil des accessoires<br \/>\nBo\u00eetier m\u00e9tallique robuste du r\u00e9ducteur<br \/>\nTampon \u00e0 poign\u00e9e souple<br \/>\nIndicateur du niveau de charge de la batterie.<\/p>\n<p>Caract\u00e9ristiques techniques :<br \/>\nTension \/ capacit\u00e9 de la batterie 12 V \/ 4,0 + 2,0 Ah<br \/>\nVitesse \u00e0 vide 1\u00e8re \/ 2\u00e8me vitesse 0 &#8211; 2 800 \/ 0 &#8211; 8 300 min-1<br \/>\n\u00d8 du plateau Polissage \/ Pon\u00e7age 76 \/ 51 mm<br \/>\nFiletage de la broche M9 x 0,75<br \/>\nPoids avec batterie 1,0 kg<\/p>\n<p>Contenu de la livraison :<br \/>\n1 batterie rouge 12 V \/ 4,0 Ah au lithium-ion<br \/>\n1 batterie rouge 12 V \/ 2,0 Ah au lithium-ion<br \/>\nChargeur C12 C<br \/>\nPoign\u00e9e suppl\u00e9mentaire<br \/>\nDisque de polissage<br \/>\nTampon de polissage<br \/>\n\u00c9ponge de polissage dure<br \/>\nTampon de polissage doux<br \/>\nDisque de polissage en laine d&#8217;agneau<br \/>\nBo\u00eetier HD<\/p>\n","protected":false},"excerpt":{"rendered":"<p>Extr\u00eamement maniable : seulement 130 mm de long R\u00e9ducteur \u00e0 2 vitesses avec \u00e9lectronique de vitesse pour des travaux de<\/p>\n","protected":false},"featured_media":57002,"template":"","meta":{"_seopress_robots_primary_cat":"","_seopress_titles_title":"","_seopress_titles_desc":"","_seopress_robots_index":""},"product_brand":[3407],"product_cat":[29,514,554],"product_tag":[],"class_list":{"0":"post-628348","1":"product","2":"type-product","3":"status-publish","4":"has-post-thumbnail","6":"product_brand-milwaukee","7":"product_cat-macchinari","8":"product_cat-altri-dispositivi","9":"product_cat-spazzole","11":"first","12":"onbackorder","13":"shipping-taxable","14":"purchasable","15":"product-type-simple"},"_links":{"self":[{"href":"https:\/\/lucacastelli.com\/fr\/wp-json\/wp\/v2\/product\/628348","targetHints":{"allow":["GET"]}}],"collection":[{"href":"https:\/\/lucacastelli.com\/fr\/wp-json\/wp\/v2\/product"}],"about":[{"href":"https:\/\/lucacastelli.com\/fr\/wp-json\/wp\/v2\/types\/product"}],"wp:featuredmedia":[{"embeddable":true,"href":"https:\/\/lucacastelli.com\/fr\/wp-json\/wp\/v2\/media\/57002"}],"wp:attachment":[{"href":"https:\/\/lucacastelli.com\/fr\/wp-json\/wp\/v2\/media?parent=628348"}],"wp:term":[{"taxonomy":"product_brand","embeddable":true,"href":"https:\/\/lucacastelli.com\/fr\/wp-json\/wp\/v2\/product_brand?post=628348"},{"taxonomy":"product_cat","embeddable":true,"href":"https:\/\/lucacastelli.com\/fr\/wp-json\/wp\/v2\/product_cat?post=628348"},{"taxonomy":"product_tag","embeddable":true,"href":"https:\/\/lucacastelli.com\/fr\/wp-json\/wp\/v2\/product_tag?post=628348"}],"curies":[{"name":"wp","href":"https:\/\/api.w.org\/{rel}","templated":true}]}}