{"id":628342,"date":"2023-07-02T15:25:20","date_gmt":"2023-07-02T13:25:20","guid":{"rendered":"https:\/\/lucacastelli.com\/prodotto\/akku-mini-polierer-m12bps-0\/"},"modified":"2026-04-18T00:00:22","modified_gmt":"2026-04-17T22:00:22","slug":"akku-mini-polierer-m12bps-0","status":"publish","type":"product","link":"https:\/\/lucacastelli.com\/fr\/produit\/akku-mini-polierer-m12bps-0\/","title":{"rendered":"Akku-Mini Polierer M12BPS-0"},"content":{"rendered":"<p>Extr\u00eamement maniable : seulement 130 mm de long<br \/>\nEngrenage \u00e0 2 vitesses avec variateur \u00e9lectronique pour des travaux de polissage et de pon\u00e7age pr\u00e9cis<br \/>\n\u00c9lectronique REDLINK\u2122 &#8211; protection contre les surcharges pour une longue dur\u00e9e de vie de la batterie, du moteur et de l\u2019engrenage<br \/>\nPlateau de polissage de 76 mm et plateau de pon\u00e7age de 51 mm pour une progression de travail rapide<br \/>\nBlocage de la broche pour un changement d\u2019accessoires rapide et sans outil<br \/>\nCarter d\u2019engrenage robuste en m\u00e9tal<br \/>\nPoign\u00e9e avec rev\u00eatement Softgrip<br \/>\nIndicateur de niveau de charge de la batterie<\/p>\n<p>Donn\u00e9es techniques :<br \/>\nTension \/ capacit\u00e9 de la batterie 12 V \/ 4,0 + 2,0 Ah<br \/>\nVitesse \u00e0 vide 1\u00e8re \/ 2\u00e8me vitesse 0 &#8211; 2 800 \/ 0 &#8211; 8 300 min-1<br \/>\n\u00d8 du plateau Polissage \/ Pon\u00e7age 76 \/ 51 mm<br \/>\nFiletage de la broche M9 x 0,75<br \/>\nPoids avec batterie 1,0 kg<\/p>\n<p>Contenu de la livraison :<br \/>\nPoign\u00e9e suppl\u00e9mentaire<br \/>\nDisque de polissage<br \/>\nDisque de pon\u00e7age<br \/>\n\u00c9ponge de polissage dure<br \/>\n\u00c9ponge de polissage souple<br \/>\nPeau de mouton pour polissage<br \/>\nSANS BATTERIES, SANS CHARGEUR, SANS COFFRET<\/p>\n","protected":false},"excerpt":{"rendered":"<p>Extr\u00eamement maniable : seulement 130 mm de long Engrenage \u00e0 2 vitesses avec variateur \u00e9lectronique pour des travaux de polissage<\/p>\n","protected":false},"featured_media":56999,"template":"","meta":{"_seopress_robots_primary_cat":"none","_seopress_titles_title":"","_seopress_titles_desc":"","_seopress_robots_index":""},"product_brand":[3658],"product_cat":[1453,1549,167],"product_tag":[],"class_list":{"0":"post-628342","1":"product","2":"type-product","3":"status-publish","4":"has-post-thumbnail","6":"product_brand-milwaukee-fr","7":"product_cat-autres-appareils","8":"product_cat-brosses","9":"product_cat-machines","10":"sws-gruppo-macchinari-fr","11":"sws-conto-ricavi-merci-rivendita-macchinari-fr","12":"sws-gruppo-iva-iva81-fr","14":"first","15":"onbackorder","16":"sale","17":"shipping-taxable","18":"purchasable","19":"product-type-simple"},"_links":{"self":[{"href":"https:\/\/lucacastelli.com\/fr\/wp-json\/wp\/v2\/product\/628342","targetHints":{"allow":["GET"]}}],"collection":[{"href":"https:\/\/lucacastelli.com\/fr\/wp-json\/wp\/v2\/product"}],"about":[{"href":"https:\/\/lucacastelli.com\/fr\/wp-json\/wp\/v2\/types\/product"}],"wp:featuredmedia":[{"embeddable":true,"href":"https:\/\/lucacastelli.com\/fr\/wp-json\/wp\/v2\/media\/56999"}],"wp:attachment":[{"href":"https:\/\/lucacastelli.com\/fr\/wp-json\/wp\/v2\/media?parent=628342"}],"wp:term":[{"taxonomy":"product_brand","embeddable":true,"href":"https:\/\/lucacastelli.com\/fr\/wp-json\/wp\/v2\/product_brand?post=628342"},{"taxonomy":"product_cat","embeddable":true,"href":"https:\/\/lucacastelli.com\/fr\/wp-json\/wp\/v2\/product_cat?post=628342"},{"taxonomy":"product_tag","embeddable":true,"href":"https:\/\/lucacastelli.com\/fr\/wp-json\/wp\/v2\/product_tag?post=628342"}],"curies":[{"name":"wp","href":"https:\/\/api.w.org\/{rel}","templated":true}]}}