{"id":628341,"date":"2023-07-02T15:26:17","date_gmt":"2023-07-02T13:26:17","guid":{"rendered":"https:\/\/lucacastelli.com\/prodotto\/fuel-akku-geradschleifer-m12fdgs-0\/"},"modified":"2023-07-02T15:26:17","modified_gmt":"2023-07-02T13:26:17","slug":"fuel-akku-geradschleifer-m12fdgs-0","status":"publish","type":"product","link":"https:\/\/lucacastelli.com\/fr\/produit\/fuel-akku-geradschleifer-m12fdgs-0\/","title":{"rendered":"FUEL Akku-Geradschleifer M12FDGS-0"},"content":{"rendered":"<p>Conception compacte de seulement 262 mm de long<br \/>\nR\u00e9gulation de la vitesse \u00e0 3 niveaux et contr\u00f4le sensible de la vitesse pour une bonne ma\u00eetrise<br \/>\nId\u00e9al pour enlever la rouille et les produits d&#8217;\u00e9tanch\u00e9it\u00e9 et pour pr\u00e9parer les applications de soudage<br \/>\nFourni avec des pinces de 6 et 8 mm<br \/>\nDonn\u00e9es techniques<\/p>\n<p>Tension de la batterie : 12 V<br \/>\nFixation de la pince : 6 \/ 8 mm<br \/>\n\u00d8 de la roue max. \u00d8 de la roue : 50 mm<br \/>\nVitesse maximale \u00e0 vide (min-1) Vitesse \u00e0 vide (min-1) : 25 000<br \/>\nContenu de la livraison <\/p>\n<p>Sans piles, sans chargeur, sans sac<\/p>\n","protected":false},"excerpt":{"rendered":"<p>Conception compacte de seulement 262 mm de long R\u00e9gulation de la vitesse \u00e0 3 niveaux et contr\u00f4le sensible de la<\/p>\n","protected":false},"featured_media":57007,"template":"","meta":{"_seopress_robots_primary_cat":"","_seopress_titles_title":"","_seopress_titles_desc":"","_seopress_robots_index":""},"product_brand":[3407],"product_cat":[29,514,554],"product_tag":[],"class_list":{"0":"post-628341","1":"product","2":"type-product","3":"status-publish","4":"has-post-thumbnail","6":"product_brand-milwaukee","7":"product_cat-macchinari","8":"product_cat-altri-dispositivi","9":"product_cat-spazzole","11":"first","12":"onbackorder","13":"shipping-taxable","14":"purchasable","15":"product-type-simple"},"_links":{"self":[{"href":"https:\/\/lucacastelli.com\/fr\/wp-json\/wp\/v2\/product\/628341","targetHints":{"allow":["GET"]}}],"collection":[{"href":"https:\/\/lucacastelli.com\/fr\/wp-json\/wp\/v2\/product"}],"about":[{"href":"https:\/\/lucacastelli.com\/fr\/wp-json\/wp\/v2\/types\/product"}],"wp:featuredmedia":[{"embeddable":true,"href":"https:\/\/lucacastelli.com\/fr\/wp-json\/wp\/v2\/media\/57007"}],"wp:attachment":[{"href":"https:\/\/lucacastelli.com\/fr\/wp-json\/wp\/v2\/media?parent=628341"}],"wp:term":[{"taxonomy":"product_brand","embeddable":true,"href":"https:\/\/lucacastelli.com\/fr\/wp-json\/wp\/v2\/product_brand?post=628341"},{"taxonomy":"product_cat","embeddable":true,"href":"https:\/\/lucacastelli.com\/fr\/wp-json\/wp\/v2\/product_cat?post=628341"},{"taxonomy":"product_tag","embeddable":true,"href":"https:\/\/lucacastelli.com\/fr\/wp-json\/wp\/v2\/product_tag?post=628341"}],"curies":[{"name":"wp","href":"https:\/\/api.w.org\/{rel}","templated":true}]}}