{"id":628335,"date":"2023-06-23T14:55:22","date_gmt":"2023-06-23T12:55:22","guid":{"rendered":"https:\/\/lucacastelli.com\/prodotto\/190-30-mm-z54-flachtrapezzahn-negativ-kreissageblatt-holz-alu-fur-handkreissagen\/"},"modified":"2023-06-23T14:55:22","modified_gmt":"2023-06-23T12:55:22","slug":"190-30-mm-z54-flachtrapezzahn-negativ-kreissageblatt-holz-alu-fur-handkreissagen","status":"publish","type":"product","link":"https:\/\/lucacastelli.com\/fr\/produit\/190-30-mm-z54-flachtrapezzahn-negativ-kreissageblatt-holz-alu-fur-handkreissagen\/","title":{"rendered":"190\/30 mm Z54 Flachtrapezzahn negativ Kreiss\u00e4geblatt Holz\/Alu f\u00fcr Handkreiss\u00e4gen"},"content":{"rendered":"<p>Description du produit<\/p>\n<p>Acier d\u00e9coup\u00e9 au laser de haute qualit\u00e9 : pr\u00e9cision garantie.<br \/>\nCarbure de tungst\u00e8ne au cobalt de haute qualit\u00e9 : des coupes nettes et pr\u00e9cises.<br \/>\nRev\u00eatement PTFE : coupe plus froide, ne colle pas lors des coupes plus rapides.<br \/>\nProt\u00e8ge contre la corrosion et l&#8217;accumulation de r\u00e9sine.<br \/>\nRainures antivibrations d\u00e9coup\u00e9es au laser : faibles vibrations et plus grande pr\u00e9cision.<br \/>\nLes rainures sont remplies de polyur\u00e9thane et agissent comme des amortisseurs, isolant les dents des vibrations.<br \/>\n* Coupe fine : optimis\u00e9e pour les machines aliment\u00e9es par batterie, largeur de coupe extra fine pour une durabilit\u00e9 maximale.<br \/>\n* Tous les types de bois : bois tendre\/feuillu, contreplaqu\u00e9, agglom\u00e9r\u00e9 stratifi\u00e9, m\u00e9lamine, MDF.<br \/>\n** Lame standard sans rev\u00eatement PTFE et sans rainures de vibration.<\/p>\n<p>Donn\u00e9es techniques<\/p>\n<p>Nombre de dents : 52<br \/>\nFermeture ? (mm) : 20<br \/>\nAngle de crochet : -5<br \/>\nPlastique : oui<br \/>\nLargeur de coupe (coupe) (mm) : 2,2<br \/>\nM\u00e9taux non ferreux, profil\u00e9s en aluminium : oui<br \/>\nDescription : CSB P Alu160 x 20 x 2,2 x 52TF<br \/>\nForme des dents : TF<br \/>\nLame ? (mm) : 160<br \/>\nCoupe nette : oui  <\/p>\n","protected":false},"excerpt":{"rendered":"<p>Description du produit Acier d\u00e9coup\u00e9 au laser de haute qualit\u00e9 : pr\u00e9cision garantie. Carbure de tungst\u00e8ne au cobalt de haute<\/p>\n","protected":false},"featured_media":56792,"template":"","meta":{"_seopress_robots_primary_cat":"","_seopress_titles_title":"","_seopress_titles_desc":"","_seopress_robots_index":""},"product_brand":[3407],"product_cat":[29,514,535],"product_tag":[],"class_list":{"0":"post-628335","1":"product","2":"type-product","3":"status-publish","4":"has-post-thumbnail","6":"product_brand-milwaukee","7":"product_cat-macchinari","8":"product_cat-altri-dispositivi","9":"product_cat-spaccalegna-e-circolari","11":"first","12":"instock","13":"shipping-taxable","14":"purchasable","15":"product-type-simple"},"_links":{"self":[{"href":"https:\/\/lucacastelli.com\/fr\/wp-json\/wp\/v2\/product\/628335","targetHints":{"allow":["GET"]}}],"collection":[{"href":"https:\/\/lucacastelli.com\/fr\/wp-json\/wp\/v2\/product"}],"about":[{"href":"https:\/\/lucacastelli.com\/fr\/wp-json\/wp\/v2\/types\/product"}],"wp:featuredmedia":[{"embeddable":true,"href":"https:\/\/lucacastelli.com\/fr\/wp-json\/wp\/v2\/media\/56792"}],"wp:attachment":[{"href":"https:\/\/lucacastelli.com\/fr\/wp-json\/wp\/v2\/media?parent=628335"}],"wp:term":[{"taxonomy":"product_brand","embeddable":true,"href":"https:\/\/lucacastelli.com\/fr\/wp-json\/wp\/v2\/product_brand?post=628335"},{"taxonomy":"product_cat","embeddable":true,"href":"https:\/\/lucacastelli.com\/fr\/wp-json\/wp\/v2\/product_cat?post=628335"},{"taxonomy":"product_tag","embeddable":true,"href":"https:\/\/lucacastelli.com\/fr\/wp-json\/wp\/v2\/product_tag?post=628335"}],"curies":[{"name":"wp","href":"https:\/\/api.w.org\/{rel}","templated":true}]}}