{"id":628330,"date":"2023-06-22T19:15:30","date_gmt":"2023-06-22T17:15:30","guid":{"rendered":"https:\/\/lucacastelli.com\/prodotto\/akku-6-0-ah-m12b6\/"},"modified":"2023-06-22T19:15:30","modified_gmt":"2023-06-22T17:15:30","slug":"akku-6-0-ah-m12b6","status":"publish","type":"product","link":"https:\/\/lucacastelli.com\/fr\/produit\/akku-6-0-ah-m12b6\/","title":{"rendered":"Akku 6.0 Ah M12B6"},"content":{"rendered":"<p>Caract\u00e9ristiques techniques :<\/p>\n<p>Batterie lithium-ion<br \/>\nCapacit\u00e9 de la batterie (Ah) 6,0<br \/>\nLivr\u00e9e sous blister<br \/>\nPoids (kg) 0,638<br \/>\nTension (V) 12<br \/>\nSyst\u00e8me M12<br \/>\nContenu de la livraison :<\/p>\n<p>1 batterie lithium-ion rouge 12 V \/ 6,0 Ah (M12 B6)<\/p>\n","protected":false},"excerpt":{"rendered":"<p>Caract\u00e9ristiques techniques : Batterie lithium-ion Capacit\u00e9 de la batterie (Ah) 6,0 Livr\u00e9e sous blister Poids (kg) 0,638 Tension (V) 12<\/p>\n","protected":false},"featured_media":56779,"template":"","meta":{"_seopress_robots_primary_cat":"","_seopress_titles_title":"","_seopress_titles_desc":"","_seopress_robots_index":""},"product_brand":[3658],"product_cat":[1555,1453,167,1552],"product_tag":[],"class_list":{"0":"post-628330","1":"product","2":"type-product","3":"status-publish","4":"has-post-thumbnail","6":"product_brand-milwaukee-fr","7":"product_cat-accessoires-pour-perceuses-et-tournevis","8":"product_cat-autres-appareils","9":"product_cat-machines","10":"product_cat-perceuses-et-tournevis","12":"first","13":"instock","14":"sale","15":"shipping-taxable","16":"purchasable","17":"product-type-simple"},"_links":{"self":[{"href":"https:\/\/lucacastelli.com\/fr\/wp-json\/wp\/v2\/product\/628330","targetHints":{"allow":["GET"]}}],"collection":[{"href":"https:\/\/lucacastelli.com\/fr\/wp-json\/wp\/v2\/product"}],"about":[{"href":"https:\/\/lucacastelli.com\/fr\/wp-json\/wp\/v2\/types\/product"}],"wp:featuredmedia":[{"embeddable":true,"href":"https:\/\/lucacastelli.com\/fr\/wp-json\/wp\/v2\/media\/56779"}],"wp:attachment":[{"href":"https:\/\/lucacastelli.com\/fr\/wp-json\/wp\/v2\/media?parent=628330"}],"wp:term":[{"taxonomy":"product_brand","embeddable":true,"href":"https:\/\/lucacastelli.com\/fr\/wp-json\/wp\/v2\/product_brand?post=628330"},{"taxonomy":"product_cat","embeddable":true,"href":"https:\/\/lucacastelli.com\/fr\/wp-json\/wp\/v2\/product_cat?post=628330"},{"taxonomy":"product_tag","embeddable":true,"href":"https:\/\/lucacastelli.com\/fr\/wp-json\/wp\/v2\/product_tag?post=628330"}],"curies":[{"name":"wp","href":"https:\/\/api.w.org\/{rel}","templated":true}]}}