{"id":628319,"date":"2023-06-16T14:18:27","date_gmt":"2023-06-16T12:18:27","guid":{"rendered":"https:\/\/lucacastelli.com\/prodotto\/kratzfest-beschlagfrei-schutzbrille-klar\/"},"modified":"2023-06-16T14:18:27","modified_gmt":"2023-06-16T12:18:27","slug":"kratzfest-beschlagfrei-schutzbrille-klar","status":"publish","type":"product","link":"https:\/\/lucacastelli.com\/fr\/produit\/kratzfest-beschlagfrei-schutzbrille-klar\/","title":{"rendered":"kratzfest &amp; beschlagfrei Schutzbrille klar"},"content":{"rendered":"<p>Poids r\u00e9duit pour un grand confort lors d&#8217;une utilisation prolong\u00e9e.<br \/>\nPlaquette de nez r\u00e9glable et amovible pour une adaptation optimale \u00e0 toutes les formes de visage.<br \/>\nBranches confortables et flexibles pour un confort accru.<br \/>\nLes versions transparentes et teint\u00e9es permettent une protection oculaire flexible pour le travail \u00e0 l&#8217;int\u00e9rieur et \u00e0 l&#8217;ext\u00e9rieur.<br \/>\nCertificat europ\u00e9en : EN166 et EN 170 \/ 172.<br \/>\nCouleur de l&#8217;oculaire : transparent<br \/>\nPoids : 25 g<br \/>\nClassification : MT 166 FT CE \/ 2C-1.2 MT 1FT CE<br \/>\nType d&#8217;emballage : Polybag<\/p>\n","protected":false},"excerpt":{"rendered":"<p>Poids r\u00e9duit pour un grand confort lors d&#8217;une utilisation prolong\u00e9e. Plaquette de nez r\u00e9glable et amovible pour une adaptation optimale<\/p>\n","protected":false},"featured_media":91885,"template":"","meta":{"_seopress_robots_primary_cat":"","_seopress_titles_title":"","_seopress_titles_desc":"","_seopress_robots_index":""},"product_brand":[3407],"product_cat":[33,537,815,816],"product_tag":[],"class_list":{"0":"post-628319","1":"product","2":"type-product","3":"status-publish","4":"has-post-thumbnail","6":"product_brand-milwaukee","7":"product_cat-attrezzature","8":"product_cat-attrezzatura-da-lavoro","9":"product_cat-caschi","10":"product_cat-visiere-e-occhiali-protettivi","12":"first","13":"instock","14":"shipping-taxable","15":"purchasable","16":"product-type-simple"},"_links":{"self":[{"href":"https:\/\/lucacastelli.com\/fr\/wp-json\/wp\/v2\/product\/628319","targetHints":{"allow":["GET"]}}],"collection":[{"href":"https:\/\/lucacastelli.com\/fr\/wp-json\/wp\/v2\/product"}],"about":[{"href":"https:\/\/lucacastelli.com\/fr\/wp-json\/wp\/v2\/types\/product"}],"wp:featuredmedia":[{"embeddable":true,"href":"https:\/\/lucacastelli.com\/fr\/wp-json\/wp\/v2\/media\/91885"}],"wp:attachment":[{"href":"https:\/\/lucacastelli.com\/fr\/wp-json\/wp\/v2\/media?parent=628319"}],"wp:term":[{"taxonomy":"product_brand","embeddable":true,"href":"https:\/\/lucacastelli.com\/fr\/wp-json\/wp\/v2\/product_brand?post=628319"},{"taxonomy":"product_cat","embeddable":true,"href":"https:\/\/lucacastelli.com\/fr\/wp-json\/wp\/v2\/product_cat?post=628319"},{"taxonomy":"product_tag","embeddable":true,"href":"https:\/\/lucacastelli.com\/fr\/wp-json\/wp\/v2\/product_tag?post=628319"}],"curies":[{"name":"wp","href":"https:\/\/api.w.org\/{rel}","templated":true}]}}