{"id":628317,"date":"2023-06-16T14:05:57","date_gmt":"2023-06-16T12:05:57","guid":{"rendered":"https:\/\/lucacastelli.com\/prodotto\/10-cm-lang-wasserwaage-minibox\/"},"modified":"2023-06-16T14:05:57","modified_gmt":"2023-06-16T12:05:57","slug":"10-cm-lang-wasserwaage-minibox","status":"publish","type":"product","link":"https:\/\/lucacastelli.com\/fr\/produit\/10-cm-lang-wasserwaage-minibox\/","title":{"rendered":"10 cm lang Wasserwaage Minibox"},"content":{"rendered":"<p>Niveau \u00e0 bulle l\u00e9ger avec profil en aluminium, qui se glisse dans n&#8217;importe quelle poche ou bo\u00eete \u00e0 outils.<br \/>\nNiveau \u00e0 bulle en acrylique robuste, r\u00e9sistant aux chocs et aux UV.<br \/>\nEmbouts antichocs.<br \/>\nPr\u00e9cision de mesure de 0,029\u00b0 (0,5 mm\/m).<br \/>\nPr\u00e9cision certifi\u00e9e par VPA.<\/p>\n","protected":false},"excerpt":{"rendered":"<p>Niveau \u00e0 bulle l\u00e9ger avec profil en aluminium, qui se glisse dans n&#8217;importe quelle poche ou bo\u00eete \u00e0 outils. Niveau<\/p>\n","protected":false},"featured_media":56612,"template":"","meta":{"_seopress_robots_primary_cat":"","_seopress_titles_title":"","_seopress_titles_desc":"","_seopress_robots_index":""},"product_brand":[3407],"product_cat":[29,514,551],"product_tag":[],"class_list":{"0":"post-628317","1":"product","2":"type-product","3":"status-publish","4":"has-post-thumbnail","6":"product_brand-milwaukee","7":"product_cat-macchinari","8":"product_cat-altri-dispositivi","9":"product_cat-apparecchi-di-misurazione","11":"first","12":"instock","13":"shipping-taxable","14":"purchasable","15":"product-type-simple"},"_links":{"self":[{"href":"https:\/\/lucacastelli.com\/fr\/wp-json\/wp\/v2\/product\/628317","targetHints":{"allow":["GET"]}}],"collection":[{"href":"https:\/\/lucacastelli.com\/fr\/wp-json\/wp\/v2\/product"}],"about":[{"href":"https:\/\/lucacastelli.com\/fr\/wp-json\/wp\/v2\/types\/product"}],"wp:featuredmedia":[{"embeddable":true,"href":"https:\/\/lucacastelli.com\/fr\/wp-json\/wp\/v2\/media\/56612"}],"wp:attachment":[{"href":"https:\/\/lucacastelli.com\/fr\/wp-json\/wp\/v2\/media?parent=628317"}],"wp:term":[{"taxonomy":"product_brand","embeddable":true,"href":"https:\/\/lucacastelli.com\/fr\/wp-json\/wp\/v2\/product_brand?post=628317"},{"taxonomy":"product_cat","embeddable":true,"href":"https:\/\/lucacastelli.com\/fr\/wp-json\/wp\/v2\/product_cat?post=628317"},{"taxonomy":"product_tag","embeddable":true,"href":"https:\/\/lucacastelli.com\/fr\/wp-json\/wp\/v2\/product_tag?post=628317"}],"curies":[{"name":"wp","href":"https:\/\/api.w.org\/{rel}","templated":true}]}}