{"id":628314,"date":"2023-06-16T14:06:53","date_gmt":"2023-06-16T12:06:53","guid":{"rendered":"https:\/\/lucacastelli.com\/prodotto\/bis-15-kg-werkzeugsicherungsgurt-dynamisch\/"},"modified":"2023-06-16T14:06:53","modified_gmt":"2023-06-16T12:06:53","slug":"bis-15-kg-werkzeugsicherungsgurt-dynamisch","status":"publish","type":"product","link":"https:\/\/lucacastelli.com\/fr\/produit\/bis-15-kg-werkzeugsicherungsgurt-dynamisch\/","title":{"rendered":"bis 15 kg Werkzeugsicherungsgurt dynamisch"},"content":{"rendered":"<p>L&#8217;absorption des chocs r\u00e9gule la vitesse de chute de l&#8217;outil, r\u00e9duisant ainsi la force de la chute.<br \/>\nLe mousqueton \u00e0 ouverture dans les 2 sens permet une connexion s\u00e9curis\u00e9e qui ne peut pas se desserrer involontairement.<br \/>\nL&#8217;articulation pivotante int\u00e9gr\u00e9e emp\u00eache l&#8217;entortillement ou l&#8217;enchev\u00eatrement et permet une plus grande mobilit\u00e9.<br \/>\nLe code couleur permet de diff\u00e9rencier facilement le poids total autoris\u00e9.<br \/>\nLes accessoires suppl\u00e9mentaires permettent de s\u00e9curiser tous les outils avec un \u00e9quipement de protection contre les chutes.<br \/>\nCode couleur : Gris<br \/>\nCapacit\u00e9 de charge : 15,8 kg<\/p>\n","protected":false},"excerpt":{"rendered":"<p>L&#8217;absorption des chocs r\u00e9gule la vitesse de chute de l&#8217;outil, r\u00e9duisant ainsi la force de la chute. Le mousqueton \u00e0<\/p>\n","protected":false},"featured_media":91880,"template":"","meta":{"_seopress_robots_primary_cat":"","_seopress_titles_title":"","_seopress_titles_desc":"","_seopress_robots_index":""},"product_brand":[3407],"product_cat":[33,537,822],"product_tag":[],"class_list":{"0":"post-628314","1":"product","2":"type-product","3":"status-publish","4":"has-post-thumbnail","6":"product_brand-milwaukee","7":"product_cat-attrezzature","8":"product_cat-attrezzatura-da-lavoro","9":"product_cat-altro-attrezzatura-da-lavoro","11":"first","12":"instock","13":"shipping-taxable","14":"purchasable","15":"product-type-simple"},"_links":{"self":[{"href":"https:\/\/lucacastelli.com\/fr\/wp-json\/wp\/v2\/product\/628314","targetHints":{"allow":["GET"]}}],"collection":[{"href":"https:\/\/lucacastelli.com\/fr\/wp-json\/wp\/v2\/product"}],"about":[{"href":"https:\/\/lucacastelli.com\/fr\/wp-json\/wp\/v2\/types\/product"}],"wp:featuredmedia":[{"embeddable":true,"href":"https:\/\/lucacastelli.com\/fr\/wp-json\/wp\/v2\/media\/91880"}],"wp:attachment":[{"href":"https:\/\/lucacastelli.com\/fr\/wp-json\/wp\/v2\/media?parent=628314"}],"wp:term":[{"taxonomy":"product_brand","embeddable":true,"href":"https:\/\/lucacastelli.com\/fr\/wp-json\/wp\/v2\/product_brand?post=628314"},{"taxonomy":"product_cat","embeddable":true,"href":"https:\/\/lucacastelli.com\/fr\/wp-json\/wp\/v2\/product_cat?post=628314"},{"taxonomy":"product_tag","embeddable":true,"href":"https:\/\/lucacastelli.com\/fr\/wp-json\/wp\/v2\/product_tag?post=628314"}],"curies":[{"name":"wp","href":"https:\/\/api.w.org\/{rel}","templated":true}]}}