{"id":628313,"date":"2023-06-16T13:53:52","date_gmt":"2023-06-16T11:53:52","guid":{"rendered":"https:\/\/lucacastelli.com\/prodotto\/20-x-460-mm-ws-holz-schlangenbohrer\/"},"modified":"2023-06-16T13:53:52","modified_gmt":"2023-06-16T11:53:52","slug":"20-x-460-mm-ws-holz-schlangenbohrer","status":"publish","type":"product","link":"https:\/\/lucacastelli.com\/fr\/produit\/20-x-460-mm-ws-holz-schlangenbohrer\/","title":{"rendered":"20 x 460 mm WS-Holz Schlangenbohrer"},"content":{"rendered":"<p>Description<\/p>\n<p>Avec raccord \u00e0 vis hexagonale pour un serrage s\u00fbr de la broche.<br \/>\nPour le per\u00e7age de pr\u00e9cision dans les bois tendres et durs, les poutres, les menuiseries, les plinthes, les panneaux d&#8217;agglom\u00e9r\u00e9 et le contreplaqu\u00e9.<br \/>\nConception en spirale pour un enl\u00e8vement rapide des copeaux.<\/p>\n<p>Donn\u00e9es techniques<\/p>\n<p>? (mm) : 20<br \/>\nSupport d&#8217;arbre : hexagone de 11 mm<br \/>\nLongueur totale (mm) : 460<br \/>\nLongueur de travail B (mm) : 385 <\/p>\n","protected":false},"excerpt":{"rendered":"<p>Description Avec raccord \u00e0 vis hexagonale pour un serrage s\u00fbr de la broche. Pour le per\u00e7age de pr\u00e9cision dans les<\/p>\n","protected":false},"featured_media":56602,"template":"","meta":{"_seopress_robots_primary_cat":"","_seopress_titles_title":"","_seopress_titles_desc":"","_seopress_robots_index":""},"product_brand":[3658],"product_cat":[1453,167],"product_tag":[],"class_list":{"0":"post-628313","1":"product","2":"type-product","3":"status-publish","4":"has-post-thumbnail","6":"product_brand-milwaukee-fr","7":"product_cat-autres-appareils","8":"product_cat-machines","10":"first","11":"instock","12":"shipping-taxable","13":"purchasable","14":"product-type-simple"},"_links":{"self":[{"href":"https:\/\/lucacastelli.com\/fr\/wp-json\/wp\/v2\/product\/628313","targetHints":{"allow":["GET"]}}],"collection":[{"href":"https:\/\/lucacastelli.com\/fr\/wp-json\/wp\/v2\/product"}],"about":[{"href":"https:\/\/lucacastelli.com\/fr\/wp-json\/wp\/v2\/types\/product"}],"wp:featuredmedia":[{"embeddable":true,"href":"https:\/\/lucacastelli.com\/fr\/wp-json\/wp\/v2\/media\/56602"}],"wp:attachment":[{"href":"https:\/\/lucacastelli.com\/fr\/wp-json\/wp\/v2\/media?parent=628313"}],"wp:term":[{"taxonomy":"product_brand","embeddable":true,"href":"https:\/\/lucacastelli.com\/fr\/wp-json\/wp\/v2\/product_brand?post=628313"},{"taxonomy":"product_cat","embeddable":true,"href":"https:\/\/lucacastelli.com\/fr\/wp-json\/wp\/v2\/product_cat?post=628313"},{"taxonomy":"product_tag","embeddable":true,"href":"https:\/\/lucacastelli.com\/fr\/wp-json\/wp\/v2\/product_tag?post=628313"}],"curies":[{"name":"wp","href":"https:\/\/api.w.org\/{rel}","templated":true}]}}