{"id":628306,"date":"2023-06-16T13:41:44","date_gmt":"2023-06-16T11:41:44","guid":{"rendered":"https:\/\/lucacastelli.com\/prodotto\/190-30-mm-z48-wechselzahn-kreissageblatt-holz-fur-handkreissagen\/"},"modified":"2023-06-16T13:41:44","modified_gmt":"2023-06-16T11:41:44","slug":"190-30-mm-z48-wechselzahn-kreissageblatt-holz-fur-handkreissagen","status":"publish","type":"product","link":"https:\/\/lucacastelli.com\/fr\/produit\/190-30-mm-z48-wechselzahn-kreissageblatt-holz-fur-handkreissagen\/","title":{"rendered":"190\/30 mm Z48 Wechselzahn Kreiss\u00e4geblatt Holz f\u00fcr Handkreiss\u00e4gen"},"content":{"rendered":"<p>Description du produit<br \/>\nAcier d\u00e9coup\u00e9 au laser de haute qualit\u00e9 : pr\u00e9cision garantie.<br \/>\nCarbure de tungst\u00e8ne au cobalt de haute qualit\u00e9 : des coupes nettes et pr\u00e9cises.<br \/>\nRev\u00eatement PTFE : coupe plus froide, ne colle pas lors des coupes plus rapides.<br \/>\nProt\u00e8ge contre la corrosion et l&#8217;accumulation de r\u00e9sine.<br \/>\nRainures antivibrations d\u00e9coup\u00e9es au laser : faibles vibrations et plus grande pr\u00e9cision.<br \/>\nLes rainures sont remplies de polyur\u00e9thane et agissent comme des amortisseurs, isolant les dents des vibrations.<br \/>\n* Coupe fine : optimis\u00e9e pour les machines aliment\u00e9es par batterie, largeur de coupe extra fine pour une durabilit\u00e9 maximale.<br \/>\n* Tous les types de bois : bois tendre\/feuillu, contreplaqu\u00e9, agglom\u00e9r\u00e9 stratifi\u00e9, m\u00e9lamine, MDF.<br \/>\n** Lame standard sans rev\u00eatement PTFE et sans rainures de vibration.<\/p>\n<p>Donn\u00e9es techniques<br \/>\nNombre de dents : 48<br \/>\nTous les bois : oui<br \/>\nAl\u00e9sage de l&#8217;arbre ? (mm) : 30<br \/>\nAngle de crochet : +10<br \/>\nLargeur de coupe (coupe) (mm) : 2,1<br \/>\nDescription : CSB P B 190 x 30 x 2,1 x 48ATB<br \/>\nForme des dents : ATB<br \/>\nTrait fin : oui<br \/>\nweb_meta_page_description : Un bon travail dure plus longtemps<br \/>\nNos Lames pour scie circulaire \u00e0 main sont con\u00e7ues pour les professionnels.<br \/>\nEn savoir plus sur notre gamme bois<br \/>\nweb_meta_page_title : Lames pour scie circulaire<br \/>\nLame ? (mm) : 190<br \/>\nCoupe nette : oui  <\/p>\n","protected":false},"excerpt":{"rendered":"<p>Description du produit Acier d\u00e9coup\u00e9 au laser de haute qualit\u00e9 : pr\u00e9cision garantie. Carbure de tungst\u00e8ne au cobalt de haute<\/p>\n","protected":false},"featured_media":56592,"template":"","meta":{"_seopress_robots_primary_cat":"","_seopress_titles_title":"","_seopress_titles_desc":"","_seopress_robots_index":""},"product_brand":[3407],"product_cat":[29,514,535],"product_tag":[],"class_list":{"0":"post-628306","1":"product","2":"type-product","3":"status-publish","4":"has-post-thumbnail","6":"product_brand-milwaukee","7":"product_cat-macchinari","8":"product_cat-altri-dispositivi","9":"product_cat-spaccalegna-e-circolari","11":"first","12":"instock","13":"shipping-taxable","14":"purchasable","15":"product-type-simple"},"_links":{"self":[{"href":"https:\/\/lucacastelli.com\/fr\/wp-json\/wp\/v2\/product\/628306","targetHints":{"allow":["GET"]}}],"collection":[{"href":"https:\/\/lucacastelli.com\/fr\/wp-json\/wp\/v2\/product"}],"about":[{"href":"https:\/\/lucacastelli.com\/fr\/wp-json\/wp\/v2\/types\/product"}],"wp:featuredmedia":[{"embeddable":true,"href":"https:\/\/lucacastelli.com\/fr\/wp-json\/wp\/v2\/media\/56592"}],"wp:attachment":[{"href":"https:\/\/lucacastelli.com\/fr\/wp-json\/wp\/v2\/media?parent=628306"}],"wp:term":[{"taxonomy":"product_brand","embeddable":true,"href":"https:\/\/lucacastelli.com\/fr\/wp-json\/wp\/v2\/product_brand?post=628306"},{"taxonomy":"product_cat","embeddable":true,"href":"https:\/\/lucacastelli.com\/fr\/wp-json\/wp\/v2\/product_cat?post=628306"},{"taxonomy":"product_tag","embeddable":true,"href":"https:\/\/lucacastelli.com\/fr\/wp-json\/wp\/v2\/product_tag?post=628306"}],"curies":[{"name":"wp","href":"https:\/\/api.w.org\/{rel}","templated":true}]}}