{"id":628300,"date":"2023-06-16T13:28:07","date_gmt":"2023-06-16T11:28:07","guid":{"rendered":"https:\/\/lucacastelli.com\/prodotto\/190-30-mm-z24-wechselzahn-kreissageblatt-holz-fur-handkreissagen\/"},"modified":"2023-06-16T13:28:07","modified_gmt":"2023-06-16T11:28:07","slug":"190-30-mm-z24-wechselzahn-kreissageblatt-holz-fur-handkreissagen","status":"publish","type":"product","link":"https:\/\/lucacastelli.com\/fr\/produit\/190-30-mm-z24-wechselzahn-kreissageblatt-holz-fur-handkreissagen\/","title":{"rendered":"190\/30 mm Z24 Wechselzahn Kreiss\u00e4geblatt Holz f\u00fcr Handkreiss\u00e4gen"},"content":{"rendered":"<p>Rev\u00eatement PTFE (t\u00e9flon) : r\u00e9duit la friction pour des coupes plus rapides et plus froides. Prot\u00e8ge contre la corrosion et l&#8217;accumulation de r\u00e9sine.<br \/>\nFentes d&#8217;amortissement des vibrations d\u00e9coup\u00e9es au laser : pour r\u00e9duire les vibrations et obtenir des coupes plus pr\u00e9cises. Les fentes sont remplies de polyur\u00e9thane et agissent comme des amortisseurs, emp\u00eachant les vibrations d&#8217;atteindre les dents en carbure.<br \/>\nAcier de haute qualit\u00e9 d\u00e9coup\u00e9 au laser : garantit des coupes pr\u00e9cises.<br \/>\nDents en carbure de cobalt : restent tranchantes plus longtemps et garantissent des coupes plus nettes.<br \/>\n*KERF THIN : optimis\u00e9 pour les outils sans fil, largeur de coupe extra-fine pour une longue dur\u00e9e de vie par charge de batterie.<br \/>\n*Tous types de bois : bois tendre\/dur, contreplaqu\u00e9, panneaux enduits, m\u00e9lamine, MDF.<br \/>\n**Lames standard sans rev\u00eatement en t\u00e9flon et sans fentes de vibration.  <\/p>\n<p>Caract\u00e9ristiques techniques :<\/p>\n<p>Diam\u00e8tre : 190 mm<br \/>\nAl\u00e9sage : 30 mm<br \/>\nNombre de dents : 24<br \/>\nForme des dents : ATB<br \/>\nAngle de d\u00e9gagement : +15<br \/>\nLargeur de coupe : 1,6 mm<\/p>\n<p>\u00c9tendue de la fourniture :<\/p>\n<p>1x Lame pour scie circulaire pour bois pour scies \u00e0 main sans fil 190x30mm, Z24.<\/p>\n","protected":false},"excerpt":{"rendered":"<p>Rev\u00eatement PTFE (t\u00e9flon) : r\u00e9duit la friction pour des coupes plus rapides et plus froides. Prot\u00e8ge contre la corrosion et<\/p>\n","protected":false},"featured_media":56582,"template":"","meta":{"_seopress_robots_primary_cat":"","_seopress_titles_title":"","_seopress_titles_desc":"","_seopress_robots_index":""},"product_brand":[3658],"product_cat":[1453,1543,167],"product_tag":[],"class_list":{"0":"post-628300","1":"product","2":"type-product","3":"status-publish","4":"has-post-thumbnail","6":"product_brand-milwaukee-fr","7":"product_cat-autres-appareils","8":"product_cat-fendeuses-de-buches-et-scies-circulaires","9":"product_cat-machines","11":"first","12":"instock","13":"shipping-taxable","14":"purchasable","15":"product-type-simple"},"_links":{"self":[{"href":"https:\/\/lucacastelli.com\/fr\/wp-json\/wp\/v2\/product\/628300","targetHints":{"allow":["GET"]}}],"collection":[{"href":"https:\/\/lucacastelli.com\/fr\/wp-json\/wp\/v2\/product"}],"about":[{"href":"https:\/\/lucacastelli.com\/fr\/wp-json\/wp\/v2\/types\/product"}],"wp:featuredmedia":[{"embeddable":true,"href":"https:\/\/lucacastelli.com\/fr\/wp-json\/wp\/v2\/media\/56582"}],"wp:attachment":[{"href":"https:\/\/lucacastelli.com\/fr\/wp-json\/wp\/v2\/media?parent=628300"}],"wp:term":[{"taxonomy":"product_brand","embeddable":true,"href":"https:\/\/lucacastelli.com\/fr\/wp-json\/wp\/v2\/product_brand?post=628300"},{"taxonomy":"product_cat","embeddable":true,"href":"https:\/\/lucacastelli.com\/fr\/wp-json\/wp\/v2\/product_cat?post=628300"},{"taxonomy":"product_tag","embeddable":true,"href":"https:\/\/lucacastelli.com\/fr\/wp-json\/wp\/v2\/product_tag?post=628300"}],"curies":[{"name":"wp","href":"https:\/\/api.w.org\/{rel}","templated":true}]}}