{"id":628290,"date":"2023-06-15T18:47:27","date_gmt":"2023-06-15T16:47:27","guid":{"rendered":"https:\/\/lucacastelli.com\/prodotto\/akku-2-0-ah-m12b2\/"},"modified":"2023-06-15T18:47:27","modified_gmt":"2023-06-15T16:47:27","slug":"akku-2-0-ah-m12b2","status":"publish","type":"product","link":"https:\/\/lucacastelli.com\/fr\/produit\/akku-2-0-ah-m12b2\/","title":{"rendered":"Akku 2.0 Ah M12B2"},"content":{"rendered":"<p>Caract\u00e9ristiques techniques :<\/p>\n<p>Batterie lithium-ion<br \/>\nCapacit\u00e9 de la batterie (Ah) 2,0<br \/>\nLivr\u00e9 en &#8211;<br \/>\nPoids (kg) 0,217<br \/>\nTension (V) 12<br \/>\nSyst\u00e8me M12<br \/>\nContenu de la livraison :<\/p>\n<p>1 batterie lithium-ion rouge 12 V \/ 2,0 Ah (M12 B2)<\/p>\n","protected":false},"excerpt":{"rendered":"<p>Caract\u00e9ristiques techniques : Batterie lithium-ion Capacit\u00e9 de la batterie (Ah) 2,0 Livr\u00e9 en &#8211; Poids (kg) 0,217 Tension (V) 12<\/p>\n","protected":false},"featured_media":56423,"template":"","meta":{"_seopress_robots_primary_cat":"","_seopress_titles_title":"","_seopress_titles_desc":"","_seopress_robots_index":""},"product_brand":[3407],"product_cat":[29,514,549,550],"product_tag":[],"class_list":{"0":"post-628290","1":"product","2":"type-product","3":"status-publish","4":"has-post-thumbnail","6":"product_brand-milwaukee","7":"product_cat-macchinari","8":"product_cat-altri-dispositivi","9":"product_cat-trapani-e-avvitatori","10":"product_cat-accessori-per-trapani-ed-avvitatori","12":"first","13":"instock","14":"shipping-taxable","15":"purchasable","16":"product-type-simple"},"_links":{"self":[{"href":"https:\/\/lucacastelli.com\/fr\/wp-json\/wp\/v2\/product\/628290","targetHints":{"allow":["GET"]}}],"collection":[{"href":"https:\/\/lucacastelli.com\/fr\/wp-json\/wp\/v2\/product"}],"about":[{"href":"https:\/\/lucacastelli.com\/fr\/wp-json\/wp\/v2\/types\/product"}],"wp:featuredmedia":[{"embeddable":true,"href":"https:\/\/lucacastelli.com\/fr\/wp-json\/wp\/v2\/media\/56423"}],"wp:attachment":[{"href":"https:\/\/lucacastelli.com\/fr\/wp-json\/wp\/v2\/media?parent=628290"}],"wp:term":[{"taxonomy":"product_brand","embeddable":true,"href":"https:\/\/lucacastelli.com\/fr\/wp-json\/wp\/v2\/product_brand?post=628290"},{"taxonomy":"product_cat","embeddable":true,"href":"https:\/\/lucacastelli.com\/fr\/wp-json\/wp\/v2\/product_cat?post=628290"},{"taxonomy":"product_tag","embeddable":true,"href":"https:\/\/lucacastelli.com\/fr\/wp-json\/wp\/v2\/product_tag?post=628290"}],"curies":[{"name":"wp","href":"https:\/\/api.w.org\/{rel}","templated":true}]}}