{"id":628288,"date":"2023-06-15T18:25:31","date_gmt":"2023-06-15T16:25:31","guid":{"rendered":"https:\/\/lucacastelli.com\/prodotto\/appareil-dinspection-laser-ldm100\/"},"modified":"2023-06-15T18:25:31","modified_gmt":"2023-06-15T16:25:31","slug":"appareil-dinspection-laser-ldm100","status":"publish","type":"product","link":"https:\/\/lucacastelli.com\/fr\/produit\/appareil-dinspection-laser-ldm100\/","title":{"rendered":"Appareil d&#8217;inspection laser LDM100"},"content":{"rendered":"<p>Utilisation pratique et intuitive d&#8217;une seule main<br \/>\nR\u00e9sistant \u00e0 la poussi\u00e8re et aux \u00e9claboussures (classe de protection IP 54)<br \/>\nUnit\u00e9s de mesure m\u00e9triques et imp\u00e9riales<br \/>\nDeux boutons de mesure facilement accessibles &#8211; l&#8217;un \u00e0 l&#8217;avant et l&#8217;autre sur le c\u00f4t\u00e9 de l&#8217;\u00e9tui.<br \/>\nPermet \u00e0 l&#8217;utilisateur de mesurer la longueur \/ la surface \/ le volume \/ la mesure indirecte \/ la mesure de la hauteur (Pythagore) + la mesure partielle de la hauteur \/ la fonction d&#8217;addition\/soustraction.<br \/>\nLe capteur d&#8217;inclinaison num\u00e9rique int\u00e9gr\u00e9 permet une mesure automatique d\u00e8s que l&#8217;angle est de 0\u00b0, ce qui augmente la pr\u00e9cision<br \/>\nMesure indirecte de la hauteur et de la longueur encore plus facile gr\u00e2ce au capteur d&#8217;inclinaison int\u00e9gr\u00e9.<br \/>\nGrand \u00e9cran LCD \u00e0 3 lignes, facile \u00e0 lire, d&#8217;une diagonale de 50 mm et r\u00e9tro\u00e9clair\u00e9.<br \/>\nL&#8217;\u00e9cran affiche les 3 derni\u00e8res mesures, tandis que les 30 derniers calculs sont conserv\u00e9s en m\u00e9moire<br \/>\nGuide pliant pour les endroits \u00e9troits et difficiles d&#8217;acc\u00e8s et les coins avec d\u00e9tection automatique.<br \/>\nFonction d&#8217;arr\u00eat automatique et signal d&#8217;avertissement de batterie faible<br \/>\nBo\u00eetier mince et \u00e9tui de transport pour un rangement en toute s\u00e9curit\u00e9.<\/p>\n<p>Caract\u00e9ristiques techniques :<br \/>\nDimensions (mm) 113 x 48 x 31<br \/>\nBatterie 2 x AAA<br \/>\nPort\u00e9e (m) 0,15 &#8211; 100<br \/>\nDimensions de l&#8217;\u00e9cran (mm) 31,5 x 40<br \/>\nLivr\u00e9 avec &#8211;<br \/>\nPr\u00e9cision (mm) \u00b1 1,5<br \/>\nPoids avec batterie (kg) 0,14<br \/>\nClasse de protection IP 54<br \/>\nClassification laser classe 2<br \/>\nPort\u00e9e maximale (m) 100 Auto-nivelage Oui Plage de mesure (m) 100<br \/>\nMise \u00e0 niveau automatique Oui <\/p>\n<p>Contenu de la livraison :<br \/>\nSac en nylon<\/p>\n","protected":false},"excerpt":{"rendered":"<p>Utilisation pratique et intuitive d&#8217;une seule main R\u00e9sistant \u00e0 la poussi\u00e8re et aux \u00e9claboussures (classe de protection IP 54) Unit\u00e9s<\/p>\n","protected":false},"featured_media":56413,"template":"","meta":{"_seopress_robots_primary_cat":"","_seopress_titles_title":"","_seopress_titles_desc":"","_seopress_robots_index":""},"product_brand":[3658],"product_cat":[1471,1453,167],"product_tag":[],"class_list":{"0":"post-628288","1":"product","2":"type-product","3":"status-publish","4":"has-post-thumbnail","6":"product_brand-milwaukee-fr","7":"product_cat-appareils-de-mesure","8":"product_cat-autres-appareils","9":"product_cat-machines","11":"first","12":"onbackorder","13":"shipping-taxable","14":"purchasable","15":"product-type-simple"},"_links":{"self":[{"href":"https:\/\/lucacastelli.com\/fr\/wp-json\/wp\/v2\/product\/628288","targetHints":{"allow":["GET"]}}],"collection":[{"href":"https:\/\/lucacastelli.com\/fr\/wp-json\/wp\/v2\/product"}],"about":[{"href":"https:\/\/lucacastelli.com\/fr\/wp-json\/wp\/v2\/types\/product"}],"wp:featuredmedia":[{"embeddable":true,"href":"https:\/\/lucacastelli.com\/fr\/wp-json\/wp\/v2\/media\/56413"}],"wp:attachment":[{"href":"https:\/\/lucacastelli.com\/fr\/wp-json\/wp\/v2\/media?parent=628288"}],"wp:term":[{"taxonomy":"product_brand","embeddable":true,"href":"https:\/\/lucacastelli.com\/fr\/wp-json\/wp\/v2\/product_brand?post=628288"},{"taxonomy":"product_cat","embeddable":true,"href":"https:\/\/lucacastelli.com\/fr\/wp-json\/wp\/v2\/product_cat?post=628288"},{"taxonomy":"product_tag","embeddable":true,"href":"https:\/\/lucacastelli.com\/fr\/wp-json\/wp\/v2\/product_tag?post=628288"}],"curies":[{"name":"wp","href":"https:\/\/api.w.org\/{rel}","templated":true}]}}