{"id":628274,"date":"2023-11-06T17:28:45","date_gmt":"2023-11-06T16:28:45","guid":{"rendered":"https:\/\/lucacastelli.com\/prodotto\/winkelschleifer-agv15-125xeprotector\/"},"modified":"2023-11-06T17:28:45","modified_gmt":"2023-11-06T16:28:45","slug":"winkelschleifer-agv15-125xeprotector","status":"publish","type":"product","link":"https:\/\/lucacastelli.com\/fr\/produit\/winkelschleifer-agv15-125xeprotector\/","title":{"rendered":"Winkelschleifer AGV15-125XEProTector"},"content":{"rendered":"<p>Moteur PROTECTOR de 1500 W prot\u00e9g\u00e9 contre la poussi\u00e8re pour une longue dur\u00e9e de vie<br \/>\nCompact et maniable<br \/>\nD\u00e9marrage progressif<br \/>\nProtection contre le red\u00e9marrage<br \/>\nProtection contre la surcharge<br \/>\nProtection contre le rebond<br \/>\nSyst\u00e8me de changement rapide FIXTEC\u2122 int\u00e9gr\u00e9. pour un remplacement des disques sans outil<br \/>\nR\u00e9glage rapide du capot de protection<br \/>\nPoign\u00e9e AVS suppl\u00e9mentaire<br \/>\nC\u00e2ble d&#8217;alimentation de 4 m<br \/>\nLes ouvertures d&#8217;a\u00e9ration en forme de L emp\u00eachent l&#8217;aspiration de la poussi\u00e8re de pon\u00e7age.<\/p>\n<p>Vitesse \u00e0 vide [tr\/min] : 2 800 &#8211; 11 000<br \/>\nLivr\u00e9 dans : bo\u00eete en carton<br \/>\nDiam\u00e8tre de la broche : M 14<br \/>\nContenu de la livraison : c\u00e2ble d&#8217;alimentation de 4 m, poign\u00e9e AVS suppl\u00e9mentaire, housse de protection<br \/>\nD\u00e9signation : Variante du mod\u00e8le : AGV 15-125 XE<br \/>\nPoids [kg] : 2,6<br \/>\nPuissance absorb\u00e9e [W] : 1 550<br \/>\nProfondeur de coupe max. Profondeur de coupe [mm] : 33 <\/p>\n","protected":false},"excerpt":{"rendered":"<p>Moteur PROTECTOR de 1500 W prot\u00e9g\u00e9 contre la poussi\u00e8re pour une longue dur\u00e9e de vie Compact et maniable D\u00e9marrage progressif<\/p>\n","protected":false},"featured_media":57481,"template":"","meta":{"_seopress_robots_primary_cat":"","_seopress_titles_title":"","_seopress_titles_desc":"","_seopress_robots_index":""},"product_brand":[3658],"product_cat":[167,1453,1540],"product_tag":[],"class_list":{"0":"post-628274","1":"product","2":"type-product","3":"status-publish","4":"has-post-thumbnail","6":"product_brand-milwaukee-fr","7":"product_cat-machines","8":"product_cat-autres-appareils","9":"product_cat-meuleuses","11":"first","12":"onbackorder","13":"shipping-taxable","14":"purchasable","15":"product-type-simple"},"_links":{"self":[{"href":"https:\/\/lucacastelli.com\/fr\/wp-json\/wp\/v2\/product\/628274","targetHints":{"allow":["GET"]}}],"collection":[{"href":"https:\/\/lucacastelli.com\/fr\/wp-json\/wp\/v2\/product"}],"about":[{"href":"https:\/\/lucacastelli.com\/fr\/wp-json\/wp\/v2\/types\/product"}],"wp:featuredmedia":[{"embeddable":true,"href":"https:\/\/lucacastelli.com\/fr\/wp-json\/wp\/v2\/media\/57481"}],"wp:attachment":[{"href":"https:\/\/lucacastelli.com\/fr\/wp-json\/wp\/v2\/media?parent=628274"}],"wp:term":[{"taxonomy":"product_brand","embeddable":true,"href":"https:\/\/lucacastelli.com\/fr\/wp-json\/wp\/v2\/product_brand?post=628274"},{"taxonomy":"product_cat","embeddable":true,"href":"https:\/\/lucacastelli.com\/fr\/wp-json\/wp\/v2\/product_cat?post=628274"},{"taxonomy":"product_tag","embeddable":true,"href":"https:\/\/lucacastelli.com\/fr\/wp-json\/wp\/v2\/product_tag?post=628274"}],"curies":[{"name":"wp","href":"https:\/\/api.w.org\/{rel}","templated":true}]}}