{"id":628272,"date":"2023-11-06T16:26:10","date_gmt":"2023-11-06T15:26:10","guid":{"rendered":"https:\/\/lucacastelli.com\/prodotto\/fuel-akku-kombihammer-m18fhx-552x\/"},"modified":"2023-11-06T16:26:10","modified_gmt":"2023-11-06T15:26:10","slug":"fuel-akku-kombihammer-m18fhx-552x","status":"publish","type":"product","link":"https:\/\/lucacastelli.com\/fr\/produit\/fuel-akku-kombihammer-m18fhx-552x\/","title":{"rendered":"FUEL \u2122 Akku-Kombihammer M18FHX-552X"},"content":{"rendered":"<p>Per\u00e7age puissant avec de faibles vibrations<br \/>\nMarteau s\u00fbr gr\u00e2ce \u00e0 la technologie AUTOSTOP<br \/>\nSyst\u00e8me de changement rapide d&#8217;outil FIXTEC\u2122 pour diverses applications<br \/>\nLe marteau de per\u00e7age le plus rapide de sa cat\u00e9gorie, ce qui se traduit par une productivit\u00e9 accrue<br \/>\nLe puissant m\u00e9canisme du marteau d\u00e9livre 2,5 joules d&#8217;\u00e9nergie d&#8217;impact avec de faibles vibrations de 12,9 m\/s\u00b2.<br \/>\nPerce jusqu&#8217;\u00e0 125 trous \u2300 10 x 50 mm avec une charge de batterie M18 HIGH OUTPUT\u2122 de 5,5 Ah.<br \/>\nAUTOSTOP\u2122 arr\u00eate l&#8217;outil pour prot\u00e9ger l&#8217;utilisateur dans les situations dangereuses.<br \/>\nSyst\u00e8me FIXTEC\u2122 pour un changement de broche sans outil entre SDS-Plus et broche m\u00e9tallique de 13 mm<br \/>\nCarter d&#8217;engrenage enti\u00e8rement m\u00e9tallique &#8211; adaptation optimale de l&#8217;engrenage pour une plus longue dur\u00e9e de vie de l&#8217;outil<br \/>\n4 modes de fonctionnement : martelage rotatif, martelage seul, per\u00e7age seul et Variolock pour une polyvalence maximale<br \/>\nCompatible avec M18 FCDDEXL ou M18 FDDEXL<br \/>\nLa plateforme FUEL a \u00e9t\u00e9 d\u00e9velopp\u00e9e pour les utilisateurs les plus exigeants. Cette technologie offre des performances maximales et combine trois \u00e9l\u00e9ments centraux : le HIGH OUTPUT\u2122 et le syst\u00e8me FUEL.<br \/>\nLe syst\u00e8me d&#8217;outils HIGH OUTPUT\u2122 fait passer les technologies M18 FUEL \u00e0 un niveau sup\u00e9rieur, en offrant de meilleures performances et une plus grande autonomie. Cet outil <\/p>\n<p>Vitesse \u00e0 vide [tr\/min] : 0 &#8211; 1330<br \/>\nTension [V] : 18<br \/>\nBatterie : lithium-ion<br \/>\nVitesse de course maximale [par minute] : 0 &#8211; 1330 Vitesse de course [per min]: 0 &#8211; 4800<br \/>\nLivr\u00e9e dans:bo\u00eete HD<br \/>\n\u00c9quipement standard | Compris dans la livraison : Poign\u00e9e, but\u00e9e de profondeur, graisse pour engrenages, mandrin FIXTEC\u2122 m\u00e9tallique de 13 mm<br \/>\nD\u00e9signation : Variante du mod\u00e8le : M18 FHX-552X<br \/>\nPoids avec batterie [kg] : 4,4 (M18 HB5,5)<br \/>\nDiam\u00e8tre de per\u00e7age maximal dans l&#8217;acier [mm]. Diam\u00e8tre de per\u00e7age dans l&#8217;acier [mm] : 13<br \/>\nDiam\u00e8tre de per\u00e7age max. dans le bois [mm] : 13 Diam\u00e8tre de per\u00e7age dans le bois [mm] : 28<br \/>\nDiam\u00e8tre de per\u00e7age max. dans le b\u00e9ton [mm] : 28 Diam\u00e8tre de per\u00e7age dans le b\u00e9ton [mm] : 26<br \/>\n\u00c9nergie d&#8217;impact [EPTA] [J] : 2,5<br \/>\nSyst\u00e8me : M18<br \/>\nTechnologie : carburant<br \/>\nBatterie incluse:M12-18 FC<br \/>\nBatterie incluse : 2 x M18 HB5.5<\/p>\n","protected":false},"excerpt":{"rendered":"<p>Per\u00e7age puissant avec de faibles vibrations Marteau s\u00fbr gr\u00e2ce \u00e0 la technologie AUTOSTOP Syst\u00e8me de changement rapide d&#8217;outil FIXTEC\u2122 pour<\/p>\n","protected":false},"featured_media":57456,"template":"","meta":{"_seopress_robots_primary_cat":"","_seopress_titles_title":"","_seopress_titles_desc":"","_seopress_robots_index":""},"product_brand":[3407],"product_cat":[29,514,549],"product_tag":[],"class_list":{"0":"post-628272","1":"product","2":"type-product","3":"status-publish","4":"has-post-thumbnail","6":"product_brand-milwaukee","7":"product_cat-macchinari","8":"product_cat-altri-dispositivi","9":"product_cat-trapani-e-avvitatori","11":"first","12":"onbackorder","13":"shipping-taxable","14":"purchasable","15":"product-type-simple"},"_links":{"self":[{"href":"https:\/\/lucacastelli.com\/fr\/wp-json\/wp\/v2\/product\/628272","targetHints":{"allow":["GET"]}}],"collection":[{"href":"https:\/\/lucacastelli.com\/fr\/wp-json\/wp\/v2\/product"}],"about":[{"href":"https:\/\/lucacastelli.com\/fr\/wp-json\/wp\/v2\/types\/product"}],"wp:featuredmedia":[{"embeddable":true,"href":"https:\/\/lucacastelli.com\/fr\/wp-json\/wp\/v2\/media\/57456"}],"wp:attachment":[{"href":"https:\/\/lucacastelli.com\/fr\/wp-json\/wp\/v2\/media?parent=628272"}],"wp:term":[{"taxonomy":"product_brand","embeddable":true,"href":"https:\/\/lucacastelli.com\/fr\/wp-json\/wp\/v2\/product_brand?post=628272"},{"taxonomy":"product_cat","embeddable":true,"href":"https:\/\/lucacastelli.com\/fr\/wp-json\/wp\/v2\/product_cat?post=628272"},{"taxonomy":"product_tag","embeddable":true,"href":"https:\/\/lucacastelli.com\/fr\/wp-json\/wp\/v2\/product_tag?post=628272"}],"curies":[{"name":"wp","href":"https:\/\/api.w.org\/{rel}","templated":true}]}}