{"id":628268,"date":"2023-11-06T16:51:41","date_gmt":"2023-11-06T15:51:41","guid":{"rendered":"https:\/\/lucacastelli.com\/prodotto\/one-key-akku-kombihammer-m18onefhpx-0x\/"},"modified":"2023-11-06T16:51:41","modified_gmt":"2023-11-06T15:51:41","slug":"one-key-akku-kombihammer-m18onefhpx-0x","status":"publish","type":"product","link":"https:\/\/lucacastelli.com\/fr\/produit\/one-key-akku-kombihammer-m18onefhpx-0x\/","title":{"rendered":"ONE-KEY\u2122 Akku-Kombihammer M18ONEFHPX-0X"},"content":{"rendered":"<p>Per\u00e7age puissant avec de faibles vibrations<br \/>\nMarteau combin\u00e9 sans fil avec technologie AUTOSTOP<br \/>\nTechnologie ONE-KEY\u2122 pour le suivi et la gestion des outils<br \/>\nLe puissant m\u00e9canisme du marteau d\u00e9livre une \u00e9nergie d&#8217;impact de 5,0 joules (EPTA) avec de faibles vibrations de 6,9 m\/s\u00b2.<br \/>\nPerce jusqu&#8217;\u00e0 10 trous \u230018 x 100 mm sur une seule charge du M18 HIGH OUTPUT\u2122 batterie de 5,5 Ah<br \/>\nAUTOSTOP\u2122 arr\u00eate l&#8217;outil pour prot\u00e9ger l&#8217;utilisateur<br \/>\nONE-KEY\u2122 Suivi et s\u00e9curit\u00e9 des outils offre une plateforme gratuite de suivi et de gestion de l&#8217;inventaire bas\u00e9e sur le cloud pour tes outils. ONE-KEY\u2122<br \/>\nFIXTEC\u2122 syst\u00e8me de changement rapide pour passer sans outil du SDS-Plus au mandrin rapide m\u00e9tallique de 13 mm.<br \/>\nBo\u00eetier robuste \u00e0 engrenages m\u00e9talliques<br \/>\n4 modes de fonctionnement : marteau rotatif, marteau seul, perceuse seule et Variolock pour une polyvalence maximale<br \/>\nCompatible avec le M18 FPDDEXL<br \/>\nLa plateforme FUEL a \u00e9t\u00e9 d\u00e9velopp\u00e9e pour les utilisateurs les plus exigeants. Cette technologie offre des performances maximales et combine trois \u00e9l\u00e9ments centraux : le HIGH OUTPUT\u2122 et le syst\u00e8me FUEL.<br \/>\nLe syst\u00e8me HIGH OUTPUT\u2122 fait passer les technologies M18 FUEL \u00e0 un niveau sup\u00e9rieur, en offrant des performances am\u00e9lior\u00e9es et des dur\u00e9es d&#8217;utilisation plus longues. Ces outils ont \u00e9t\u00e9 <\/p>\n<p>Vitesse \u00e0 vide [tr\/min] : 0 &#8211; 800<br \/>\nTension [V] : 18<br \/>\nBatterie : lithium-ion<br \/>\nNombre maximal de coups [par minute] : 0 &#8211; 800 Nombre de coups [par minute] : 0 &#8211; 4600<br \/>\nLivr\u00e9e dans:bo\u00eete HD<br \/>\n\u00c9quipement standard | Compris dans la livraison : Poign\u00e9e, but\u00e9e de profondeur, graisse pour engrenages, mandrin FIXTEC\u2122 m\u00e9tallique de 13 mm<br \/>\nD\u00e9signation : Variante du mod\u00e8le : M18 ONEFHPX-0X<br \/>\nPoids avec batterie [kg] : 5,2 (M18 HB5,5)<br \/>\nDiam\u00e8tre de per\u00e7age maximal dans l&#8217;acier [mm]. Diam\u00e8tre de per\u00e7age dans l&#8217;acier [mm] : 13<br \/>\nDiam\u00e8tre de per\u00e7age maximal dans le bois [mm] : 13 Diam\u00e8tre de per\u00e7age dans le bois [mm] : 30<br \/>\nDiam\u00e8tre de per\u00e7age maximal dans le b\u00e9ton [mm] : 30 Diam\u00e8tre de per\u00e7age dans le b\u00e9ton [mm] : 30<br \/>\n\u00c9nergie d&#8217;impact [EPTA] [J] : 5.0<br \/>\nSyst\u00e8me : M18<br \/>\nTechnologie : Fuel<br \/>\nChargeur inclus:Pas de chargeur inclus dans la livraison<br \/>\nBatterie incluse:Pas de batterie incluse dans la livraison <\/p>\n","protected":false},"excerpt":{"rendered":"<p>Per\u00e7age puissant avec de faibles vibrations Marteau combin\u00e9 sans fil avec technologie AUTOSTOP Technologie ONE-KEY\u2122 pour le suivi et la<\/p>\n","protected":false},"featured_media":57466,"template":"","meta":{"_seopress_robots_primary_cat":"","_seopress_titles_title":"","_seopress_titles_desc":"","_seopress_robots_index":""},"product_brand":[3407],"product_cat":[29,514,549],"product_tag":[],"class_list":{"0":"post-628268","1":"product","2":"type-product","3":"status-publish","4":"has-post-thumbnail","6":"product_brand-milwaukee","7":"product_cat-macchinari","8":"product_cat-altri-dispositivi","9":"product_cat-trapani-e-avvitatori","11":"first","12":"onbackorder","13":"shipping-taxable","14":"purchasable","15":"product-type-simple"},"_links":{"self":[{"href":"https:\/\/lucacastelli.com\/fr\/wp-json\/wp\/v2\/product\/628268","targetHints":{"allow":["GET"]}}],"collection":[{"href":"https:\/\/lucacastelli.com\/fr\/wp-json\/wp\/v2\/product"}],"about":[{"href":"https:\/\/lucacastelli.com\/fr\/wp-json\/wp\/v2\/types\/product"}],"wp:featuredmedia":[{"embeddable":true,"href":"https:\/\/lucacastelli.com\/fr\/wp-json\/wp\/v2\/media\/57466"}],"wp:attachment":[{"href":"https:\/\/lucacastelli.com\/fr\/wp-json\/wp\/v2\/media?parent=628268"}],"wp:term":[{"taxonomy":"product_brand","embeddable":true,"href":"https:\/\/lucacastelli.com\/fr\/wp-json\/wp\/v2\/product_brand?post=628268"},{"taxonomy":"product_cat","embeddable":true,"href":"https:\/\/lucacastelli.com\/fr\/wp-json\/wp\/v2\/product_cat?post=628268"},{"taxonomy":"product_tag","embeddable":true,"href":"https:\/\/lucacastelli.com\/fr\/wp-json\/wp\/v2\/product_tag?post=628268"}],"curies":[{"name":"wp","href":"https:\/\/api.w.org\/{rel}","templated":true}]}}