{"id":628266,"date":"2023-11-06T16:12:48","date_gmt":"2023-11-06T15:12:48","guid":{"rendered":"https:\/\/lucacastelli.com\/prodotto\/systeme-dabsorption-as-42mac\/"},"modified":"2023-11-06T16:12:48","modified_gmt":"2023-11-06T15:12:48","slug":"systeme-dabsorption-as-42mac","status":"publish","type":"product","link":"https:\/\/lucacastelli.com\/fr\/produit\/systeme-dabsorption-as-42mac\/","title":{"rendered":"Syst\u00e8me d&#8217;absorption AS-42MAC"},"content":{"rendered":"<p>Filtre PTFE longue dur\u00e9e<br \/>\nInterrupteur marche\/arr\u00eat automatique<br \/>\nPoign\u00e9e pour faciliter le transport vers le lieu d&#8217;utilisation.<br \/>\nConteneur compact de 42 litres pour une utilisation sur le chantier \/ dans l&#8217;atelier.<br \/>\nD\u00e9bit d&#8217;air de 4500 l\/min avec une pression n\u00e9gative de 250 mbar<br \/>\nApprouv\u00e9 pour la classe de poussi\u00e8re M<br \/>\nPrise de courant et interrupteur automatique<br \/>\nFiltre PTFE robuste et efficace et membrane lavable<br \/>\nSyst\u00e8me de nettoyage automatique du filtre<br \/>\nCapteur de d\u00e9bit pour la surveillance du volume avec LED et signal d&#8217;avertissement sonore.<br \/>\nAcc\u00e8s facile au filtre pour un entretien et un nettoyage pratiques.<br \/>\nTurbine extra-silencieuse pour un faible niveau sonore<br \/>\nTuyau d&#8217;aspiration antistatique pour prot\u00e9ger contre les chocs \u00e9lectriques.<br \/>\nPoign\u00e9e suppl\u00e9mentaire pour le transport pendant le travail<br \/>\nLivr\u00e9 avec 2 adaptateurs d&#8217;outils, un tuyau \u00e0 main, 2 tuyaux de rallonge, une buse de balayage du sol, un sac filtrant en molleton, un sac d&#8217;\u00e9limination, un tuyau de 4 m x 38 mm.<\/p>\n<p>Livr\u00e9 dans : bo\u00eete en carton<br \/>\nContenu de la livraison : 2 x adaptateur d&#8217;outil, tuyau \u00e0 main, 2 x tuyau de rallonge, buse de balayage, sac filtrant en non-tiss\u00e9, sac d&#8217;\u00e9limination, tuyau de 4 m x 38 mm<br \/>\nD\u00e9signation : Variante du mod\u00e8le : AS 42 MAC<br \/>\nPoids [kg] : 17,5<br \/>\nPuissance absorb\u00e9e [W] : 1 200<br \/>\nDiam\u00e8tre du tuyau [mm] : 38<\/p>\n","protected":false},"excerpt":{"rendered":"<p>Filtre PTFE longue dur\u00e9e Interrupteur marche\/arr\u00eat automatique Poign\u00e9e pour faciliter le transport vers le lieu d&#8217;utilisation. Conteneur compact de 42<\/p>\n","protected":false},"featured_media":57442,"template":"","meta":{"_seopress_robots_primary_cat":"","_seopress_titles_title":"","_seopress_titles_desc":"","_seopress_robots_index":""},"product_brand":[3407],"product_cat":[29,514,517],"product_tag":[],"class_list":{"0":"post-628266","1":"product","2":"type-product","3":"status-publish","4":"has-post-thumbnail","6":"product_brand-milwaukee","7":"product_cat-macchinari","8":"product_cat-altri-dispositivi","9":"product_cat-aspiratori-per-la-pulizia","11":"first","12":"onbackorder","13":"shipping-taxable","14":"purchasable","15":"product-type-simple"},"_links":{"self":[{"href":"https:\/\/lucacastelli.com\/fr\/wp-json\/wp\/v2\/product\/628266","targetHints":{"allow":["GET"]}}],"collection":[{"href":"https:\/\/lucacastelli.com\/fr\/wp-json\/wp\/v2\/product"}],"about":[{"href":"https:\/\/lucacastelli.com\/fr\/wp-json\/wp\/v2\/types\/product"}],"wp:featuredmedia":[{"embeddable":true,"href":"https:\/\/lucacastelli.com\/fr\/wp-json\/wp\/v2\/media\/57442"}],"wp:attachment":[{"href":"https:\/\/lucacastelli.com\/fr\/wp-json\/wp\/v2\/media?parent=628266"}],"wp:term":[{"taxonomy":"product_brand","embeddable":true,"href":"https:\/\/lucacastelli.com\/fr\/wp-json\/wp\/v2\/product_brand?post=628266"},{"taxonomy":"product_cat","embeddable":true,"href":"https:\/\/lucacastelli.com\/fr\/wp-json\/wp\/v2\/product_cat?post=628266"},{"taxonomy":"product_tag","embeddable":true,"href":"https:\/\/lucacastelli.com\/fr\/wp-json\/wp\/v2\/product_tag?post=628266"}],"curies":[{"name":"wp","href":"https:\/\/api.w.org\/{rel}","templated":true}]}}