{"id":628260,"date":"2023-11-05T17:32:24","date_gmt":"2023-11-05T16:32:24","guid":{"rendered":"https:\/\/lucacastelli.com\/prodotto\/marteau-piqueur-plh28xe\/"},"modified":"2023-11-05T17:32:24","modified_gmt":"2023-11-05T16:32:24","slug":"marteau-piqueur-plh28xe","status":"publish","type":"product","link":"https:\/\/lucacastelli.com\/fr\/produit\/marteau-piqueur-plh28xe\/","title":{"rendered":"Marteau piqueur PLH28XE"},"content":{"rendered":"<p>Marteau combin\u00e9 extr\u00eamement puissant et compact avec une \u00e9nergie de frappe de 4,1 joules<br \/>\nPuissant moteur de 800 W pour des performances de forage optimales<br \/>\nSeulement 10,6 m\/s\u00b2 de vibrations gr\u00e2ce au syst\u00e8me anti-vibration AVS<br \/>\nConception bien \u00e9quilibr\u00e9e avec syst\u00e8me anti-vibration optimal et poign\u00e9e de surface soft-grip<br \/>\nL&#8217;embrayage anti-hopping fiable prot\u00e8ge l&#8217;outil et l&#8217;utilisateur<br \/>\nBut\u00e9e de rotation pour les travaux de burinage et VARIOLOCK<br \/>\nPLH 28 XE inclus. Adaptateur FIXTEC\u2122 et mandrin rapide m\u00e9tallique de 13 mm<br \/>\nC\u00e2ble d&#8217;alimentation de 4 m<br \/>\nBut\u00e9e de profondeur de per\u00e7age.<\/p>\n<p>Vitesse \u00e0 vide [tr\/min] : 0 &#8211; 1500<br \/>\nContenu de la livraison:Mallette de transport<br \/>\nD\u00e9signation : Variante du mod\u00e8le : PLH 28 XE<br \/>\nPoids [kg] : 3,6<br \/>\nConsommation \u00e9lectrique [W] : 800<br \/>\nDiam\u00e8tre de per\u00e7age max. dans l&#8217;acier [mm] : 13 Diam\u00e8tre de per\u00e7age dans l&#8217;acier [mm] : 13<br \/>\nDiam\u00e8tre de per\u00e7age max. dans le bois [mm] : 40 Diam\u00e8tre de per\u00e7age dans le bois [mm] : 40<br \/>\nDiam\u00e8tre de per\u00e7age max. dans le b\u00e9ton [mm] : 28 Diam\u00e8tre de per\u00e7age dans le b\u00e9ton [mm] : 28<br \/>\n\u00c9nergie d&#8217;impact [EPTA] [J] : 4,1<\/p>\n","protected":false},"excerpt":{"rendered":"<p>Marteau combin\u00e9 extr\u00eamement puissant et compact avec une \u00e9nergie de frappe de 4,1 joules Puissant moteur de 800 W pour<\/p>\n","protected":false},"featured_media":57427,"template":"","meta":{"_seopress_robots_primary_cat":"","_seopress_titles_title":"","_seopress_titles_desc":"","_seopress_robots_index":""},"product_brand":[3658],"product_cat":[167,1453,1552],"product_tag":[],"class_list":{"0":"post-628260","1":"product","2":"type-product","3":"status-publish","4":"has-post-thumbnail","6":"product_brand-milwaukee-fr","7":"product_cat-machines","8":"product_cat-autres-appareils","9":"product_cat-perceuses-et-tournevis","11":"first","12":"onbackorder","13":"shipping-taxable","14":"purchasable","15":"product-type-simple"},"_links":{"self":[{"href":"https:\/\/lucacastelli.com\/fr\/wp-json\/wp\/v2\/product\/628260","targetHints":{"allow":["GET"]}}],"collection":[{"href":"https:\/\/lucacastelli.com\/fr\/wp-json\/wp\/v2\/product"}],"about":[{"href":"https:\/\/lucacastelli.com\/fr\/wp-json\/wp\/v2\/types\/product"}],"wp:featuredmedia":[{"embeddable":true,"href":"https:\/\/lucacastelli.com\/fr\/wp-json\/wp\/v2\/media\/57427"}],"wp:attachment":[{"href":"https:\/\/lucacastelli.com\/fr\/wp-json\/wp\/v2\/media?parent=628260"}],"wp:term":[{"taxonomy":"product_brand","embeddable":true,"href":"https:\/\/lucacastelli.com\/fr\/wp-json\/wp\/v2\/product_brand?post=628260"},{"taxonomy":"product_cat","embeddable":true,"href":"https:\/\/lucacastelli.com\/fr\/wp-json\/wp\/v2\/product_cat?post=628260"},{"taxonomy":"product_tag","embeddable":true,"href":"https:\/\/lucacastelli.com\/fr\/wp-json\/wp\/v2\/product_tag?post=628260"}],"curies":[{"name":"wp","href":"https:\/\/api.w.org\/{rel}","templated":true}]}}