{"id":628257,"date":"2023-09-21T13:47:19","date_gmt":"2023-09-21T11:47:19","guid":{"rendered":"https:\/\/lucacastelli.com\/prodotto\/gittervisier-pour-bolt200-helm-bolt-compact-komplettvisier\/"},"modified":"2023-09-21T13:47:19","modified_gmt":"2023-09-21T11:47:19","slug":"gittervisier-pour-bolt200-helm-bolt-compact-komplettvisier","status":"publish","type":"product","link":"https:\/\/lucacastelli.com\/fr\/produit\/gittervisier-pour-bolt200-helm-bolt-compact-komplettvisier\/","title":{"rendered":"Gittervisier, pour BOLT200 Helm BOLT Compact Komplettvisier"},"content":{"rendered":"<p>Visi\u00e8re int\u00e9grale BOLT Compact Visi\u00e8re de casque BOLT200.<\/p>\n","protected":false},"excerpt":{"rendered":"<p>Visi\u00e8re int\u00e9grale BOLT Compact Visi\u00e8re de casque BOLT200.<\/p>\n","protected":false},"featured_media":94646,"template":"","meta":{"_seopress_robots_primary_cat":"","_seopress_titles_title":"","_seopress_titles_desc":"","_seopress_robots_index":""},"product_brand":[3407],"product_cat":[33,537,815,816],"product_tag":[],"class_list":{"0":"post-628257","1":"product","2":"type-product","3":"status-publish","4":"has-post-thumbnail","6":"product_brand-milwaukee","7":"product_cat-attrezzature","8":"product_cat-attrezzatura-da-lavoro","9":"product_cat-caschi","10":"product_cat-visiere-e-occhiali-protettivi","12":"first","13":"onbackorder","14":"shipping-taxable","15":"purchasable","16":"product-type-simple"},"_links":{"self":[{"href":"https:\/\/lucacastelli.com\/fr\/wp-json\/wp\/v2\/product\/628257","targetHints":{"allow":["GET"]}}],"collection":[{"href":"https:\/\/lucacastelli.com\/fr\/wp-json\/wp\/v2\/product"}],"about":[{"href":"https:\/\/lucacastelli.com\/fr\/wp-json\/wp\/v2\/types\/product"}],"wp:featuredmedia":[{"embeddable":true,"href":"https:\/\/lucacastelli.com\/fr\/wp-json\/wp\/v2\/media\/94646"}],"wp:attachment":[{"href":"https:\/\/lucacastelli.com\/fr\/wp-json\/wp\/v2\/media?parent=628257"}],"wp:term":[{"taxonomy":"product_brand","embeddable":true,"href":"https:\/\/lucacastelli.com\/fr\/wp-json\/wp\/v2\/product_brand?post=628257"},{"taxonomy":"product_cat","embeddable":true,"href":"https:\/\/lucacastelli.com\/fr\/wp-json\/wp\/v2\/product_cat?post=628257"},{"taxonomy":"product_tag","embeddable":true,"href":"https:\/\/lucacastelli.com\/fr\/wp-json\/wp\/v2\/product_tag?post=628257"}],"curies":[{"name":"wp","href":"https:\/\/api.w.org\/{rel}","templated":true}]}}