{"id":628245,"date":"2023-08-30T12:24:12","date_gmt":"2023-08-30T10:24:12","guid":{"rendered":"https:\/\/lucacastelli.com\/prodotto\/luminaire-usb-akku-nackenleuchte-l4nl400-301\/"},"modified":"2023-08-30T12:24:12","modified_gmt":"2023-08-30T10:24:12","slug":"luminaire-usb-akku-nackenleuchte-l4nl400-301","status":"publish","type":"product","link":"https:\/\/lucacastelli.com\/fr\/produit\/luminaire-usb-akku-nackenleuchte-l4nl400-301\/","title":{"rendered":"Luminaire USB Akku-Nackenleuchte L4NL400-301"},"content":{"rendered":"<p>Solution d&#8217;\u00e9clairage TRUEVIEW\u2122 avec une luminosit\u00e9 allant jusqu&#8217;\u00e0 400 lumens.<br \/>\nJusqu&#8217;\u00e0 8 heures d&#8217;autonomie avec une batterie REDLITHIUM\u2122 USB de 3,0 Ah.<br \/>\n2 modes d&#8217;alimentation pour un meilleur contr\u00f4le de la lumi\u00e8re et une m\u00e9moire du dernier mode r\u00e9gl\u00e9 lorsque la lumi\u00e8re est allum\u00e9e.<br \/>\nRotation verticale de 130\u00b0 de la t\u00eate de la lampe pour un ajustement optimal du champ lumineux<br \/>\nMat\u00e9riau ergonomique et r\u00e9sistant \u00e0 la transpiration pour un confort accru<br \/>\nR\u00e9sistant \u00e0 la plupart des produits chimiques utilis\u00e9s dans les garages<br \/>\nDegr\u00e9 de protection IP50 pour la r\u00e9sistance \u00e0 la poussi\u00e8re et aux chutes d&#8217;une hauteur maximale de 2 m<br \/>\nRecharge commod\u00e9ment la batterie REDLITHIUM\u2122 USB avec le c\u00e2ble USB-C via une source d&#8217;alimentation USB ou une prise murale (fiche d&#8217;alimentation non incluse).<br \/>\nC\u00e2ble USB inclus<\/p>\n","protected":false},"excerpt":{"rendered":"<p>Solution d&#8217;\u00e9clairage TRUEVIEW\u2122 avec une luminosit\u00e9 allant jusqu&#8217;\u00e0 400 lumens. Jusqu&#8217;\u00e0 8 heures d&#8217;autonomie avec une batterie REDLITHIUM\u2122 USB de<\/p>\n","protected":false},"featured_media":94524,"template":"","meta":{"_seopress_robots_primary_cat":"","_seopress_titles_title":"","_seopress_titles_desc":"","_seopress_robots_index":""},"product_brand":[3407],"product_cat":[33,537,822],"product_tag":[],"class_list":{"0":"post-628245","1":"product","2":"type-product","3":"status-publish","4":"has-post-thumbnail","6":"product_brand-milwaukee","7":"product_cat-attrezzature","8":"product_cat-attrezzatura-da-lavoro","9":"product_cat-altro-attrezzatura-da-lavoro","10":"sws-gruppo-abb-libero","11":"sws-conto-ricavi-merci-rivendita-abbigliamento","12":"sws-gruppo-iva-iva81","14":"first","15":"instock","16":"shipping-taxable","17":"purchasable","18":"product-type-simple"},"_links":{"self":[{"href":"https:\/\/lucacastelli.com\/fr\/wp-json\/wp\/v2\/product\/628245","targetHints":{"allow":["GET"]}}],"collection":[{"href":"https:\/\/lucacastelli.com\/fr\/wp-json\/wp\/v2\/product"}],"about":[{"href":"https:\/\/lucacastelli.com\/fr\/wp-json\/wp\/v2\/types\/product"}],"wp:featuredmedia":[{"embeddable":true,"href":"https:\/\/lucacastelli.com\/fr\/wp-json\/wp\/v2\/media\/94524"}],"wp:attachment":[{"href":"https:\/\/lucacastelli.com\/fr\/wp-json\/wp\/v2\/media?parent=628245"}],"wp:term":[{"taxonomy":"product_brand","embeddable":true,"href":"https:\/\/lucacastelli.com\/fr\/wp-json\/wp\/v2\/product_brand?post=628245"},{"taxonomy":"product_cat","embeddable":true,"href":"https:\/\/lucacastelli.com\/fr\/wp-json\/wp\/v2\/product_cat?post=628245"},{"taxonomy":"product_tag","embeddable":true,"href":"https:\/\/lucacastelli.com\/fr\/wp-json\/wp\/v2\/product_tag?post=628245"}],"curies":[{"name":"wp","href":"https:\/\/api.w.org\/{rel}","templated":true}]}}