{"id":628241,"date":"2023-08-27T17:17:29","date_gmt":"2023-08-27T15:17:29","guid":{"rendered":"https:\/\/lucacastelli.com\/prodotto\/akku-fettpresse-m18gg-0\/"},"modified":"2023-08-27T17:17:29","modified_gmt":"2023-08-27T15:17:29","slug":"akku-fettpresse-m18gg-0","status":"publish","type":"product","link":"https:\/\/lucacastelli.com\/fr\/produit\/akku-fettpresse-m18gg-0\/","title":{"rendered":"Akku-Fettpresse M18GG-0"},"content":{"rendered":"<p>Pompe \u00e0 graisse pratique fonctionnant sur batterie &#8211; id\u00e9ale pour graisser les v\u00e9hicules en mouvement et les engins de chantier.<br \/>\nMoteur de 18 volts avec une pression de service maximale de 690 bars<br \/>\nJusqu&#8217;\u00e0 9 cartouches par charge de batterie<br \/>\nDesign \u00e9quilibr\u00e9 avec une longueur de seulement 355 mm<br \/>\nSyst\u00e8me \u00e9lectronique REDLINK\u2122 &#8211; protection contre les surcharges pour une longue dur\u00e9e de vie de la batterie, du moteur et du r\u00e9ducteur<br \/>\nNombre pr\u00e9r\u00e9gl\u00e9 de cycles de pompage<br \/>\nValve de purge pour une progression rapide du travail<br \/>\nRemplissage \u00e0 3 voies. remplissage direct, r\u00e9cipients, cartouches<br \/>\nSupport de tuyau int\u00e9gr\u00e9 et dispositif de suspension pour la bandouli\u00e8re<br \/>\nPalier Softgrip<br \/>\nIndicateur de charge de la batterie.<\/p>\n<p>Caract\u00e9ristiques techniques :<br \/>\nTension et capacit\u00e9 de la batterie 18 V \/ 2.0 Ah<br \/>\nPression de service max. Pression de service 690 bar<br \/>\nD\u00e9bit 74 g \/ min<br \/>\nCapacit\u00e9 :<br \/>\navec remplissage du r\u00e9cipient : 454 g<br \/>\navec cartouche : 411 g<br \/>\nPression du tuyau 690 bar<br \/>\nLongueur du tuyau 1,219 mm<br \/>\nPoids avec batterie 3.9 kg <\/p>\n<p>Contenu de la livraison :<br \/>\n1x pompe \u00e0 graisse sans fil M18 GG<br \/>\n1x raccord d&#8217;angle<br \/>\nsans piles, sans chargeur, sans \u00e9tui.<\/p>\n","protected":false},"excerpt":{"rendered":"<p>Pompe \u00e0 graisse pratique fonctionnant sur batterie &#8211; id\u00e9ale pour graisser les v\u00e9hicules en mouvement et les engins de chantier.<\/p>\n","protected":false},"featured_media":57217,"template":"","meta":{"_seopress_robots_primary_cat":"","_seopress_titles_title":"","_seopress_titles_desc":"","_seopress_robots_index":""},"product_brand":[3407],"product_cat":[29,514,556],"product_tag":[],"class_list":{"0":"post-628241","1":"product","2":"type-product","3":"status-publish","4":"has-post-thumbnail","6":"product_brand-milwaukee","7":"product_cat-macchinari","8":"product_cat-altri-dispositivi","9":"product_cat-pompe-per-grasso","10":"sws-gruppo-macchinari","11":"sws-conto-ricavi-merci-rivendita-macchinari","12":"sws-gruppo-iva-iva81","14":"first","15":"instock","16":"shipping-taxable","17":"purchasable","18":"product-type-simple"},"_links":{"self":[{"href":"https:\/\/lucacastelli.com\/fr\/wp-json\/wp\/v2\/product\/628241","targetHints":{"allow":["GET"]}}],"collection":[{"href":"https:\/\/lucacastelli.com\/fr\/wp-json\/wp\/v2\/product"}],"about":[{"href":"https:\/\/lucacastelli.com\/fr\/wp-json\/wp\/v2\/types\/product"}],"wp:featuredmedia":[{"embeddable":true,"href":"https:\/\/lucacastelli.com\/fr\/wp-json\/wp\/v2\/media\/57217"}],"wp:attachment":[{"href":"https:\/\/lucacastelli.com\/fr\/wp-json\/wp\/v2\/media?parent=628241"}],"wp:term":[{"taxonomy":"product_brand","embeddable":true,"href":"https:\/\/lucacastelli.com\/fr\/wp-json\/wp\/v2\/product_brand?post=628241"},{"taxonomy":"product_cat","embeddable":true,"href":"https:\/\/lucacastelli.com\/fr\/wp-json\/wp\/v2\/product_cat?post=628241"},{"taxonomy":"product_tag","embeddable":true,"href":"https:\/\/lucacastelli.com\/fr\/wp-json\/wp\/v2\/product_tag?post=628241"}],"curies":[{"name":"wp","href":"https:\/\/api.w.org\/{rel}","templated":true}]}}