{"id":628237,"date":"2023-08-25T11:03:43","date_gmt":"2023-08-25T09:03:43","guid":{"rendered":"https:\/\/lucacastelli.com\/prodotto\/k80-schleifblatter-fur-bandschleifer-m18fbts75-75-x-457-mm\/"},"modified":"2023-08-25T11:03:43","modified_gmt":"2023-08-25T09:03:43","slug":"k80-schleifblatter-fur-bandschleifer-m18fbts75-75-x-457-mm","status":"publish","type":"product","link":"https:\/\/lucacastelli.com\/fr\/produit\/k80-schleifblatter-fur-bandschleifer-m18fbts75-75-x-457-mm\/","title":{"rendered":"K80 Schleifbl\u00e4tter f\u00fcr Bandschleifer M18FBTS75 75 x 457 mm"},"content":{"rendered":"<p>Bande abrasive 75&#215;457 G80 &#8211; 5 pi\u00e8ces<\/p>\n<p>Caract\u00e9ristiques techniques<br \/>\nGrain : 80<\/p>\n<p>Taille du papier abrasif mm A x B : 75 x 457<\/p>\n<p>Contenu de la livraison<br \/>\n5<\/p>\n","protected":false},"excerpt":{"rendered":"<p>Bande abrasive 75&#215;457 G80 &#8211; 5 pi\u00e8ces Caract\u00e9ristiques techniques Grain : 80 Taille du papier abrasif mm A x B<\/p>\n","protected":false},"featured_media":57200,"template":"","meta":{"_seopress_robots_primary_cat":"","_seopress_titles_title":"","_seopress_titles_desc":"","_seopress_robots_index":""},"product_brand":[3658],"product_cat":[1453,1549,167],"product_tag":[],"class_list":{"0":"post-628237","1":"product","2":"type-product","3":"status-publish","4":"has-post-thumbnail","6":"product_brand-milwaukee-fr","7":"product_cat-autres-appareils","8":"product_cat-brosses","9":"product_cat-machines","11":"first","12":"onbackorder","13":"shipping-taxable","14":"purchasable","15":"product-type-simple"},"_links":{"self":[{"href":"https:\/\/lucacastelli.com\/fr\/wp-json\/wp\/v2\/product\/628237","targetHints":{"allow":["GET"]}}],"collection":[{"href":"https:\/\/lucacastelli.com\/fr\/wp-json\/wp\/v2\/product"}],"about":[{"href":"https:\/\/lucacastelli.com\/fr\/wp-json\/wp\/v2\/types\/product"}],"wp:featuredmedia":[{"embeddable":true,"href":"https:\/\/lucacastelli.com\/fr\/wp-json\/wp\/v2\/media\/57200"}],"wp:attachment":[{"href":"https:\/\/lucacastelli.com\/fr\/wp-json\/wp\/v2\/media?parent=628237"}],"wp:term":[{"taxonomy":"product_brand","embeddable":true,"href":"https:\/\/lucacastelli.com\/fr\/wp-json\/wp\/v2\/product_brand?post=628237"},{"taxonomy":"product_cat","embeddable":true,"href":"https:\/\/lucacastelli.com\/fr\/wp-json\/wp\/v2\/product_cat?post=628237"},{"taxonomy":"product_tag","embeddable":true,"href":"https:\/\/lucacastelli.com\/fr\/wp-json\/wp\/v2\/product_tag?post=628237"}],"curies":[{"name":"wp","href":"https:\/\/api.w.org\/{rel}","templated":true}]}}