{"id":628234,"date":"2023-08-27T17:55:54","date_gmt":"2023-08-27T15:55:54","guid":{"rendered":"https:\/\/lucacastelli.com\/prodotto\/luminaire-akku-l4hl2-301\/"},"modified":"2023-08-27T17:55:54","modified_gmt":"2023-08-27T15:55:54","slug":"luminaire-akku-l4hl2-301","status":"publish","type":"product","link":"https:\/\/lucacastelli.com\/fr\/produit\/luminaire-akku-l4hl2-301\/","title":{"rendered":"Luminaire Akku L4HL2-301"},"content":{"rendered":"<p>4 clips pour la fixation aux casques et une sangle r\u00e9glable avec poign\u00e9e en caoutchouc.<br \/>\nLa lampe frontale aliment\u00e9e par batterie peut \u00eatre r\u00e9gl\u00e9e sur 7 positions diff\u00e9rentes et pivote \u00e0 180\u00b0 pour permettre \u00e0 l&#8217;utilisateur de diriger la lumi\u00e8re l\u00e0 o\u00f9 il le souhaite.<br \/>\nLa sangle de transport d\u00e9tachable permet de l&#8217;utiliser comme une torche<br \/>\nL&#8217;indicateur de niveau de charge permet de v\u00e9rifier rapidement l&#8217;\u00e9tat de la batterie REDLITHIUM\u2122 USB.<br \/>\nCharge commod\u00e9ment la batterie REDLITHIUM\u2122 USB avec le c\u00e2ble USB-C via une source d&#8217;alimentation USB ou une prise murale (prise non incluse).<br \/>\nC\u00e2ble USB inclus<br \/>\n600 lumens de luminosit\u00e9 ponctuelle et diffuse avec une sortie TRUEVIEW\u2122 haute d\u00e9finition.<br \/>\nLes options flood, spot et flood\/spot dans diff\u00e9rents modes de sortie garantissent une luminosit\u00e9 optimale et une dur\u00e9e de vie de la lampe allant jusqu&#8217;\u00e0 20 heures.<br \/>\nDegr\u00e9 de protection IP54 : la lampe est prot\u00e9g\u00e9e contre la poussi\u00e8re et les projections d&#8217;eau.<br \/>\nVerre r\u00e9sistant aux chocs et aux produits chimiques<\/p>\n<p>Num\u00e9ro d&#8217;article : 4933479963<br \/>\nTension [V] : 4<br \/>\nBatterie : lithium-ion<br \/>\nLivr\u00e9 sous:blister<br \/>\nDescription : variante du mod\u00e8le : L4 HL2-301<br \/>\nPoids avec batterie [kg] : 0,20 (L4 B3)<br \/>\nSyst\u00e8me : REDLITHIUM\u2122 USB<br \/>\nTechnologie : TRUEVIEW\u2122<br \/>\nChargeur inclus:c\u00e2ble USB<br \/>\nBatterie incluse : 1 x L4 B3.<\/p>\n","protected":false},"excerpt":{"rendered":"<p>4 clips pour la fixation aux casques et une sangle r\u00e9glable avec poign\u00e9e en caoutchouc. La lampe frontale aliment\u00e9e par<\/p>\n","protected":false},"featured_media":94512,"template":"","meta":{"_seopress_robots_primary_cat":"","_seopress_titles_title":"","_seopress_titles_desc":"","_seopress_robots_index":""},"product_brand":[3407],"product_cat":[33,537,822],"product_tag":[],"class_list":{"0":"post-628234","1":"product","2":"type-product","3":"status-publish","4":"has-post-thumbnail","6":"product_brand-milwaukee","7":"product_cat-attrezzature","8":"product_cat-attrezzatura-da-lavoro","9":"product_cat-altro-attrezzatura-da-lavoro","11":"first","12":"instock","13":"shipping-taxable","14":"purchasable","15":"product-type-simple"},"_links":{"self":[{"href":"https:\/\/lucacastelli.com\/fr\/wp-json\/wp\/v2\/product\/628234","targetHints":{"allow":["GET"]}}],"collection":[{"href":"https:\/\/lucacastelli.com\/fr\/wp-json\/wp\/v2\/product"}],"about":[{"href":"https:\/\/lucacastelli.com\/fr\/wp-json\/wp\/v2\/types\/product"}],"wp:featuredmedia":[{"embeddable":true,"href":"https:\/\/lucacastelli.com\/fr\/wp-json\/wp\/v2\/media\/94512"}],"wp:attachment":[{"href":"https:\/\/lucacastelli.com\/fr\/wp-json\/wp\/v2\/media?parent=628234"}],"wp:term":[{"taxonomy":"product_brand","embeddable":true,"href":"https:\/\/lucacastelli.com\/fr\/wp-json\/wp\/v2\/product_brand?post=628234"},{"taxonomy":"product_cat","embeddable":true,"href":"https:\/\/lucacastelli.com\/fr\/wp-json\/wp\/v2\/product_cat?post=628234"},{"taxonomy":"product_tag","embeddable":true,"href":"https:\/\/lucacastelli.com\/fr\/wp-json\/wp\/v2\/product_tag?post=628234"}],"curies":[{"name":"wp","href":"https:\/\/api.w.org\/{rel}","templated":true}]}}