{"id":628219,"date":"2023-09-21T13:44:28","date_gmt":"2023-09-21T11:44:28","guid":{"rendered":"https:\/\/lucacastelli.com\/prodotto\/grau-pour-bolt200-helm-bolt-compact-komplettvisier\/"},"modified":"2023-09-21T13:44:28","modified_gmt":"2023-09-21T11:44:28","slug":"grau-pour-bolt200-helm-bolt-compact-komplettvisier","status":"publish","type":"product","link":"https:\/\/lucacastelli.com\/fr\/produit\/grau-pour-bolt200-helm-bolt-compact-komplettvisier\/","title":{"rendered":"grau, pour BOLT200 Helm BOLT Compact Komplettvisier"},"content":{"rendered":"<p>Visi\u00e8re compl\u00e8te avec un large champ de vision.<br \/>\nSyst\u00e8me BOLT\u2122 &#8211; assure la compatibilit\u00e9 d&#8217;une large gamme d&#8217;accessoires avec un syst\u00e8me de fixation simple et intuitif.<br \/>\nCompatible avec la lampe frontale rechargeable BOLT\u2122 : la visi\u00e8re peut \u00eatre repli\u00e9e sur la lampe.<br \/>\nFixation et retrait tr\u00e8s simples et intuitifs.<br \/>\nVisi\u00e8re en polycarbonate.<br \/>\nVisi\u00e8re r\u00e9sistante aux rayures de niveau K selon la norme EN166.<br \/>\nVisi\u00e8re antibu\u00e9e de niveau N selon la norme EN166.<br \/>\nVisi\u00e8re compl\u00e8te disponible en 2 couleurs : claire et grise.<br \/>\nLa version Compact offre un design fin et compact et est uniquement compatible avec le BOLT\u2122 200. La version universelle peut \u00eatre utilis\u00e9e avec les deux types de visi\u00e8re.<br \/>\nLa version universelle peut \u00eatre utilis\u00e9e avec les deux variantes de casque &#8211; BOLT\u2122 100 et BOLT\u2122 200.<br \/>\nVisi\u00e8re en maille certifi\u00e9e selon la norme EN 166. Visi\u00e8re en maille certifi\u00e9e selon la norme EN 1731.<br \/>\nLa visi\u00e8re en maille offre une transmission \u00e9lev\u00e9e de la lumi\u00e8re, &gt; 60 %.  <\/p>\n","protected":false},"excerpt":{"rendered":"<p>Visi\u00e8re compl\u00e8te avec un large champ de vision. Syst\u00e8me BOLT\u2122 &#8211; assure la compatibilit\u00e9 d&#8217;une large gamme d&#8217;accessoires avec un<\/p>\n","protected":false},"featured_media":94641,"template":"","meta":{"_seopress_robots_primary_cat":"","_seopress_titles_title":"","_seopress_titles_desc":"","_seopress_robots_index":""},"product_brand":[3407],"product_cat":[33,537,815,816],"product_tag":[],"class_list":{"0":"post-628219","1":"product","2":"type-product","3":"status-publish","4":"has-post-thumbnail","6":"product_brand-milwaukee","7":"product_cat-attrezzature","8":"product_cat-attrezzatura-da-lavoro","9":"product_cat-caschi","10":"product_cat-visiere-e-occhiali-protettivi","12":"first","13":"onbackorder","14":"shipping-taxable","15":"purchasable","16":"product-type-simple"},"_links":{"self":[{"href":"https:\/\/lucacastelli.com\/fr\/wp-json\/wp\/v2\/product\/628219","targetHints":{"allow":["GET"]}}],"collection":[{"href":"https:\/\/lucacastelli.com\/fr\/wp-json\/wp\/v2\/product"}],"about":[{"href":"https:\/\/lucacastelli.com\/fr\/wp-json\/wp\/v2\/types\/product"}],"wp:featuredmedia":[{"embeddable":true,"href":"https:\/\/lucacastelli.com\/fr\/wp-json\/wp\/v2\/media\/94641"}],"wp:attachment":[{"href":"https:\/\/lucacastelli.com\/fr\/wp-json\/wp\/v2\/media?parent=628219"}],"wp:term":[{"taxonomy":"product_brand","embeddable":true,"href":"https:\/\/lucacastelli.com\/fr\/wp-json\/wp\/v2\/product_brand?post=628219"},{"taxonomy":"product_cat","embeddable":true,"href":"https:\/\/lucacastelli.com\/fr\/wp-json\/wp\/v2\/product_cat?post=628219"},{"taxonomy":"product_tag","embeddable":true,"href":"https:\/\/lucacastelli.com\/fr\/wp-json\/wp\/v2\/product_tag?post=628219"}],"curies":[{"name":"wp","href":"https:\/\/api.w.org\/{rel}","templated":true}]}}