{"id":628218,"date":"2023-09-21T13:43:00","date_gmt":"2023-09-21T11:43:00","guid":{"rendered":"https:\/\/lucacastelli.com\/prodotto\/klar-pour-bolt200-bolt100-helm-bolt-universal-visier\/"},"modified":"2023-09-21T13:43:00","modified_gmt":"2023-09-21T11:43:00","slug":"klar-pour-bolt200-bolt100-helm-bolt-universal-visier","status":"publish","type":"product","link":"https:\/\/lucacastelli.com\/fr\/produit\/klar-pour-bolt200-bolt100-helm-bolt-universal-visier\/","title":{"rendered":"klar, pour BOLT200 &amp; BOLT100 Helm BOLT Universal Visier"},"content":{"rendered":"<p>Visi\u00e8re avec un large champ de vision.<br \/>\nSyst\u00e8me BOLT\u2122 &#8211; assure la compatibilit\u00e9 d&#8217;une large gamme d&#8217;accessoires gr\u00e2ce \u00e0 un syst\u00e8me de fixation simple et intuitif.<br \/>\nCompatible avec la lampe frontale rechargeable BOLT\u2122 : la visi\u00e8re peut \u00eatre repli\u00e9e sur la lampe.<br \/>\nFixation et retrait tr\u00e8s faciles et intuitifs.<br \/>\nVisi\u00e8re en polycarbonate.<br \/>\nLa visi\u00e8re est r\u00e9sistante aux rayures au niveau K selon la norme EN166.<br \/>\nLa lentille est antibu\u00e9e de niveau N selon la norme EN166.<br \/>\n2 teintes de lentilles disponibles : transparente et teint\u00e9e.<br \/>\nLa version compacte offre un design fin et compact et n&#8217;est compatible qu&#8217;avec le BOLT\u2122200.<br \/>\nLa version universelle peut \u00eatre mont\u00e9e \u00e0 la fois sur les casques BOLT\u2122 100 et BOLT\u2122 200 gr\u00e2ce \u00e0 un syst\u00e8me de commutation simple.<br \/>\nLes visi\u00e8res sont certifi\u00e9es conform\u00e9ment \u00e0 la norme EN 166.<\/p>\n","protected":false},"excerpt":{"rendered":"<p>Visi\u00e8re avec un large champ de vision. Syst\u00e8me BOLT\u2122 &#8211; assure la compatibilit\u00e9 d&#8217;une large gamme d&#8217;accessoires gr\u00e2ce \u00e0 un<\/p>\n","protected":false},"featured_media":94626,"template":"","meta":{"_seopress_robots_primary_cat":"","_seopress_titles_title":"","_seopress_titles_desc":"","_seopress_robots_index":""},"product_brand":[3407],"product_cat":[33,537,815,816],"product_tag":[],"class_list":{"0":"post-628218","1":"product","2":"type-product","3":"status-publish","4":"has-post-thumbnail","6":"product_brand-milwaukee","7":"product_cat-attrezzature","8":"product_cat-attrezzatura-da-lavoro","9":"product_cat-caschi","10":"product_cat-visiere-e-occhiali-protettivi","12":"first","13":"onbackorder","14":"shipping-taxable","15":"purchasable","16":"product-type-simple"},"_links":{"self":[{"href":"https:\/\/lucacastelli.com\/fr\/wp-json\/wp\/v2\/product\/628218","targetHints":{"allow":["GET"]}}],"collection":[{"href":"https:\/\/lucacastelli.com\/fr\/wp-json\/wp\/v2\/product"}],"about":[{"href":"https:\/\/lucacastelli.com\/fr\/wp-json\/wp\/v2\/types\/product"}],"wp:featuredmedia":[{"embeddable":true,"href":"https:\/\/lucacastelli.com\/fr\/wp-json\/wp\/v2\/media\/94626"}],"wp:attachment":[{"href":"https:\/\/lucacastelli.com\/fr\/wp-json\/wp\/v2\/media?parent=628218"}],"wp:term":[{"taxonomy":"product_brand","embeddable":true,"href":"https:\/\/lucacastelli.com\/fr\/wp-json\/wp\/v2\/product_brand?post=628218"},{"taxonomy":"product_cat","embeddable":true,"href":"https:\/\/lucacastelli.com\/fr\/wp-json\/wp\/v2\/product_cat?post=628218"},{"taxonomy":"product_tag","embeddable":true,"href":"https:\/\/lucacastelli.com\/fr\/wp-json\/wp\/v2\/product_tag?post=628218"}],"curies":[{"name":"wp","href":"https:\/\/api.w.org\/{rel}","templated":true}]}}