{"id":628129,"date":"2025-08-27T14:39:48","date_gmt":"2025-08-27T12:39:48","guid":{"rendered":"https:\/\/lucacastelli.com\/prodotto\/helly-hansen-gants-tactiles-unisexes-hardface-fleece\/"},"modified":"2025-08-27T14:39:48","modified_gmt":"2025-08-27T12:39:48","slug":"helly-hansen-gants-tactiles-unisexes-hardface-fleece","status":"publish","type":"product","link":"https:\/\/lucacastelli.com\/fr\/produit\/helly-hansen-gants-tactiles-unisexes-hardface-fleece\/","title":{"rendered":"HELLY HANSEN Gants tactiles unisexes Hardface Fleece"},"content":{"rendered":"<div class=\"productDetailsSection_productDescriptionSection__FDg0y\">\n<div class=\"productDescription_productDescription__sJIE6\" data-mt-type=\"product-description\">\n<div class=\"richtext_wrapper__Apw4P productDescription_productDescriptionContent__0A3VB\">Nos gants tactiles en polaire Hardface unisexe allient chaleur, fonctionnalit\u00e9 et praticit\u00e9 pour les activit\u00e9s hivernales. Fabriqu\u00e9s avec une coupe ajust\u00e9e, ces gants unisexes sont dot\u00e9s de poign\u00e9es en silicone pour une meilleure adh\u00e9rence et sont compatibles avec les \u00e9crans tactiles, ce qui te permet d&#8217;utiliser des smartphones ou d&#8217;autres appareils sans avoir \u00e0 retirer tes gants. La finition rigide offre \u00e9galement une protection coupe-vent. Le design est compl\u00e9t\u00e9 par le logo HH\u00ae imprim\u00e9 et une \u00e9tiquette de marque discr\u00e8te en tissu, ce qui en fait un choix \u00e0 la fois \u00e9l\u00e9gant et pratique pour le ski, le snowboard ou l&#8217;utilisation quotidienne en hiver.   <\/div>\n<\/div>\n<\/div>\n<div class=\"productCollapseSection_productCollapseSection__6fb5x\">\n<div class=\"productCollapseSection_productCollapseSectionTitle__1Vh_4\">\n<h2 class=\"heading_default__uXoxn heading_style--h3__iT44T\">D\u00e9tails<\/h2>\n<\/div>\n<div class=\"productCollapseSection_productCollapseSectionContent__VJCb7\">\n<div class=\"productDetails_productDetails__g_C4N\">Composition : Shell : 91% Polyester, 9% Elasthanne<br \/>\nConseils d&#8217;entretien : Ne pas faire tremper. Ne pas tordre. S\u00e9chage naturel. Utiliser un savon doux.   <\/p>\n<div class=\"productDetails_productDetailsCols__K1qqI\">\n<div class=\"productDetails_productDetailsRow__bHp5_\">\n<div class=\"blocks_mobileInlineWrapper__N_Soc\">Poids : 585g<\/div>\n<\/div>\n<\/div>\n<\/div>\n<\/div>\n<\/div>\n<div class=\"productCollapseSection_productCollapseSection__6fb5x productFeatures_root__BqPE9\">\n<div class=\"productCollapseSection_productCollapseSectionTitle__1Vh_4\">\n<h2 class=\"heading_default__uXoxn heading_style--h3__iT44T\">Fonctionnalit\u00e9<\/h2>\n<\/div>\n<div class=\"productCollapseSection_productCollapseSectionContent__VJCb7\">\n<ul>\n<li>Tissu polaire Slick Face<\/li>\n<li>Compatible avec les \u00e9crans tactiles<\/li>\n<li>La prise en main de la paume en silicone assure la dext\u00e9rit\u00e9 lorsqu&#8217;on tient un t\u00e9l\u00e9phone ou tout autre objet.<\/li>\n<li>Patte de logo discr\u00e8te<\/li>\n<li>Logo imprim\u00e9 HH<\/li>\n<\/ul>\n<\/div>\n<\/div>\n","protected":false},"excerpt":{"rendered":"<p>Nos gants tactiles en polaire Hardface unisexe allient chaleur, fonctionnalit\u00e9 et praticit\u00e9 pour les activit\u00e9s hivernales. Fabriqu\u00e9s avec une coupe<\/p>\n","protected":false},"featured_media":626335,"template":"","meta":{"_seopress_robots_primary_cat":"none","_seopress_titles_title":"","_seopress_titles_desc":"","_seopress_robots_index":""},"product_brand":[3425],"product_cat":[21,186],"product_tag":[],"class_list":{"0":"post-628129","1":"product","2":"type-product","3":"status-publish","4":"has-post-thumbnail","6":"product_brand-helly-hansen","7":"product_cat-abbigliamento","8":"product_cat-accessori-per-labbigliamento","9":"sws-gruppo-abb-libero-fr","10":"sws-conto-ricavi-merci-rivendita-abbigliamento-fr","11":"sws-gruppo-iva-iva81-fr","13":"first","14":"instock","15":"shipping-taxable","16":"purchasable","17":"product-type-variable"},"_links":{"self":[{"href":"https:\/\/lucacastelli.com\/fr\/wp-json\/wp\/v2\/product\/628129","targetHints":{"allow":["GET"]}}],"collection":[{"href":"https:\/\/lucacastelli.com\/fr\/wp-json\/wp\/v2\/product"}],"about":[{"href":"https:\/\/lucacastelli.com\/fr\/wp-json\/wp\/v2\/types\/product"}],"wp:featuredmedia":[{"embeddable":true,"href":"https:\/\/lucacastelli.com\/fr\/wp-json\/wp\/v2\/media\/626335"}],"wp:attachment":[{"href":"https:\/\/lucacastelli.com\/fr\/wp-json\/wp\/v2\/media?parent=628129"}],"wp:term":[{"taxonomy":"product_brand","embeddable":true,"href":"https:\/\/lucacastelli.com\/fr\/wp-json\/wp\/v2\/product_brand?post=628129"},{"taxonomy":"product_cat","embeddable":true,"href":"https:\/\/lucacastelli.com\/fr\/wp-json\/wp\/v2\/product_cat?post=628129"},{"taxonomy":"product_tag","embeddable":true,"href":"https:\/\/lucacastelli.com\/fr\/wp-json\/wp\/v2\/product_tag?post=628129"}],"curies":[{"name":"wp","href":"https:\/\/api.w.org\/{rel}","templated":true}]}}