{"id":628104,"date":"2025-08-26T18:41:52","date_gmt":"2025-08-26T16:41:52","guid":{"rendered":"https:\/\/lucacastelli.com\/prodotto\/coin-de-coupe-et-de-fendage\/"},"modified":"2025-08-26T18:41:52","modified_gmt":"2025-08-26T16:41:52","slug":"coin-de-coupe-et-de-fendage","status":"publish","type":"product","link":"https:\/\/lucacastelli.com\/fr\/produit\/coin-de-coupe-et-de-fendage\/","title":{"rendered":"Coin de coupe et de fendage"},"content":{"rendered":"<p>Cale en aluminium solide avec des rainures obliques qui la maintiennent fermement fix\u00e9e dans le bois. De l&#8217;autre c\u00f4t\u00e9, elle comporte 3 rainures de guidage pour une meilleure propulsion. L&#8217;ar\u00eate de coupe est bien aiguis\u00e9e.  <\/p>\n<p>&nbsp;<\/p>\n<p>Dimensions : 260 x 60 x 40 mm &#8211; poids 960 g<\/p>\n","protected":false},"excerpt":{"rendered":"<p>Cale en aluminium solide avec des rainures obliques qui la maintiennent fermement fix\u00e9e dans le bois. De l&#8217;autre c\u00f4t\u00e9, elle<\/p>\n","protected":false},"featured_media":626245,"template":"","meta":{"_seopress_robots_primary_cat":"none","_seopress_titles_title":"","_seopress_titles_desc":"","_seopress_robots_index":""},"product_brand":[3652],"product_cat":[167,1685,144,1397,1496],"product_tag":[],"class_list":{"0":"post-628104","1":"product","2":"type-product","3":"status-publish","4":"has-post-thumbnail","6":"product_brand-luca-castelli-legnami-fr","7":"product_cat-machines","8":"product_cat-outils-et-accessoires-forestiers","9":"product_cat-equipement","10":"product_cat-equipement-de-travail","11":"product_cat-autres-equipements-de-travail","12":"sws-gruppo-abb-libero-fr","13":"sws-conto-ricavi-merci-rivendita-abbigliamento-fr","14":"sws-gruppo-iva-iva81-fr","16":"first","17":"instock","18":"shipping-taxable","19":"purchasable","20":"product-type-simple"},"_links":{"self":[{"href":"https:\/\/lucacastelli.com\/fr\/wp-json\/wp\/v2\/product\/628104","targetHints":{"allow":["GET"]}}],"collection":[{"href":"https:\/\/lucacastelli.com\/fr\/wp-json\/wp\/v2\/product"}],"about":[{"href":"https:\/\/lucacastelli.com\/fr\/wp-json\/wp\/v2\/types\/product"}],"wp:featuredmedia":[{"embeddable":true,"href":"https:\/\/lucacastelli.com\/fr\/wp-json\/wp\/v2\/media\/626245"}],"wp:attachment":[{"href":"https:\/\/lucacastelli.com\/fr\/wp-json\/wp\/v2\/media?parent=628104"}],"wp:term":[{"taxonomy":"product_brand","embeddable":true,"href":"https:\/\/lucacastelli.com\/fr\/wp-json\/wp\/v2\/product_brand?post=628104"},{"taxonomy":"product_cat","embeddable":true,"href":"https:\/\/lucacastelli.com\/fr\/wp-json\/wp\/v2\/product_cat?post=628104"},{"taxonomy":"product_tag","embeddable":true,"href":"https:\/\/lucacastelli.com\/fr\/wp-json\/wp\/v2\/product_tag?post=628104"}],"curies":[{"name":"wp","href":"https:\/\/api.w.org\/{rel}","templated":true}]}}