{"id":628102,"date":"2025-08-27T14:37:34","date_gmt":"2025-08-27T12:37:34","guid":{"rendered":"https:\/\/lucacastelli.com\/prodotto\/helly-hansen-gants-unisexes-versalite-touch-liner\/"},"modified":"2025-08-27T14:37:34","modified_gmt":"2025-08-27T12:37:34","slug":"helly-hansen-gants-unisexes-versalite-touch-liner","status":"publish","type":"product","link":"https:\/\/lucacastelli.com\/fr\/produit\/helly-hansen-gants-unisexes-versalite-touch-liner\/","title":{"rendered":"HELLY HANSEN Gants unisexes Versalite Touch Liner"},"content":{"rendered":"<div class=\"productDetailsSection_productDescriptionSection__FDg0y\">\n<div class=\"productDescription_productDescription__sJIE6\" data-mt-type=\"product-description\">\n<div class=\"richtext_wrapper__Apw4P productDescription_productDescriptionContent__0A3VB\">Nos doublures de gants tactiles Versalite unisexes ont \u00e9t\u00e9 d\u00e9velopp\u00e9es pour assurer polyvalence et confort et peuvent \u00eatre port\u00e9es seules dans des conditions douces ou comme sous-gants dans des climats plus froids. Dot\u00e9s de grips en silicone pour une meilleure adh\u00e9rence et une meilleure compatibilit\u00e9 avec les \u00e9crans tactiles, ces sous-gants unisexes \u00e0 s\u00e9chage rapide te permettent d&#8217;utiliser tes appareils sans avoir \u00e0 retirer compl\u00e8tement tes gants et \u00e0 exposer tes doigts nus aux intemp\u00e9ries et au froid. La coupe ajust\u00e9e offre une sensation de confort, tandis que le logo HH\u00ae imprim\u00e9 apporte une touche discr\u00e8te et classique. Id\u00e9aux pour le ski, la randonn\u00e9e ou l&#8217;utilisation quotidienne, ces sous-gants offrent chaleur et fonctionnalit\u00e9 dans un design l\u00e9ger.   <\/div>\n<\/div>\n<\/div>\n<div class=\"productCollapseSection_productCollapseSection__6fb5x\">\n<div class=\"productCollapseSection_productCollapseSectionTitle__1Vh_4\">\n<h2 class=\"heading_default__uXoxn heading_style--h3__iT44T\">D\u00e9tails<\/h2>\n<\/div>\n<div class=\"productCollapseSection_productCollapseSectionContent__VJCb7\">\n<div class=\"productDetails_productDetails__g_C4N\">Composition : Coquille : 93% Polyester, 7% Elasthanne<br \/>\nConseils d&#8217;entretien : Ne pas faire tremper. Ne pas tordre. S\u00e9chage naturel. Utiliser un savon doux.   <\/p>\n<div class=\"productDetails_productDetailsCols__K1qqI\">\n<div class=\"productDetails_productDetailsRow__bHp5_\">\n<div class=\"blocks_mobileInlineWrapper__N_Soc\">Poids :505g<\/div>\n<\/div>\n<\/div>\n<\/div>\n<\/div>\n<\/div>\n<div><\/div>\n<div><\/div>\n<div>\n<div class=\"productCollapseSection_productCollapseSectionTitle__1Vh_4\">\n<h2 class=\"heading_default__uXoxn heading_style--h3__iT44T\">Fonctionnalit\u00e9<\/h2>\n<\/div>\n<div class=\"productCollapseSection_productCollapseSectionContent__VJCb7\">\n<ul>\n<li>Polaire grillag\u00e9e<\/li>\n<li>Compatible avec les \u00e9crans tactiles<\/li>\n<li>La prise en main de la paume en silicone assure la dext\u00e9rit\u00e9 lorsqu&#8217;on tient un t\u00e9l\u00e9phone ou tout autre objet.<\/li>\n<li>Logo imprim\u00e9 HH<\/li>\n<\/ul>\n<\/div>\n<\/div>\n<div><\/div>\n","protected":false},"excerpt":{"rendered":"<p>Nos doublures de gants tactiles Versalite unisexes ont \u00e9t\u00e9 d\u00e9velopp\u00e9es pour assurer polyvalence et confort et peuvent \u00eatre port\u00e9es seules<\/p>\n","protected":false},"featured_media":626299,"template":"","meta":{"_seopress_robots_primary_cat":"","_seopress_titles_title":"","_seopress_titles_desc":"","_seopress_robots_index":""},"product_brand":[3646],"product_cat":[81,1390],"product_tag":[],"class_list":{"0":"post-628102","1":"product","2":"type-product","3":"status-publish","4":"has-post-thumbnail","6":"product_brand-helly-hansen-fr","7":"product_cat-vetements","8":"product_cat-accessoires-dhabillement","9":"sws-gruppo-abb-libero-fr","10":"sws-conto-ricavi-merci-rivendita-abbigliamento-fr","11":"sws-gruppo-iva-iva81-fr","13":"first","14":"instock","15":"shipping-taxable","16":"purchasable","17":"product-type-variable"},"_links":{"self":[{"href":"https:\/\/lucacastelli.com\/fr\/wp-json\/wp\/v2\/product\/628102","targetHints":{"allow":["GET"]}}],"collection":[{"href":"https:\/\/lucacastelli.com\/fr\/wp-json\/wp\/v2\/product"}],"about":[{"href":"https:\/\/lucacastelli.com\/fr\/wp-json\/wp\/v2\/types\/product"}],"wp:featuredmedia":[{"embeddable":true,"href":"https:\/\/lucacastelli.com\/fr\/wp-json\/wp\/v2\/media\/626299"}],"wp:attachment":[{"href":"https:\/\/lucacastelli.com\/fr\/wp-json\/wp\/v2\/media?parent=628102"}],"wp:term":[{"taxonomy":"product_brand","embeddable":true,"href":"https:\/\/lucacastelli.com\/fr\/wp-json\/wp\/v2\/product_brand?post=628102"},{"taxonomy":"product_cat","embeddable":true,"href":"https:\/\/lucacastelli.com\/fr\/wp-json\/wp\/v2\/product_cat?post=628102"},{"taxonomy":"product_tag","embeddable":true,"href":"https:\/\/lucacastelli.com\/fr\/wp-json\/wp\/v2\/product_tag?post=628102"}],"curies":[{"name":"wp","href":"https:\/\/api.w.org\/{rel}","templated":true}]}}