{"id":628092,"date":"2025-08-27T15:03:18","date_gmt":"2025-08-27T13:03:18","guid":{"rendered":"https:\/\/lucacastelli.com\/prodotto\/isolateur-hybride-helly-hansen-arctic-ocean\/"},"modified":"2026-04-01T01:51:29","modified_gmt":"2026-03-31T23:51:29","slug":"isolateur-hybride-helly-hansen-arctic-ocean","status":"publish","type":"product","link":"https:\/\/lucacastelli.com\/fr\/produit\/isolateur-hybride-helly-hansen-arctic-ocean\/","title":{"rendered":"ISOLATEUR HYBRIDE HELLY HANSEN ARCTIC OCEAN"},"content":{"rendered":"<div class=\"productDetailsSection_productDescriptionSection__FDg0y\">\n<div class=\"productDescription_productDescription__sJIE6\" data-mt-type=\"product-description\">\n<div class=\"richtext_wrapper__Apw4P productDescription_productDescriptionContent__0A3VB\">Test\u00e9e en mer du Nord, notre veste hybride confortable associe deux technologies : un buste matelass\u00e9 sans coutures pour rester au chaud et au sec, et des manches en polaire pour une libert\u00e9 de mouvement optimale. Nous avons con\u00e7u la collection Arctic avec les conseils de professionnels de la voile op\u00e9rant en eaux froides. Les poches repose-mains, l\u2019ext\u00e9rieur d\u00e9perlant et le matelassage sans coutures renforcent la chaleur en mer. Cette veste est un produit certifi\u00e9 bluesign\u00ae.   <\/div>\n<\/div>\n<\/div>\n<div class=\"productCollapseSection_productCollapseSection__6fb5x\">\n<div class=\"productCollapseSection_productCollapseSectionTitle__1Vh_4\">\n<h2 class=\"heading_default__uXoxn heading_style--h3__iT44T\">D\u00e9tails<\/h2>\n<\/div>\n<div class=\"productCollapseSection_productCollapseSectionContent__VJCb7\">\n<div class=\"productDetails_productDetails__g_C4N\">\n<p>Composition des fibres :<\/p>\n<div class=\"richtext_wrapper__Apw4P blocks_root__vE_15\">Coquille : 100% polyester. Coquille 2 : 77 % de polyester (recycl\u00e9), 23 % de polyester. <\/div>\n<p>Instructions d&#8217;entretien :<\/p>\n<div class=\"richtext_wrapper__Apw4P blocks_root__vE_15\">Fermez les zips avant le lavage. Laver avec des couleurs similaires. <\/div>\n<div class=\"productDetails_productDetailsCols__K1qqI\">\n<div class=\"productDetails_productDetailsRow__bHp5_\">\n<div class=\"blocks_mobileInlineWrapper__N_Soc\">Poids : 600g<\/div>\n<\/div>\n<\/div>\n<\/div>\n<\/div>\n<\/div>\n<div class=\"productCollapseSection_productCollapseSection__6fb5x productFeatures_root__BqPE9 productFeatures_twoColumnsList__vArq2\">\n<div class=\"productCollapseSection_productCollapseSectionTitle__1Vh_4\">\n<h2 class=\"heading_default__uXoxn heading_style--h3__iT44T\">Fonctionnalit\u00e9s<\/h2>\n<\/div>\n<div class=\"productCollapseSection_productCollapseSectionContent__VJCb7\">\n<ul>\n<li>Fermeture \u00e0 glissi\u00e8re YKK<\/li>\n<li>Rembourrage synth\u00e9tique gonflant<\/li>\n<li>Construction hybride<\/li>\n<li>Traitement d\u00e9perlant durable (DWR)<\/li>\n<li>Logo HH\u00ae imprim\u00e9<\/li>\n<li>Poches poitrine et repose-mains avec zips YKK\u00ae<\/li>\n<li>produit bluesign<\/li>\n<li>Sans PFC<\/li>\n<\/ul>\n<\/div>\n<\/div>\n","protected":false},"excerpt":{"rendered":"<p>Test\u00e9e en mer du Nord, notre veste hybride confortable associe deux technologies : un buste matelass\u00e9 sans coutures pour rester<\/p>\n","protected":false},"featured_media":626363,"template":"","meta":{"_seopress_robots_primary_cat":"none","_seopress_titles_title":"","_seopress_titles_desc":"","_seopress_robots_index":""},"product_brand":[3425],"product_cat":[21,189,190],"product_tag":[],"class_list":{"0":"post-628092","1":"product","2":"type-product","3":"status-publish","4":"has-post-thumbnail","6":"product_brand-helly-hansen","7":"product_cat-abbigliamento","8":"product_cat-abbigliamento-per-il-tempo-libero","9":"product_cat-abbigliamento-da-uomo","10":"sws-gruppo-abb-libero-fr","11":"sws-conto-ricavi-merci-rivendita-abbigliamento-fr","12":"sws-gruppo-iva-iva81-fr","14":"first","15":"instock","16":"shipping-taxable","17":"purchasable","18":"product-type-variable","19":"has-default-attributes"},"_links":{"self":[{"href":"https:\/\/lucacastelli.com\/fr\/wp-json\/wp\/v2\/product\/628092","targetHints":{"allow":["GET"]}}],"collection":[{"href":"https:\/\/lucacastelli.com\/fr\/wp-json\/wp\/v2\/product"}],"about":[{"href":"https:\/\/lucacastelli.com\/fr\/wp-json\/wp\/v2\/types\/product"}],"wp:featuredmedia":[{"embeddable":true,"href":"https:\/\/lucacastelli.com\/fr\/wp-json\/wp\/v2\/media\/626363"}],"wp:attachment":[{"href":"https:\/\/lucacastelli.com\/fr\/wp-json\/wp\/v2\/media?parent=628092"}],"wp:term":[{"taxonomy":"product_brand","embeddable":true,"href":"https:\/\/lucacastelli.com\/fr\/wp-json\/wp\/v2\/product_brand?post=628092"},{"taxonomy":"product_cat","embeddable":true,"href":"https:\/\/lucacastelli.com\/fr\/wp-json\/wp\/v2\/product_cat?post=628092"},{"taxonomy":"product_tag","embeddable":true,"href":"https:\/\/lucacastelli.com\/fr\/wp-json\/wp\/v2\/product_tag?post=628092"}],"curies":[{"name":"wp","href":"https:\/\/api.w.org\/{rel}","templated":true}]}}