{"id":627778,"date":"2025-08-28T09:39:57","date_gmt":"2025-08-28T07:39:57","guid":{"rendered":"https:\/\/lucacastelli.com\/prodotto\/helly-hansen-versalite-1-2-zip-fleece\/"},"modified":"2026-04-01T01:51:28","modified_gmt":"2026-03-31T23:51:28","slug":"helly-hansen-versalite-1-2-zip-fleece","status":"publish","type":"product","link":"https:\/\/lucacastelli.com\/fr\/produit\/helly-hansen-versalite-1-2-zip-fleece\/","title":{"rendered":"HELLY HANSEN VERSALITE 1\/2 ZIP FLEECE"},"content":{"rendered":"<div class=\"productDetailsSection_productDescriptionSection__FDg0y\">\n<div class=\"productDescription_productDescription__sJIE6\" data-mt-type=\"product-description\">\n<div class=\"richtext_wrapper__Apw4P productDescription_productDescriptionContent__0A3VB\">D\u00e9couvrez notre polyvalente polaire Versalite Half Zip homme pour vos activit\u00e9s outdoor. Cette couche interm\u00e9diaire extensible et \u00e0 s\u00e9chage rapide est fabriqu\u00e9e avec un tissu polaire innovant \u00e0 motif grillag\u00e9, qui retient la chaleur corporelle, \u00e9vacue l&#8217;humidit\u00e9 et offre chaleur et respirabilit\u00e9 optimales. Le design demi-zip avec col montant permet un contr\u00f4le facile de la temp\u00e9rature et assure plus de confort. Dot\u00e9e d&#8217;une poche poitrine et du logo Helly Hansen, cette veste polaire \u00e0 motif grillag\u00e9 allie style et fonctionnalit\u00e9. Son tissu ext\u00e9rieur l\u00e9ger et r\u00e9sistant la rend id\u00e9ale pour le ski, la randonn\u00e9e ou un usage quotidien.    <\/div>\n<\/div>\n<\/div>\n<div class=\"productCollapseSection_productCollapseSection__6fb5x\">\n<div class=\"productCollapseSection_productCollapseSectionTitle__1Vh_4\">\n<h2 class=\"heading_default__uXoxn heading_style--h3__iT44T\">D\u00e9tails<\/h2>\n<\/div>\n<div class=\"productCollapseSection_productCollapseSectionContent__VJCb7\">\n<div class=\"productDetails_productDetails__g_C4N\">\n<p>Composition des fibres :<\/p>\n<div class=\"richtext_wrapper__Apw4P blocks_root__vE_15\">Coquille : 94% Polyester (recycl\u00e9), 6% Elasthanne<\/div>\n<p>Instructions d&#8217;entretien :<\/p>\n<div class=\"richtext_wrapper__Apw4P blocks_root__vE_15\">Ferme les fermetures \u00e9clair avant de les laver. Ne pas faire tremper. Ne pas utiliser d&#8217;assouplissant.  <\/div>\n<div class=\"productDetails_productDetailsCols__K1qqI\">\n<div class=\"productDetails_productDetailsRow__bHp5_\">\n<div class=\"blocks_mobileInlineWrapper__N_Soc\">Poids:350g<\/div>\n<\/div>\n<\/div>\n<\/div>\n<\/div>\n<\/div>\n<div class=\"productCollapseSection_productCollapseSection__6fb5x productFeatures_root__BqPE9 productFeatures_twoColumnsList__vArq2\">\n<div class=\"productCollapseSection_productCollapseSectionTitle__1Vh_4\">\n<h2 class=\"heading_default__uXoxn heading_style--h3__iT44T\">Fonctionnalit\u00e9s<\/h2>\n<\/div>\n<div class=\"productCollapseSection_productCollapseSectionContent__VJCb7\">\n<ul>\n<li>Poche de poitrine avec fermeture \u00e9clair YKK\u00ae.<\/li>\n<li>Logo Helly Hansen (HH) en relief<\/li>\n<li>Demi-fermeture \u00e0 glissi\u00e8re YKK<\/li>\n<li>Sans couture lat\u00e9rale pour plus de confort<\/li>\n<li>Prot\u00e8ge-menton anti-frottement<\/li>\n<li>Col montant pour plus de confort<\/li>\n<li>Polaire \u00e0 motif grille<\/li>\n<li>Tissu superpos\u00e9 pour une durabilit\u00e9 accrue<\/li>\n<li>produit bluesign<\/li>\n<li>Mat\u00e9riau recycl\u00e9<\/li>\n<\/ul>\n<\/div>\n<\/div>\n","protected":false},"excerpt":{"rendered":"<p>D\u00e9couvrez notre polyvalente polaire Versalite Half Zip homme pour vos activit\u00e9s outdoor. Cette couche interm\u00e9diaire extensible et \u00e0 s\u00e9chage rapide<\/p>\n","protected":false},"featured_media":626520,"template":"","meta":{"_seopress_robots_primary_cat":"none","_seopress_titles_title":"","_seopress_titles_desc":"","_seopress_robots_index":""},"product_brand":[3425],"product_cat":[21,189,190],"product_tag":[],"class_list":{"0":"post-627778","1":"product","2":"type-product","3":"status-publish","4":"has-post-thumbnail","6":"product_brand-helly-hansen","7":"product_cat-abbigliamento","8":"product_cat-abbigliamento-per-il-tempo-libero","9":"product_cat-abbigliamento-da-uomo","10":"sws-gruppo-abb-libero-fr","11":"sws-conto-ricavi-merci-rivendita-abbigliamento-fr","12":"sws-gruppo-iva-iva81-fr","14":"first","15":"instock","16":"shipping-taxable","17":"purchasable","18":"product-type-variable","19":"has-default-attributes"},"_links":{"self":[{"href":"https:\/\/lucacastelli.com\/fr\/wp-json\/wp\/v2\/product\/627778","targetHints":{"allow":["GET"]}}],"collection":[{"href":"https:\/\/lucacastelli.com\/fr\/wp-json\/wp\/v2\/product"}],"about":[{"href":"https:\/\/lucacastelli.com\/fr\/wp-json\/wp\/v2\/types\/product"}],"wp:featuredmedia":[{"embeddable":true,"href":"https:\/\/lucacastelli.com\/fr\/wp-json\/wp\/v2\/media\/626520"}],"wp:attachment":[{"href":"https:\/\/lucacastelli.com\/fr\/wp-json\/wp\/v2\/media?parent=627778"}],"wp:term":[{"taxonomy":"product_brand","embeddable":true,"href":"https:\/\/lucacastelli.com\/fr\/wp-json\/wp\/v2\/product_brand?post=627778"},{"taxonomy":"product_cat","embeddable":true,"href":"https:\/\/lucacastelli.com\/fr\/wp-json\/wp\/v2\/product_cat?post=627778"},{"taxonomy":"product_tag","embeddable":true,"href":"https:\/\/lucacastelli.com\/fr\/wp-json\/wp\/v2\/product_tag?post=627778"}],"curies":[{"name":"wp","href":"https:\/\/api.w.org\/{rel}","templated":true}]}}