{"id":627727,"date":"2025-08-27T15:50:18","date_gmt":"2025-08-27T13:50:18","guid":{"rendered":"https:\/\/lucacastelli.com\/prodotto\/veste-helly-hansen-juell-3-in-1\/"},"modified":"2026-04-01T01:51:29","modified_gmt":"2026-03-31T23:51:29","slug":"veste-helly-hansen-juell-3-in-1","status":"publish","type":"product","link":"https:\/\/lucacastelli.com\/fr\/produit\/veste-helly-hansen-juell-3-in-1\/","title":{"rendered":"Veste HELLY HANSEN JUELL 3-IN-1"},"content":{"rendered":"<div class=\"productDetailsSection_productDescriptionSection__FDg0y\">\n<div class=\"productDescription_productDescription__sJIE6\" data-mt-type=\"product-description\">\n<div class=\"richtext_wrapper__Apw4P productDescription_productDescriptionContent__0A3VB\">Polyvalente et protectrice, cette veste Juell est dot\u00e9e du syst\u00e8me CIS 3 en 1, qui vous permet de l&#8217;utiliser, selon vos besoins, comme veste shell matelass\u00e9e imperm\u00e9able et respirante, veste shell l\u00e9g\u00e8re ou veste matelass\u00e9e. Le matelassage zipp\u00e9 est interchangeable avec tous nos articles CIS 3 en 1. Cette veste est confectionn\u00e9e en mati\u00e8re recycl\u00e9e. Voir la composition pour plus de d\u00e9tails.   <\/div>\n<\/div>\n<\/div>\n<div class=\"productCollapseSection_productCollapseSection__6fb5x\">\n<div class=\"productCollapseSection_productCollapseSectionTitle__1Vh_4\">\n<h2 class=\"heading_default__uXoxn heading_style--h3__iT44T\">D\u00e9tails<\/h2>\n<\/div>\n<div class=\"productCollapseSection_productCollapseSectionContent__VJCb7\">\n<div class=\"productDetails_productDetails__g_C4N\">\n<p>Composition des fibres :<\/p>\n<div class=\"richtext_wrapper__Apw4P blocks_root__vE_15\">Shell : 100 % polyester. Doublure : 100 % polyester. Doublure 2 : 100 % polyester (recycl\u00e9). Matelassage : 100 % polyester (recycl\u00e9)   <\/div>\n<p>Instructions d&#8217;entretien :<\/p>\n<div class=\"richtext_wrapper__Apw4P blocks_root__vE_15\">Fermez les fermetures \u00e9clair avant le lavage. Ne pas utiliser d&#8217;assouplissant. S\u00e9cher le v\u00eatement au s\u00e8che-linge pour r\u00e9activer le traitement d\u00e9perlant. Laver les couleurs fonc\u00e9es s\u00e9par\u00e9ment. <\/div>\n<div class=\"productDetails_productDetailsCols__K1qqI\"><\/div>\n<\/div>\n<\/div>\n<\/div>\n<div class=\"productCollapseSection_productCollapseSection__6fb5x productFeatures_root__BqPE9 productFeatures_twoColumnsList__vArq2\">\n<div class=\"productCollapseSection_productCollapseSectionTitle__1Vh_4\">\n<h2 class=\"heading_default__uXoxn heading_style--h3__iT44T\">Fonctionnalit\u00e9s<\/h2>\n<\/div>\n<div class=\"productCollapseSection_productCollapseSectionContent__VJCb7\">\n<ul>\n<li>PROTECTION HELLY TECH<\/li>\n<li>Fermeture \u00e0 glissi\u00e8re YKK<\/li>\n<li>Primaloft\u00ae Black Eco<\/li>\n<li>Fils AMANN<\/li>\n<li>Logo HH\u00ae imprim\u00e9<\/li>\n<li>Ourlet et capuche r\u00e9glables<\/li>\n<li>Veste en tissu isolant amovible<\/li>\n<li>Construction \u00e0 deux couches<\/li>\n<li>MATELASSAGE &#8211; Primaloft\u00ae Black Eco 80 g<\/li>\n<li>Deux poches lat\u00e9rales et une poche de poitrine pour ranger les objets essentiels.<\/li>\n<li>Sans PFC<\/li>\n<li>Teint\u00e9 dans la masse<\/li>\n<li>Contenu recycl\u00e9<\/li>\n<\/ul>\n<\/div>\n<\/div>\n","protected":false},"excerpt":{"rendered":"<p>Polyvalente et protectrice, cette veste Juell est dot\u00e9e du syst\u00e8me CIS 3 en 1, qui vous permet de l&#8217;utiliser, selon<\/p>\n","protected":false},"featured_media":626418,"template":"","meta":{"_seopress_robots_primary_cat":"none","_seopress_titles_title":"","_seopress_titles_desc":"","_seopress_robots_index":""},"product_brand":[3646],"product_cat":[81,981,982],"product_tag":[],"class_list":{"0":"post-627727","1":"product","2":"type-product","3":"status-publish","4":"has-post-thumbnail","6":"product_brand-helly-hansen-fr","7":"product_cat-vetements","8":"product_cat-vetements-de-loisirs","9":"product_cat-vetements-pour-hommes","10":"sws-gruppo-abb-libero-fr","11":"sws-conto-ricavi-merci-rivendita-abbigliamento-fr","12":"sws-gruppo-iva-iva81-fr","14":"first","15":"instock","16":"shipping-taxable","17":"purchasable","18":"product-type-variable","19":"has-default-attributes"},"_links":{"self":[{"href":"https:\/\/lucacastelli.com\/fr\/wp-json\/wp\/v2\/product\/627727","targetHints":{"allow":["GET"]}}],"collection":[{"href":"https:\/\/lucacastelli.com\/fr\/wp-json\/wp\/v2\/product"}],"about":[{"href":"https:\/\/lucacastelli.com\/fr\/wp-json\/wp\/v2\/types\/product"}],"wp:featuredmedia":[{"embeddable":true,"href":"https:\/\/lucacastelli.com\/fr\/wp-json\/wp\/v2\/media\/626418"}],"wp:attachment":[{"href":"https:\/\/lucacastelli.com\/fr\/wp-json\/wp\/v2\/media?parent=627727"}],"wp:term":[{"taxonomy":"product_brand","embeddable":true,"href":"https:\/\/lucacastelli.com\/fr\/wp-json\/wp\/v2\/product_brand?post=627727"},{"taxonomy":"product_cat","embeddable":true,"href":"https:\/\/lucacastelli.com\/fr\/wp-json\/wp\/v2\/product_cat?post=627727"},{"taxonomy":"product_tag","embeddable":true,"href":"https:\/\/lucacastelli.com\/fr\/wp-json\/wp\/v2\/product_tag?post=627727"}],"curies":[{"name":"wp","href":"https:\/\/api.w.org\/{rel}","templated":true}]}}