{"id":627529,"date":"2025-08-27T17:20:27","date_gmt":"2025-08-27T15:20:27","guid":{"rendered":"https:\/\/lucacastelli.com\/prodotto\/veste-isolante-helly-hansen-sirdal\/"},"modified":"2026-04-01T01:51:29","modified_gmt":"2026-03-31T23:51:29","slug":"veste-isolante-helly-hansen-sirdal","status":"publish","type":"product","link":"https:\/\/lucacastelli.com\/fr\/produit\/veste-isolante-helly-hansen-sirdal\/","title":{"rendered":"VESTE ISOLANTE HELLY HANSEN SIRDAL"},"content":{"rendered":"<div class=\"productDetailsSection_productDescriptionSection__FDg0y\">\n<div class=\"productDescription_productDescription__sJIE6\" data-mt-type=\"product-description\">\n<div class=\"richtext_wrapper__Apw4P productDescription_productDescriptionContent__0A3VB\">\n<div class=\"productDetailsSection_productDescriptionSection__FDg0y\">\n<div class=\"productDescription_productDescription__sJIE6\" data-mt-type=\"product-description\">\n<div class=\"richtext_wrapper__Apw4P productDescription_productDescriptionContent__0A3VB\">La veste Sirdal Insulated Jacket pour homme est l\u00e9g\u00e8re avec une coupe confortable pour une plus grande libert\u00e9 de mouvement dans la nature en conditions variables. La veste offre un rapport chaleur-poids tr\u00e8s performant gr\u00e2ce \u00e0 l&#8217;isolation ECOLoft\u2122 Air SR. Contrairement aux doudounes traditionnelles, cette isolation synth\u00e9tique reste isolante et \u00e9vite la formation de grumeaux lorsqu&#8217;elle est mouill\u00e9e. Le tissu ext\u00e9rieur ripstop est con\u00e7u pour durer longtemps.  <\/div>\n<\/div>\n<\/div>\n<div class=\"productCollapseSection_productCollapseSection__6fb5x\">\n<div class=\"productCollapseSection_productCollapseSectionTitle__1Vh_4\">\n<h2 class=\"heading_default__uXoxn heading_style--h3__iT44T\">D\u00e9tails<\/h2>\n<\/div>\n<div class=\"productCollapseSection_productCollapseSectionContent__VJCb7\">\n<div class=\"productDetails_productDetails__g_C4N\">\n<p>Composition des fibres :<\/p>\n<div class=\"richtext_wrapper__Apw4P blocks_root__vE_15\">Ext\u00e9rieur : 100 % polyamide. Doublure : 100 % polyamide. Isolation : 60 % polyester, 40 % polyester (recycl\u00e9)  <\/div>\n<p>Instructions d&#8217;entretien :<\/p>\n<div class=\"richtext_wrapper__Apw4P blocks_root__vE_15\">Fermez les zips avant le lavage. Ne pas utiliser d&#8217;adoucissant. Les couleurs vives peuvent l\u00e9g\u00e8rement d\u00e9teindre. S\u00e9cher au s\u00e8che-linge jusqu&#8217;\u00e0 ce que le v\u00eatement soit compl\u00e8tement sec. S\u00e9cher au s\u00e8che-linge avec des balles de s\u00e9chage. Laver les articles fonc\u00e9s s\u00e9par\u00e9ment.   <\/div>\n<div class=\"productDetails_productDetailsCols__K1qqI\"><\/div>\n<\/div>\n<\/div>\n<\/div>\n<div class=\"productCollapseSection_productCollapseSection__6fb5x productFeatures_root__BqPE9 productFeatures_twoColumnsList__vArq2\">\n<div class=\"productCollapseSection_productCollapseSectionTitle__1Vh_4\">\n<h2 class=\"heading_default__uXoxn heading_style--h3__iT44T\">Fonctionnalit\u00e9s<\/h2>\n<\/div>\n<div class=\"productCollapseSection_productCollapseSectionContent__VJCb7\">\n<ul>\n<li>Fermeture \u00e0 glissi\u00e8re YKK<\/li>\n<li>DWR sans PFC<\/li>\n<li>Deux poches avant pour les mains<\/li>\n<li>Fermeture \u00e0 glissi\u00e8re YKK<\/li>\n<li>Tissu ripstop en nylon 30D r\u00e9sistant au duvet<\/li>\n<li>2 poches int\u00e9rieures extensibles<\/li>\n<li>Isolation Ecoloft Air Sr recycl\u00e9, 550Fp<\/li>\n<li>Logo HH\u00ae imprim\u00e9<\/li>\n<li>Cordon de serrage r\u00e9glable \u00e0 l&#8217;ourlet<\/li>\n<li>produit bluesign<\/li>\n<li>Sans PFC<\/li>\n<\/ul>\n<\/div>\n<\/div>\n<\/div>\n<\/div>\n<\/div>\n","protected":false},"excerpt":{"rendered":"<p>La veste Sirdal Insulated Jacket pour homme est l\u00e9g\u00e8re avec une coupe confortable pour une plus grande libert\u00e9 de mouvement<\/p>\n","protected":false},"featured_media":626446,"template":"","meta":{"_seopress_robots_primary_cat":"none","_seopress_titles_title":"","_seopress_titles_desc":"","_seopress_robots_index":""},"product_brand":[3646],"product_cat":[81,981,982],"product_tag":[],"class_list":{"0":"post-627529","1":"product","2":"type-product","3":"status-publish","4":"has-post-thumbnail","6":"product_brand-helly-hansen-fr","7":"product_cat-vetements","8":"product_cat-vetements-de-loisirs","9":"product_cat-vetements-pour-hommes","10":"sws-gruppo-abb-libero-fr","11":"sws-conto-ricavi-merci-rivendita-abbigliamento-fr","12":"sws-gruppo-iva-iva81-fr","14":"first","15":"instock","16":"shipping-taxable","17":"purchasable","18":"product-type-variable","19":"has-default-attributes"},"_links":{"self":[{"href":"https:\/\/lucacastelli.com\/fr\/wp-json\/wp\/v2\/product\/627529","targetHints":{"allow":["GET"]}}],"collection":[{"href":"https:\/\/lucacastelli.com\/fr\/wp-json\/wp\/v2\/product"}],"about":[{"href":"https:\/\/lucacastelli.com\/fr\/wp-json\/wp\/v2\/types\/product"}],"wp:featuredmedia":[{"embeddable":true,"href":"https:\/\/lucacastelli.com\/fr\/wp-json\/wp\/v2\/media\/626446"}],"wp:attachment":[{"href":"https:\/\/lucacastelli.com\/fr\/wp-json\/wp\/v2\/media?parent=627529"}],"wp:term":[{"taxonomy":"product_brand","embeddable":true,"href":"https:\/\/lucacastelli.com\/fr\/wp-json\/wp\/v2\/product_brand?post=627529"},{"taxonomy":"product_cat","embeddable":true,"href":"https:\/\/lucacastelli.com\/fr\/wp-json\/wp\/v2\/product_cat?post=627529"},{"taxonomy":"product_tag","embeddable":true,"href":"https:\/\/lucacastelli.com\/fr\/wp-json\/wp\/v2\/product_tag?post=627529"}],"curies":[{"name":"wp","href":"https:\/\/api.w.org\/{rel}","templated":true}]}}