{"id":627511,"date":"2025-08-28T09:18:12","date_gmt":"2025-08-28T07:18:12","guid":{"rendered":"https:\/\/lucacastelli.com\/prodotto\/helly-hansen-panorama-fleece-block-jacket\/"},"modified":"2026-03-02T15:12:20","modified_gmt":"2026-03-02T14:12:20","slug":"helly-hansen-panorama-fleece-block-jacket","status":"publish","type":"product","link":"https:\/\/lucacastelli.com\/fr\/produit\/helly-hansen-panorama-fleece-block-jacket\/","title":{"rendered":"HELLY HANSEN PANORAMA FLEECE BLOCK JACKET"},"content":{"rendered":"<div class=\"productDetailsSection_productDescriptionSection__FDg0y\">\n<div class=\"productDescription_productDescription__sJIE6\" data-mt-type=\"product-description\">\n<div class=\"richtext_wrapper__Apw4P productDescription_productDescriptionContent__0A3VB\">Cette veste polaire chaude au style classique offre un surplus de chaleur quand vous en avez besoin. Sa polyvalence vous permet de la porter comme couche interm\u00e9diaire en hiver ou comme veste \u00e0 la mi-saison. En r\u00e9sum\u00e9 : c\u2019est l\u2019un de nos essentiels. Ce produit contient des mat\u00e9riaux recycl\u00e9s. Voir la composition pour plus de d\u00e9tails.    <\/div>\n<\/div>\n<\/div>\n<div class=\"productCollapseSection_productCollapseSection__6fb5x\">\n<div class=\"productCollapseSection_productCollapseSectionTitle__1Vh_4\">\n<h2 class=\"heading_default__uXoxn heading_style--h3__iT44T\">D\u00e9tails<\/h2>\n<\/div>\n<div class=\"productCollapseSection_productCollapseSectionContent__VJCb7\">\n<div class=\"productDetails_productDetails__g_C4N\">\n<p>Composition des fibres :<\/p>\n<div class=\"richtext_wrapper__Apw4P blocks_root__vE_15\">Ext\u00e9rieur : 100 % polyester (recycl\u00e9). Ext\u00e9rieur 2 : 100 % polyester.  Doublure : 100 % polyester<\/div>\n<p>Instructions d&#8217;entretien :<\/p>\n<div class=\"richtext_wrapper__Apw4P blocks_root__vE_15\">Fermez les fermetures \u00e9clair avant le lavage. Laver avec des couleurs similaires.<\/div>\n<div class=\"productDetails_productDetailsCols__K1qqI\">\n<div class=\"productDetails_productDetailsRow__bHp5_\">\n<div class=\"blocks_mobileInlineWrapper__N_Soc\">Poids:730g<\/div>\n<\/div>\n<\/div>\n<\/div>\n<\/div>\n<\/div>\n<div class=\"productCollapseSection_productCollapseSection__6fb5x productFeatures_root__BqPE9\">\n<div class=\"productCollapseSection_productCollapseSectionTitle__1Vh_4\">\n<h2 class=\"heading_default__uXoxn heading_style--h3__iT44T\">Fonctionnalit\u00e9s<\/h2>\n<\/div>\n<div class=\"productCollapseSection_productCollapseSectionContent__VJCb7\">\n<ul>\n<li>YKK VISLON\u00ae<\/li>\n<li>Poche de poitrine zipp\u00e9e YKK<\/li>\n<li>Poches repose-mains avec zips YKK\u00ae<\/li>\n<li>Col haut pour un meilleur confort<\/li>\n<li>Prot\u00e8ge-menton anti-frottement<\/li>\n<li>Contenu recycl\u00e9<\/li>\n<\/ul>\n<\/div>\n<\/div>\n","protected":false},"excerpt":{"rendered":"<p>Cette veste polaire chaude au style classique offre un surplus de chaleur quand vous en avez besoin. Sa polyvalence vous<\/p>\n","protected":false},"featured_media":626468,"template":"","meta":{"_seopress_robots_primary_cat":"none","_seopress_titles_title":"","_seopress_titles_desc":"","_seopress_robots_index":""},"product_brand":[3646],"product_cat":[81,981,982],"product_tag":[],"class_list":{"0":"post-627511","1":"product","2":"type-product","3":"status-publish","4":"has-post-thumbnail","6":"product_brand-helly-hansen-fr","7":"product_cat-vetements","8":"product_cat-vetements-de-loisirs","9":"product_cat-vetements-pour-hommes","10":"sws-gruppo-abb-libero-fr","11":"sws-conto-ricavi-merci-rivendita-abbigliamento-fr","12":"sws-gruppo-iva-iva81-fr","14":"first","15":"outofstock","16":"shipping-taxable","17":"purchasable","18":"product-type-variable","19":"has-default-attributes"},"_links":{"self":[{"href":"https:\/\/lucacastelli.com\/fr\/wp-json\/wp\/v2\/product\/627511","targetHints":{"allow":["GET"]}}],"collection":[{"href":"https:\/\/lucacastelli.com\/fr\/wp-json\/wp\/v2\/product"}],"about":[{"href":"https:\/\/lucacastelli.com\/fr\/wp-json\/wp\/v2\/types\/product"}],"wp:featuredmedia":[{"embeddable":true,"href":"https:\/\/lucacastelli.com\/fr\/wp-json\/wp\/v2\/media\/626468"}],"wp:attachment":[{"href":"https:\/\/lucacastelli.com\/fr\/wp-json\/wp\/v2\/media?parent=627511"}],"wp:term":[{"taxonomy":"product_brand","embeddable":true,"href":"https:\/\/lucacastelli.com\/fr\/wp-json\/wp\/v2\/product_brand?post=627511"},{"taxonomy":"product_cat","embeddable":true,"href":"https:\/\/lucacastelli.com\/fr\/wp-json\/wp\/v2\/product_cat?post=627511"},{"taxonomy":"product_tag","embeddable":true,"href":"https:\/\/lucacastelli.com\/fr\/wp-json\/wp\/v2\/product_tag?post=627511"}],"curies":[{"name":"wp","href":"https:\/\/api.w.org\/{rel}","templated":true}]}}