{"id":627502,"date":"2025-08-27T15:56:26","date_gmt":"2025-08-27T13:56:26","guid":{"rendered":"https:\/\/lucacastelli.com\/prodotto\/veste-de-pluie-helly-hansen-ervik-ins\/"},"modified":"2026-03-02T15:14:10","modified_gmt":"2026-03-02T14:14:10","slug":"veste-de-pluie-helly-hansen-ervik-ins","status":"publish","type":"product","link":"https:\/\/lucacastelli.com\/fr\/produit\/veste-de-pluie-helly-hansen-ervik-ins\/","title":{"rendered":"VESTE DE PLUIE HELLY HANSEN ERVIK INS"},"content":{"rendered":"<div class=\"productDetailsSection_productDescriptionSection__FDg0y\">\n<div class=\"productDescription_productDescription__sJIE6\" data-mt-type=\"product-description\">\n<div class=\"richtext_wrapper__Apw4P productDescription_productDescriptionContent__0A3VB\">Ervik est une veste technique au style d\u00e9contract\u00e9. Cette veste coupe-vent et imperm\u00e9able int\u00e8gre la technologie HELLY TECH\u00ae Protection, qui garantit une protection contre la pluie, la neige et le vent. Le rembourrage Primaloft\u00ae BLACK Eco de 60 g assure une isolation optimale avec un excellent rapport poids-chaleur par rapport aux autres mat\u00e9riaux isolants en duvet ou synth\u00e9tiques.   Ce produit est certifi\u00e9 bluesign\u00ae.<\/div>\n<\/div>\n<\/div>\n<div class=\"productCollapseSection_productCollapseSection__6fb5x\">\n<div class=\"productCollapseSection_productCollapseSectionTitle__1Vh_4\">\n<h2 class=\"heading_default__uXoxn heading_style--h3__iT44T\">D\u00e9tails<\/h2>\n<\/div>\n<div class=\"productCollapseSection_productCollapseSectionContent__VJCb7\">\n<div class=\"productDetails_productDetails__g_C4N\">\n<p>Composition des fibres :<\/p>\n<div class=\"richtext_wrapper__Apw4P blocks_root__vE_15\">Ext\u00e9rieur : 100 % polyester. Doublure : 100 % polyester (recycl\u00e9). Rembourrage : 100 % polyester (recycl\u00e9)  <\/div>\n<p>Instructions d&#8217;entretien :<\/p>\n<div class=\"richtext_wrapper__Apw4P blocks_root__vE_15\">Fermez les fermetures \u00e9clair avant le lavage. Ne pas utiliser d&#8217;assouplissant. S\u00e9cher au s\u00e8che-linge jusqu&#8217;\u00e0 s\u00e9chage complet. Laver avec des couleurs similaires. Ne pas repasser sur l&#8217;impression. Utiliser un d\u00e9tergent pour v\u00eatements techniques.   <\/div>\n<div class=\"productDetails_productDetailsCols__K1qqI\">\n<div class=\"productDetails_productDetailsRow__bHp5_\">\n<div class=\"blocks_mobileInlineWrapper__N_Soc\">Poids:560g<\/div>\n<\/div>\n<\/div>\n<\/div>\n<\/div>\n<\/div>\n<div class=\"productCollapseSection_productCollapseSection__6fb5x productFeatures_root__BqPE9 productFeatures_twoColumnsList__vArq2\">\n<div class=\"productCollapseSection_productCollapseSectionTitle__1Vh_4\">\n<h2 class=\"heading_default__uXoxn heading_style--h3__iT44T\">Fonctionnalit\u00e9s<\/h2>\n<\/div>\n<div class=\"productCollapseSection_productCollapseSectionContent__VJCb7\">\n<ul>\n<li>PROTECTION HELLY TECH<\/li>\n<li>Primaloft\u00ae Black Eco<\/li>\n<li>YKK VISLON\u00ae<\/li>\n<li>Capuche r\u00e9glable<\/li>\n<li>Ourlet \u00e9lastique<\/li>\n<li>Impression graphique<\/li>\n<li>Logo HH\u00ae imprim\u00e9<\/li>\n<li>Poches zipp\u00e9es YKK\u00ae pour les mains<\/li>\n<li>Coutures enti\u00e8rement thermosoud\u00e9es<\/li>\n<li>Logo HH\u00ae imprim\u00e9 sur la manche<\/li>\n<li>Capuche r\u00e9glable avec cordon de serrage int\u00e9rieur<\/li>\n<li>Construction \u00e0 deux couches<\/li>\n<li>Tissu Ripstop<\/li>\n<li>REMBOURRAGE &#8211; Primaloft\u00ae Black Eco 60 g<\/li>\n<li>Fermeture \u00e0 glissi\u00e8re YKK<\/li>\n<li>Poignets \u00e9lastiques<\/li>\n<li>Sans PFC<\/li>\n<\/ul>\n<\/div>\n<\/div>\n","protected":false},"excerpt":{"rendered":"<p>Ervik est une veste technique au style d\u00e9contract\u00e9. Cette veste coupe-vent et imperm\u00e9able int\u00e8gre la technologie HELLY TECH\u00ae Protection, qui<\/p>\n","protected":false},"featured_media":626431,"template":"","meta":{"_seopress_robots_primary_cat":"none","_seopress_titles_title":"","_seopress_titles_desc":"","_seopress_robots_index":""},"product_brand":[3646],"product_cat":[81,981,982],"product_tag":[],"class_list":{"0":"post-627502","1":"product","2":"type-product","3":"status-publish","4":"has-post-thumbnail","6":"product_brand-helly-hansen-fr","7":"product_cat-vetements","8":"product_cat-vetements-de-loisirs","9":"product_cat-vetements-pour-hommes","10":"sws-gruppo-abb-libero-fr","11":"sws-conto-ricavi-merci-rivendita-abbigliamento-fr","12":"sws-gruppo-iva-iva81-fr","14":"first","15":"instock","16":"sale","17":"shipping-taxable","18":"purchasable","19":"product-type-variable","20":"has-default-attributes"},"_links":{"self":[{"href":"https:\/\/lucacastelli.com\/fr\/wp-json\/wp\/v2\/product\/627502","targetHints":{"allow":["GET"]}}],"collection":[{"href":"https:\/\/lucacastelli.com\/fr\/wp-json\/wp\/v2\/product"}],"about":[{"href":"https:\/\/lucacastelli.com\/fr\/wp-json\/wp\/v2\/types\/product"}],"wp:featuredmedia":[{"embeddable":true,"href":"https:\/\/lucacastelli.com\/fr\/wp-json\/wp\/v2\/media\/626431"}],"wp:attachment":[{"href":"https:\/\/lucacastelli.com\/fr\/wp-json\/wp\/v2\/media?parent=627502"}],"wp:term":[{"taxonomy":"product_brand","embeddable":true,"href":"https:\/\/lucacastelli.com\/fr\/wp-json\/wp\/v2\/product_brand?post=627502"},{"taxonomy":"product_cat","embeddable":true,"href":"https:\/\/lucacastelli.com\/fr\/wp-json\/wp\/v2\/product_cat?post=627502"},{"taxonomy":"product_tag","embeddable":true,"href":"https:\/\/lucacastelli.com\/fr\/wp-json\/wp\/v2\/product_tag?post=627502"}],"curies":[{"name":"wp","href":"https:\/\/api.w.org\/{rel}","templated":true}]}}