{"id":627467,"date":"2025-08-28T09:47:57","date_gmt":"2025-08-28T07:47:57","guid":{"rendered":"https:\/\/lucacastelli.com\/prodotto\/veste-polaire-helly-hansen-versalite\/"},"modified":"2026-04-01T01:51:27","modified_gmt":"2026-03-31T23:51:27","slug":"veste-polaire-helly-hansen-versalite","status":"publish","type":"product","link":"https:\/\/lucacastelli.com\/fr\/produit\/veste-polaire-helly-hansen-versalite\/","title":{"rendered":"VESTE POLAIRE HELLY HANSEN VERSALITE"},"content":{"rendered":"<div class=\"productDetailsSection_productDescriptionSection__FDg0y\">\n<div class=\"productDescription_productDescription__sJIE6\" data-mt-type=\"product-description\">\n<div class=\"richtext_wrapper__Apw4P productDescription_productDescriptionContent__0A3VB\">Notre veste polaire Versalite Fleece Jacket pour homme est con\u00e7ue pour la randonn\u00e9e, le ski ou simplement un usage quotidien en ext\u00e9rieur. Fabriqu\u00e9e en tissu polaire \u00e0 motif grille qui lui conf\u00e8re des propri\u00e9t\u00e9s sp\u00e9ciales, cette veste homme offre polyvalence et performances sup\u00e9rieures en termes de respirabilit\u00e9 et d&#8217;absorption de l&#8217;humidit\u00e9. Sa coupe ajust\u00e9e assure un ajustement optimal et confortable, tandis que ses propri\u00e9t\u00e9s de s\u00e9chage rapide et ses poches pour les mains la rendent plus pratique. Cette veste technique et compressible vous permet de rester au chaud et bien \u00e9quip\u00e9 lors de vos aventures en plein air.   <\/div>\n<div><\/div>\n<\/div>\n<\/div>\n<div class=\"productCollapseSection_productCollapseSection__6fb5x\">\n<div class=\"productCollapseSection_productCollapseSectionTitle__1Vh_4\">\n<h2 class=\"heading_default__uXoxn heading_style--h3__iT44T\">D\u00e9tails<\/h2>\n<\/div>\n<div class=\"productCollapseSection_productCollapseSectionContent__VJCb7\">\n<div class=\"productDetails_productDetails__g_C4N\">Composition : &#8211; Ext\u00e9rieur : 94 % polyester (recycl\u00e9), 6 % \u00e9lasthanne<br \/>\nInstructions d\u2019entretien : fermer les fermetures \u00e9clair avant le lavage. Ne pas tremper. Ne pas utiliser d&#8217;assouplissant.<\/p>\n<div class=\"productDetails_productDetailsCols__K1qqI\">\n<div class=\"productDetails_productDetailsRow__bHp5_\">\n<div class=\"blocks_mobileInlineWrapper__N_Soc\">Poids : 375g<\/div>\n<\/div>\n<\/div>\n<\/div>\n<\/div>\n<\/div>\n<div class=\"productCollapseSection_productCollapseSection__6fb5x productFeatures_root__BqPE9 productFeatures_twoColumnsList__vArq2\">\n<div class=\"productCollapseSection_productCollapseSectionTitle__1Vh_4\">\n<h2 class=\"heading_default__uXoxn heading_style--h3__iT44T\">Fonctionnalit\u00e9s<\/h2>\n<\/div>\n<div class=\"productCollapseSection_productCollapseSectionContent__VJCb7\">\n<ul>\n<li>Poches pour les mains avec fermeture \u00e9clair YKK\u00ae<\/li>\n<li>Logo Helly Hansen (HH) en relief<\/li>\n<li>Sans couture lat\u00e9rale pour plus de confort<\/li>\n<li>Prot\u00e8ge-menton anti-frottement<\/li>\n<li>Col montant pour plus de confort<\/li>\n<li>Polaire \u00e0 motif grille<\/li>\n<li>Fermeture \u00e0 glissi\u00e8re YKK<\/li>\n<li>produit bluesign<\/li>\n<li>Mat\u00e9riau recycl\u00e9<\/li>\n<\/ul>\n<\/div>\n<\/div>\n","protected":false},"excerpt":{"rendered":"<p>Notre veste polaire Versalite Fleece Jacket pour homme est con\u00e7ue pour la randonn\u00e9e, le ski ou simplement un usage quotidien<\/p>\n","protected":false},"featured_media":626535,"template":"","meta":{"_seopress_robots_primary_cat":"none","_seopress_titles_title":"","_seopress_titles_desc":"","_seopress_robots_index":""},"product_brand":[3646],"product_cat":[81,981,982],"product_tag":[],"class_list":{"0":"post-627467","1":"product","2":"type-product","3":"status-publish","4":"has-post-thumbnail","6":"product_brand-helly-hansen-fr","7":"product_cat-vetements","8":"product_cat-vetements-de-loisirs","9":"product_cat-vetements-pour-hommes","10":"sws-gruppo-abb-libero-fr","11":"sws-conto-ricavi-merci-rivendita-abbigliamento-fr","12":"sws-gruppo-iva-iva81-fr","14":"first","15":"instock","16":"shipping-taxable","17":"purchasable","18":"product-type-variable","19":"has-default-attributes"},"_links":{"self":[{"href":"https:\/\/lucacastelli.com\/fr\/wp-json\/wp\/v2\/product\/627467","targetHints":{"allow":["GET"]}}],"collection":[{"href":"https:\/\/lucacastelli.com\/fr\/wp-json\/wp\/v2\/product"}],"about":[{"href":"https:\/\/lucacastelli.com\/fr\/wp-json\/wp\/v2\/types\/product"}],"wp:featuredmedia":[{"embeddable":true,"href":"https:\/\/lucacastelli.com\/fr\/wp-json\/wp\/v2\/media\/626535"}],"wp:attachment":[{"href":"https:\/\/lucacastelli.com\/fr\/wp-json\/wp\/v2\/media?parent=627467"}],"wp:term":[{"taxonomy":"product_brand","embeddable":true,"href":"https:\/\/lucacastelli.com\/fr\/wp-json\/wp\/v2\/product_brand?post=627467"},{"taxonomy":"product_cat","embeddable":true,"href":"https:\/\/lucacastelli.com\/fr\/wp-json\/wp\/v2\/product_cat?post=627467"},{"taxonomy":"product_tag","embeddable":true,"href":"https:\/\/lucacastelli.com\/fr\/wp-json\/wp\/v2\/product_tag?post=627467"}],"curies":[{"name":"wp","href":"https:\/\/api.w.org\/{rel}","templated":true}]}}